{"id":25970,"date":"2024-03-16T13:29:41","date_gmt":"2024-03-16T11:29:41","guid":{"rendered":"https:\/\/www.ppcenergy.ro\/uzleti-ugyfelek\/servicii-pentru-afacere\/echipamente-industriale\/"},"modified":"2025-09-03T15:09:22","modified_gmt":"2025-09-03T12:09:22","slug":"ipari-berendezesek","status":"publish","type":"page","link":"https:\/\/www.ppcenergy.ro\/hu\/uzleti-ugyfelek\/uzleti-szolgaltatasok\/ipari-berendezesek\/","title":{"rendered":"Ipari berendez\u00e9sek"},"content":{"rendered":"<section id=\"\" class=\"block-top-product \">\n    <div class='top-product'>\n                <div class=\"full-slide  gradientproduct  articles left slider-type-gradinetimage\">\n                                        <div\n                    class='gradient desktop bottomleft neongreen  seven_per_row'>\n                    <div class='line line1'><\/div>\n                    <div class='line line2'><\/div>\n                    <div class='line line3'><\/div>\n                    <div class='line line4'><\/div>\n                                            <div class='line line5'><\/div>\n                        <div class='line line6'><\/div>\n                        <div class='line line7'><\/div>\n                                                        <\/div>\n                                                            <div class=\"product-image bottomleft neongreen\">\n                        <img loading=\"lazy\" decoding=\"async\" width=\"1024\" height=\"683\" src=\"https:\/\/www.ppcenergy.ro\/wp-content\/uploads\/servicii-afacere-produs.webp?w=1024\" class=\"attachment-gradientproduct size-gradientproduct\" alt=\"\" srcset=\"https:\/\/www.ppcenergy.ro\/wp-content\/uploads\/servicii-afacere-produs.webp 8660w, https:\/\/www.ppcenergy.ro\/wp-content\/uploads\/servicii-afacere-produs.webp?resize=300,200 300w, https:\/\/www.ppcenergy.ro\/wp-content\/uploads\/servicii-afacere-produs.webp?resize=768,512 768w, https:\/\/www.ppcenergy.ro\/wp-content\/uploads\/servicii-afacere-produs.webp?resize=1024,683 1024w, https:\/\/www.ppcenergy.ro\/wp-content\/uploads\/servicii-afacere-produs.webp?resize=1536,1024 1536w, https:\/\/www.ppcenergy.ro\/wp-content\/uploads\/servicii-afacere-produs.webp?resize=2048,1365 2048w, https:\/\/www.ppcenergy.ro\/wp-content\/uploads\/servicii-afacere-produs.webp?resize=75,50 75w\" sizes=\"auto, (max-width: 1024px) 100vw, 1024px\" \/>                    <\/div>\n                \n                                        <div class=\"product-textbox  text-color-black\">\n                                            <div\n                            class='gradient mobile bottomleft neongreen  seven_per_row'>\n                            <div class='line line1'><\/div>\n                            <div class='line line2'><\/div>\n                            <div class='line line3'><\/div>\n                            <div class='line line4'><\/div>\n                                                            <div class='line line5'><\/div>\n                                <div class='line line6'><\/div>\n                                <div class='line line7'><\/div>\n                                                                                <\/div>\n                    \n                                            <div class=\"logo-title\">\n                                                            <div class=\"product-slider-logo\">\n                                    <img loading=\"lazy\" decoding=\"async\" width=\"2000\" height=\"50\" src=\"https:\/\/www.ppcenergy.ro\/wp-content\/uploads\/logo.svg?w=2000\" class=\"attachment-product-slider-logo size-product-slider-logo\" alt=\"\" \/>                                <\/div>\n                                                                                        <div>\n                                    <p>\u00dczleti szolg\u00e1ltat\u00e1sok<\/p>\n                                <\/div>\n                                                    <\/div>\n                                                                                    <h2 class=\"title\">\n                        Ipari berendez\u00e9sek az energiahat\u00e9konys\u00e1g \u00e9rdek\u00e9ben                        <\/h2>\n                                                                                    <div class=\"text\">\n                            <p><p>B\u00edzzon szak\u00e9rtelm\u00fcnkben \u00e9s megold\u00e1sainkban az energiatermel\u0151, -eloszt\u00f3 \u00e9s -szab\u00e1lyoz\u00f3 berendez\u00e9sekkel kapcsolatban, hogy felgyors\u00edtsa \u00fczleti siker\u00e9t.<\/p>\n<\/p>\n                        <\/div>\n                                                                                \n                                                        <\/div>\n                    <\/div>\n    <\/div>\n<\/section>\n\n<section id=\"\" class=\"block-breadcrumbs\">\n    <ul id=\"breadcrumbs\" itemprop=\"breadcrumb\" class=\"breadcrumbs\"><li><a rel=\"home\" href=\"https:\/\/www.ppcenergy.ro\/hu\/\"><span class=\"logo-breadcrumbs\"><\/span><\/a><\/li><\/ul><\/section>\n\n\n<div style=\"height:32px\" aria-hidden=\"true\" class=\"wp-block-spacer\"><\/div>\n\n\n\n<div class=\"wp-block-columns is-layout-flex wp-container-core-columns-is-layout-28f84493 wp-block-columns-is-layout-flex\">\n<div class=\"wp-block-column is-layout-flow wp-block-column-is-layout-flow\" style=\"flex-basis:66.66%\">\n<h1 class=\"wp-block-heading\" id=\"h-ipari-berendezesek-az-energiahatekonysag-erdekeben\">Ipari berendez\u00e9sek az energiahat\u00e9konys\u00e1g \u00e9rdek\u00e9ben<\/h1>\n\n\n\n<p>Haszn\u00e1lja ki a megb\u00edzhat\u00f3 technol\u00f3gi\u00e1k, p\u00e9ld\u00e1ul a sz\u00fcnetmentes t\u00e1pegys\u00e9gek (UPS), a teljes\u00edtm\u00e9nyt\u00e9nyez\u0151-korrekci\u00f3s rendszerek (PFC) \u00e9s az \u00e1ramfejleszt\u0151k \u00e1ltal ny\u00fajtott lehet\u0151s\u00e9geket. Biztos\u00edtsa mag\u00e1t az \u00e1ramkimarad\u00e1s kock\u00e1zata ellen az\u00e1ltal, hogy a PPC ipari berendez\u00e9seit be\u00e9p\u00edti v\u00e1llalata \u00e1ramell\u00e1t\u00e1si infrastrukt\u00far\u00e1j\u00e1ba.<\/p>\n\n\n    <section id=\"\" class=\"block-benefits aside-title-block\">\n                    <h3 class=\"title-aside\">F\u0151 el\u0151ny\u00f6k:<\/h3>\n                            <div class=\"list-aside benefits-list\">\n                                    <div class=\"benefit\">\n                                                    <div class=\"title-benefit\">Elektromos biztons\u00e1g \u00e9s rugalmass\u00e1g<\/div>\n                                                                            <div class=\"text-benefit\">Korl\u00e1tozza a vesztes\u00e9geket elektromos meghib\u00e1sod\u00e1s eset\u00e9n, \u00e9s tartson mindent biztons\u00e1gban.<\/div>\n                                            <\/div>\n                                    <div class=\"benefit\">\n                                                    <div class=\"title-benefit\">Folyamatos \u00e1ramell\u00e1t\u00e1s<\/div>\n                                                                            <div class=\"text-benefit\">Az energiafogyaszt\u00e1s\u00e1nak \u00e9s az elektromos h\u00e1l\u00f3zat meghib\u00e1sod\u00e1s\u00e1val kapcsolatos kock\u00e1zatoknak megfelel\u0151 konfigur\u00e1ci\u00f3val rendelkezik.<\/div>\n                                            <\/div>\n                                    <div class=\"benefit\">\n                                                    <div class=\"title-benefit\">A berendez\u00e9sek \u00e1ramell\u00e1t\u00e1s\u00e1nak v\u00e9delme<\/div>\n                                                                            <div class=\"text-benefit\">V\u00e1llalkoz\u00e1sa v\u00e9dve van el\u0151re nem l\u00e1that\u00f3 esem\u00e9nyek eset\u00e9n.<\/div>\n                                            <\/div>\n                                    <div class=\"benefit\">\n                                                    <div class=\"title-benefit\">Nincsenek \u00e1ramkimarad\u00e1sok miatti k\u00f6lts\u00e9gek<\/div>\n                                                                            <div class=\"text-benefit\">A PPC ipari berendez\u00e9seivel elker\u00fclhet\u0151k a fesz\u00fclts\u00e9g alatt \u00e1ll\u00f3 k\u00e9sz\u00fcl\u00e9kek jav\u00edt\u00e1s\u00e1val j\u00e1r\u00f3 k\u00f6lts\u00e9gek.<\/div>\n                                            <\/div>\n                            <\/div>\n            <\/section>\n<\/div>\n\n\n\n<div class=\"wp-block-column is-layout-flow wp-block-column-is-layout-flow\" style=\"flex-basis:33.33%\"><\/div>\n<\/div>\n\n\n    <section id=\"\" class=\"block-carousel background-color- is-style-without\">\n        <div class=\"gradient gradient-global  \">\n            <div class='line line1' style=\"\"><\/div>\n            <div class='line line2' style=\"\"><\/div>\n            <div class='line line3' style=\"\"><\/div>\n            <div class='line line4' style=\"\"><\/div>\n            <div class='line line5' style=\"\"><\/div>\n            <div class='line line6' style=\"\"><\/div>\n            <div class='line line7' style=\"\"><\/div>\n            <div class='line line8' style=\"\"><\/div>\n            <div class='line line9' style=\"\"><\/div>\n            <div class='line line10' style=\"\"><\/div>\n            <div class='line line11' style=\"\"><\/div>\n        <\/div>\n        <div class=\"pull-wrapper\">\n            <div class=\"upper-slider container-pull\">\n                                    <h2 class=\"title\">\n                        A rendelkez\u00e9sre \u00e1ll\u00f3 ipari berendez\u00e9sek f\u0151bb t\u00edpusai:                    <\/h2>\n                                <\/div>\n                            <div class=\"text\">\n                    <p>A villamosenergia-szolg\u00e1ltat\u00f3 c\u00e9gek l\u00e9tes\u00edtm\u00e9nyei m\u0171szaki param\u00e9terekkel rendelkeznek, amelyek n\u00e9ha olyan elt\u00e9r\u00e9seket mutathatnak, amelyek k\u00e1rosak a k\u00e9sz\u00fcl\u00e9kek sz\u00e1m\u00e1ra. Eg\u00e9sz\u00edtse ki v\u00e1llalata energetikai infrastrukt\u00far\u00e1j\u00e1t nagy teljes\u00edtm\u00e9ny\u0171 ipari energetikai berendez\u00e9sekkel:<\/p>\n                <\/div>\n                    <\/div>\n        <div class='carousel-global pull-wrapper carousel-list'\n             data-slide-per-row=\"3\">\n                                 <div class=\"carousel-slide three_per_row\">\n                                                                <div class=\"text-carousel\">\n                                                            <h3 class=\"title\">\n                                    Sz\u00fcnetmentes t\u00e1pegys\u00e9gek (UPS)                                <\/h3>\n                                                                                        <div class=\"text\">\n                                    <p>A helyi \u00e1ramell\u00e1t\u00f3 h\u00e1l\u00f3zat \u00e9s a fogyaszt\u00f3k k\u00f6z\u00e9 csatlakoz\u00f3 berendez\u00e9s, amely a fogyaszt\u00f3k \u00e9s a tulajdon\u00e1ban l\u00e9v\u0151 k\u00e9sz\u00fcl\u00e9kek v\u00e9delm\u00e9t szolg\u00e1lja. M\u0171k\u00f6d\u00e9sbe l\u00e9pnek, hogy v\u00e9delmet ny\u00fajtsanak a fesz\u00fclts\u00e9gzavarok ellen.<\/p>\n                                <\/div>\n                                                    <\/div>\n                                                        <\/div>\n                        <\/div>\n            <\/section>\n","protected":false},"excerpt":{"rendered":"<p>Ipari berendez\u00e9sek az energiahat\u00e9konys\u00e1g \u00e9rdek\u00e9ben Haszn\u00e1lja ki a megb\u00edzhat\u00f3 technol\u00f3gi\u00e1k, p\u00e9ld\u00e1ul a sz\u00fcnetmentes t\u00e1pegys\u00e9gek (UPS), a teljes\u00edtm\u00e9nyt\u00e9nyez\u0151-korrekci\u00f3s rendszerek (PFC) \u00e9s az \u00e1ramfejleszt\u0151k \u00e1ltal ny\u00fajtott lehet\u0151s\u00e9geket. Biztos\u00edtsa mag\u00e1t az \u00e1ramkimarad\u00e1s kock\u00e1zata ellen az\u00e1ltal, hogy a PPC ipari berendez\u00e9seit be\u00e9p\u00edti v\u00e1llalata \u00e1ramell\u00e1t\u00e1si infrastrukt\u00far\u00e1j\u00e1ba.<\/p>\n","protected":false},"author":48,"featured_media":0,"parent":25962,"menu_order":0,"comment_status":"closed","ping_status":"closed","template":"","meta":{"_acf_changed":false,"footnotes":""},"class_list":["post-25970","page","type-page","status-publish","hentry"],"acf":[],"yoast_head":"<!-- This site is optimized with the Yoast SEO Premium plugin v21.8 (Yoast SEO v27.3) - https:\/\/yoast.com\/product\/yoast-seo-premium-wordpress\/ -->\n<title>Ipari berendez\u00e9sek: gener\u00e1torok, UPS, PFC - PPC<\/title>\n<meta name=\"description\" content=\"A PPC ipari berendez\u00e9sek - \u00e1ramfejleszt\u0151k, UPS \u00e9s PFC - k\u00edn\u00e1lat\u00e1val. K\u00e9szenl\u00e9ti \u00e1ramell\u00e1t\u00e1si terv az \u00fczletmenet folytonoss\u00e1g\u00e1\u00e9rt.\" \/>\n<meta name=\"robots\" content=\"index, follow, max-snippet:-1, max-image-preview:large, max-video-preview:-1\" \/>\n<link rel=\"canonical\" href=\"https:\/\/www.ppcenergy.ro\/hu\/uzleti-ugyfelek\/uzleti-szolgaltatasok\/ipari-berendezesek\/\" \/>\n<meta property=\"og:locale\" content=\"hu_HU\" \/>\n<meta property=\"og:type\" content=\"article\" \/>\n<meta property=\"og:title\" content=\"Echipamente industriale: generatoare, UPS, PFC\" \/>\n<meta property=\"og:description\" content=\"Cu gama de echipamente industriale de la PPC \u2013 grup electrogen, UPS si PFC. Plan de alimentare de rezerva pentru continuitatea afacerii.\" \/>\n<meta property=\"og:url\" content=\"https:\/\/www.ppcenergy.ro\/hu\/uzleti-ugyfelek\/uzleti-szolgaltatasok\/ipari-berendezesek\/\" \/>\n<meta property=\"og:site_name\" content=\"PPC\" \/>\n<meta property=\"article:publisher\" content=\"https:\/\/www.facebook.com\/ppcenergy\" \/>\n<meta property=\"article:modified_time\" content=\"2025-09-03T12:09:22+00:00\" \/>\n<meta name=\"twitter:card\" content=\"summary_large_image\" \/>\n<meta name=\"twitter:title\" content=\"Ipari berendez\u00e9sek\" \/>\n<meta name=\"twitter:site\" content=\"@PPCEnergyRo\" \/>\n<meta name=\"twitter:label1\" content=\"Est. reading time\" \/>\n\t<meta name=\"twitter:data1\" content=\"1 perc\" \/>\n<script type=\"application\/ld+json\" class=\"yoast-schema-graph\">{\"@context\":\"https:\\\/\\\/schema.org\",\"@graph\":[{\"@type\":\"WebPage\",\"@id\":\"https:\\\/\\\/www.ppcenergy.ro\\\/hu\\\/uzleti-ugyfelek\\\/uzleti-szolgaltatasok\\\/ipari-berendezesek\\\/\",\"url\":\"https:\\\/\\\/www.ppcenergy.ro\\\/hu\\\/uzleti-ugyfelek\\\/uzleti-szolgaltatasok\\\/ipari-berendezesek\\\/\",\"name\":\"Ipari berendez\u00e9sek: gener\u00e1torok, UPS, PFC - PPC\",\"isPartOf\":{\"@id\":\"https:\\\/\\\/www.ppcenergy.ro\\\/#website\"},\"datePublished\":\"2024-03-16T11:29:41+00:00\",\"dateModified\":\"2025-09-03T12:09:22+00:00\",\"description\":\"A PPC ipari berendez\u00e9sek - \u00e1ramfejleszt\u0151k, UPS \u00e9s PFC - k\u00edn\u00e1lat\u00e1val. K\u00e9szenl\u00e9ti \u00e1ramell\u00e1t\u00e1si terv az \u00fczletmenet folytonoss\u00e1g\u00e1\u00e9rt.\",\"breadcrumb\":{\"@id\":\"https:\\\/\\\/www.ppcenergy.ro\\\/hu\\\/uzleti-ugyfelek\\\/uzleti-szolgaltatasok\\\/ipari-berendezesek\\\/#breadcrumb\"},\"inLanguage\":\"hu\",\"potentialAction\":[{\"@type\":\"ReadAction\",\"target\":[\"https:\\\/\\\/www.ppcenergy.ro\\\/hu\\\/uzleti-ugyfelek\\\/uzleti-szolgaltatasok\\\/ipari-berendezesek\\\/\"]}]},{\"@type\":\"BreadcrumbList\",\"@id\":\"https:\\\/\\\/www.ppcenergy.ro\\\/hu\\\/uzleti-ugyfelek\\\/uzleti-szolgaltatasok\\\/ipari-berendezesek\\\/#breadcrumb\",\"itemListElement\":[{\"@type\":\"ListItem\",\"position\":1,\"name\":\"Home\",\"item\":\"https:\\\/\\\/www.ppcenergy.ro\\\/hu\\\/\"},{\"@type\":\"ListItem\",\"position\":2,\"name\":\"\u00dczleti \u00fcgyfelek\",\"item\":\"https:\\\/\\\/www.ppcenergy.ro\\\/hu\\\/uzleti-ugyfelek\\\/\"},{\"@type\":\"ListItem\",\"position\":3,\"name\":\"\u00dczleti szolg\u00e1ltat\u00e1sok\",\"item\":\"https:\\\/\\\/www.ppcenergy.ro\\\/hu\\\/uzleti-ugyfelek\\\/uzleti-szolgaltatasok\\\/\"},{\"@type\":\"ListItem\",\"position\":4,\"name\":\"Ipari berendez\u00e9sek\"}]},{\"@type\":\"WebSite\",\"@id\":\"https:\\\/\\\/www.ppcenergy.ro\\\/#website\",\"url\":\"https:\\\/\\\/www.ppcenergy.ro\\\/\",\"name\":\"PPC\",\"description\":\"Energy\",\"publisher\":{\"@id\":\"https:\\\/\\\/www.ppcenergy.ro\\\/#organization\"},\"potentialAction\":[{\"@type\":\"SearchAction\",\"target\":{\"@type\":\"EntryPoint\",\"urlTemplate\":\"https:\\\/\\\/www.ppcenergy.ro\\\/?s={search_term_string}\"},\"query-input\":{\"@type\":\"PropertyValueSpecification\",\"valueRequired\":true,\"valueName\":\"search_term_string\"}}],\"inLanguage\":\"hu\"},{\"@type\":\"Organization\",\"@id\":\"https:\\\/\\\/www.ppcenergy.ro\\\/#organization\",\"name\":\"PPC\",\"url\":\"https:\\\/\\\/www.ppcenergy.ro\\\/\",\"logo\":{\"@type\":\"ImageObject\",\"inLanguage\":\"hu\",\"@id\":\"https:\\\/\\\/www.ppcenergy.ro\\\/#\\\/schema\\\/logo\\\/image\\\/\",\"url\":\"https:\\\/\\\/www.ppcenergy.ro\\\/wp-content\\\/uploads\\\/cropped-favicon.webp\",\"contentUrl\":\"https:\\\/\\\/www.ppcenergy.ro\\\/wp-content\\\/uploads\\\/cropped-favicon.webp\",\"width\":512,\"height\":512,\"caption\":\"PPC\"},\"image\":{\"@id\":\"https:\\\/\\\/www.ppcenergy.ro\\\/#\\\/schema\\\/logo\\\/image\\\/\"},\"sameAs\":[\"https:\\\/\\\/www.facebook.com\\\/ppcenergy\",\"https:\\\/\\\/x.com\\\/PPCEnergyRo\",\"https:\\\/\\\/www.instagram.com\\\/ppcenergyro\\\/\",\"https:\\\/\\\/www.youtube.com\\\/@PPCEnergy\",\"https:\\\/\\\/www.linkedin.com\\\/company\\\/ppc-energy\\\/\"]}]}<\/script>\n<!-- \/ Yoast SEO Premium plugin. -->","yoast_head_json":{"title":"Ipari berendez\u00e9sek: gener\u00e1torok, UPS, PFC - PPC","description":"A PPC ipari berendez\u00e9sek - \u00e1ramfejleszt\u0151k, UPS \u00e9s PFC - k\u00edn\u00e1lat\u00e1val. K\u00e9szenl\u00e9ti \u00e1ramell\u00e1t\u00e1si terv az \u00fczletmenet folytonoss\u00e1g\u00e1\u00e9rt.","robots":{"index":"index","follow":"follow","max-snippet":"max-snippet:-1","max-image-preview":"max-image-preview:large","max-video-preview":"max-video-preview:-1"},"canonical":"https:\/\/www.ppcenergy.ro\/hu\/uzleti-ugyfelek\/uzleti-szolgaltatasok\/ipari-berendezesek\/","og_locale":"hu_HU","og_type":"article","og_title":"Echipamente industriale: generatoare, UPS, PFC","og_description":"Cu gama de echipamente industriale de la PPC \u2013 grup electrogen, UPS si PFC. Plan de alimentare de rezerva pentru continuitatea afacerii.","og_url":"https:\/\/www.ppcenergy.ro\/hu\/uzleti-ugyfelek\/uzleti-szolgaltatasok\/ipari-berendezesek\/","og_site_name":"PPC","article_publisher":"https:\/\/www.facebook.com\/ppcenergy","article_modified_time":"2025-09-03T12:09:22+00:00","twitter_card":"summary_large_image","twitter_title":"Ipari berendez\u00e9sek","twitter_site":"@PPCEnergyRo","twitter_misc":{"Est. reading time":"1 perc"},"schema":{"@context":"https:\/\/schema.org","@graph":[{"@type":"WebPage","@id":"https:\/\/www.ppcenergy.ro\/hu\/uzleti-ugyfelek\/uzleti-szolgaltatasok\/ipari-berendezesek\/","url":"https:\/\/www.ppcenergy.ro\/hu\/uzleti-ugyfelek\/uzleti-szolgaltatasok\/ipari-berendezesek\/","name":"Ipari berendez\u00e9sek: gener\u00e1torok, UPS, PFC - PPC","isPartOf":{"@id":"https:\/\/www.ppcenergy.ro\/#website"},"datePublished":"2024-03-16T11:29:41+00:00","dateModified":"2025-09-03T12:09:22+00:00","description":"A PPC ipari berendez\u00e9sek - \u00e1ramfejleszt\u0151k, UPS \u00e9s PFC - k\u00edn\u00e1lat\u00e1val. K\u00e9szenl\u00e9ti \u00e1ramell\u00e1t\u00e1si terv az \u00fczletmenet folytonoss\u00e1g\u00e1\u00e9rt.","breadcrumb":{"@id":"https:\/\/www.ppcenergy.ro\/hu\/uzleti-ugyfelek\/uzleti-szolgaltatasok\/ipari-berendezesek\/#breadcrumb"},"inLanguage":"hu","potentialAction":[{"@type":"ReadAction","target":["https:\/\/www.ppcenergy.ro\/hu\/uzleti-ugyfelek\/uzleti-szolgaltatasok\/ipari-berendezesek\/"]}]},{"@type":"BreadcrumbList","@id":"https:\/\/www.ppcenergy.ro\/hu\/uzleti-ugyfelek\/uzleti-szolgaltatasok\/ipari-berendezesek\/#breadcrumb","itemListElement":[{"@type":"ListItem","position":1,"name":"Home","item":"https:\/\/www.ppcenergy.ro\/hu\/"},{"@type":"ListItem","position":2,"name":"\u00dczleti \u00fcgyfelek","item":"https:\/\/www.ppcenergy.ro\/hu\/uzleti-ugyfelek\/"},{"@type":"ListItem","position":3,"name":"\u00dczleti szolg\u00e1ltat\u00e1sok","item":"https:\/\/www.ppcenergy.ro\/hu\/uzleti-ugyfelek\/uzleti-szolgaltatasok\/"},{"@type":"ListItem","position":4,"name":"Ipari berendez\u00e9sek"}]},{"@type":"WebSite","@id":"https:\/\/www.ppcenergy.ro\/#website","url":"https:\/\/www.ppcenergy.ro\/","name":"PPC","description":"Energy","publisher":{"@id":"https:\/\/www.ppcenergy.ro\/#organization"},"potentialAction":[{"@type":"SearchAction","target":{"@type":"EntryPoint","urlTemplate":"https:\/\/www.ppcenergy.ro\/?s={search_term_string}"},"query-input":{"@type":"PropertyValueSpecification","valueRequired":true,"valueName":"search_term_string"}}],"inLanguage":"hu"},{"@type":"Organization","@id":"https:\/\/www.ppcenergy.ro\/#organization","name":"PPC","url":"https:\/\/www.ppcenergy.ro\/","logo":{"@type":"ImageObject","inLanguage":"hu","@id":"https:\/\/www.ppcenergy.ro\/#\/schema\/logo\/image\/","url":"https:\/\/www.ppcenergy.ro\/wp-content\/uploads\/cropped-favicon.webp","contentUrl":"https:\/\/www.ppcenergy.ro\/wp-content\/uploads\/cropped-favicon.webp","width":512,"height":512,"caption":"PPC"},"image":{"@id":"https:\/\/www.ppcenergy.ro\/#\/schema\/logo\/image\/"},"sameAs":["https:\/\/www.facebook.com\/ppcenergy","https:\/\/x.com\/PPCEnergyRo","https:\/\/www.instagram.com\/ppcenergyro\/","https:\/\/www.youtube.com\/@PPCEnergy","https:\/\/www.linkedin.com\/company\/ppc-energy\/"]}]}},"parsely":{"version":"1.1.0","canonical_url":"https:\/\/ppcenergy.ro\/hu\/uzleti-ugyfelek\/uzleti-szolgaltatasok\/ipari-berendezesek\/","smart_links":{"inbound":0,"outbound":0},"traffic_boost_suggestions_count":0,"meta":{"@context":"https:\/\/schema.org","@type":"WebPage","headline":"Ipari berendez\u00e9sek","url":"https:\/\/www.ppcenergy.ro\/hu\/uzleti-ugyfelek\/uzleti-szolgaltatasok\/ipari-berendezesek\/","mainEntityOfPage":{"@type":"WebPage","@id":"https:\/\/www.ppcenergy.ro\/hu\/uzleti-ugyfelek\/uzleti-szolgaltatasok\/ipari-berendezesek\/"},"thumbnailUrl":"","image":{"@type":"ImageObject","url":""},"articleSection":"Uncategorized @hu","author":[{"@type":"Person","name":"Madalina-Elena Dragan"}],"creator":["Madalina-Elena Dragan"],"publisher":{"@type":"Organization","name":"PPC","logo":""},"keywords":[],"dateCreated":"2024-03-16T11:29:41Z","datePublished":"2024-03-16T11:29:41Z","dateModified":"2025-09-03T12:09:22Z"},"rendered":"<meta name=\"parsely-title\" content=\"Ipari berendez\u00e9sek\" \/>\n<meta name=\"parsely-link\" content=\"https:\/\/www.ppcenergy.ro\/hu\/uzleti-ugyfelek\/uzleti-szolgaltatasok\/ipari-berendezesek\/\" \/>\n<meta name=\"parsely-type\" content=\"index\" \/>\n<meta name=\"parsely-pub-date\" content=\"2024-03-16T11:29:41Z\" \/>\n<meta name=\"parsely-section\" content=\"Uncategorized @hu\" \/>\n<meta name=\"parsely-author\" content=\"Madalina-Elena Dragan\" \/>","tracker_url":"https:\/\/cdn.parsely.com\/keys\/ppcenergy.ro\/p.js"},"_links":{"self":[{"href":"https:\/\/www.ppcenergy.ro\/hu\/wp-json\/wp\/v2\/pages\/25970","targetHints":{"allow":["GET"]}}],"collection":[{"href":"https:\/\/www.ppcenergy.ro\/hu\/wp-json\/wp\/v2\/pages"}],"about":[{"href":"https:\/\/www.ppcenergy.ro\/hu\/wp-json\/wp\/v2\/types\/page"}],"author":[{"embeddable":true,"href":"https:\/\/www.ppcenergy.ro\/hu\/wp-json\/wp\/v2\/users\/48"}],"replies":[{"embeddable":true,"href":"https:\/\/www.ppcenergy.ro\/hu\/wp-json\/wp\/v2\/comments?post=25970"}],"version-history":[{"count":4,"href":"https:\/\/www.ppcenergy.ro\/hu\/wp-json\/wp\/v2\/pages\/25970\/revisions"}],"predecessor-version":[{"id":25976,"href":"https:\/\/www.ppcenergy.ro\/hu\/wp-json\/wp\/v2\/pages\/25970\/revisions\/25976"}],"up":[{"embeddable":true,"href":"https:\/\/www.ppcenergy.ro\/hu\/wp-json\/wp\/v2\/pages\/25962"}],"wp:attachment":[{"href":"https:\/\/www.ppcenergy.ro\/hu\/wp-json\/wp\/v2\/media?parent=25970"}],"curies":[{"name":"wp","href":"https:\/\/api.w.org\/{rel}","templated":true}]}}