{"id":25623,"date":"2024-05-09T10:10:49","date_gmt":"2024-05-09T07:10:49","guid":{"rendered":"https:\/\/www.ppcenergy.ro\/servicii-digitale\/acord-marketing\/"},"modified":"2025-08-14T13:10:55","modified_gmt":"2025-08-14T10:10:55","slug":"marketing-megallapodas","status":"publish","type":"page","link":"https:\/\/www.ppcenergy.ro\/hu\/digitalis-szolgaltatasok\/marketing-megallapodas\/","title":{"rendered":"Marketing meg\u00e1llapod\u00e1s"},"content":{"rendered":"<section id=\"\" class=\"block-top-product \">\n    <div class='top-product'>\n                <div class=\"full-slide  gradientproduct  articles left slider-type-gradinetimage\">\n                                        <div\n                    class='gradient desktop topright orange  four_per_row'>\n                    <div class='line line1'><\/div>\n                    <div class='line line2'><\/div>\n                    <div class='line line3'><\/div>\n                    <div class='line line4'><\/div>\n                                                        <\/div>\n                                                            <div class=\"product-image topright orange\">\n                        <img loading=\"lazy\" decoding=\"async\" width=\"1024\" height=\"683\" src=\"https:\/\/www.ppcenergy.ro\/wp-content\/uploads\/actualizare-date.webp?w=1024\" class=\"attachment-gradientproduct size-gradientproduct\" alt=\"\" srcset=\"https:\/\/www.ppcenergy.ro\/wp-content\/uploads\/actualizare-date.webp 7021w, https:\/\/www.ppcenergy.ro\/wp-content\/uploads\/actualizare-date.webp?resize=300,200 300w, https:\/\/www.ppcenergy.ro\/wp-content\/uploads\/actualizare-date.webp?resize=768,513 768w, https:\/\/www.ppcenergy.ro\/wp-content\/uploads\/actualizare-date.webp?resize=1024,683 1024w, https:\/\/www.ppcenergy.ro\/wp-content\/uploads\/actualizare-date.webp?resize=1536,1025 1536w, https:\/\/www.ppcenergy.ro\/wp-content\/uploads\/actualizare-date.webp?resize=2048,1367 2048w, https:\/\/www.ppcenergy.ro\/wp-content\/uploads\/actualizare-date.webp?resize=75,50 75w\" sizes=\"auto, (max-width: 1024px) 100vw, 1024px\" \/>                    <\/div>\n                \n                                        <div class=\"product-textbox  text-color-white\">\n                                            <div\n                            class='gradient mobile topright orange  four_per_row'>\n                            <div class='line line1'><\/div>\n                            <div class='line line2'><\/div>\n                            <div class='line line3'><\/div>\n                            <div class='line line4'><\/div>\n                                                                                <\/div>\n                    \n                                            <div class=\"logo-title\">\n                                                                                        <div>\n                                    <p>Marketing meg\u00e1llapod\u00e1s<\/p>\n                                <\/div>\n                                                    <\/div>\n                                                                                    <h2 class=\"title\">\n                        \u00c9rtes\u00fclj\u00f6n els\u0151k\u00e9nt a legfrissebb aj\u00e1nlatokr\u00f3l                        <\/h2>\n                                                                                    <div class=\"text\">\n                            <p><p>Ahhoz, hogy folyamatosan \u00e9rtes\u00fclj\u00f6n a PPC szolg\u00e1ltat\u00e1saira \u00e9s term\u00e9keire vonatkoz\u00f3 leg\u00fajabb aj\u00e1nlatokr\u00f3l, k\u00e9rj\u00fck, az al\u00e1bbi \u0171rlap kit\u00f6lt\u00e9s\u00e9vel j\u00e1ruljon hozz\u00e1 szem\u00e9lyes adatainak marketing c\u00e9l\u00fa kommunik\u00e1ci\u00f3 c\u00e9lj\u00e1b\u00f3l t\u00f6rt\u00e9n\u0151 feldolgoz\u00e1s\u00e1hoz.<\/p>\n<\/p>\n                        <\/div>\n                                                                                \n                                            <a class=\"global-button global-button-border-black\" href=\"https:\/\/digital.ppcenergy.ro\/acord-marketing\"\n                           title=\"Marketing meg\u00e1llapod\u00e1s\" target=\"_blank\">\n                               Marketing meg\u00e1llapod\u00e1s                        <\/a>\n                                                        <\/div>\n                    <\/div>\n    <\/div>\n<\/section>\n\n<section id=\"\" class=\"block-breadcrumbs\">\n    <ul id=\"breadcrumbs\" itemprop=\"breadcrumb\" class=\"breadcrumbs\"><li><a rel=\"home\" href=\"https:\/\/www.ppcenergy.ro\/hu\/\"><span class=\"logo-breadcrumbs\"><\/span><\/a><\/li><\/ul><\/section>\n\n\n<div style=\"height:32px\" aria-hidden=\"true\" class=\"wp-block-spacer\"><\/div>\n\n\n\n<div class=\"wp-block-columns is-layout-flex wp-container-core-columns-is-layout-28f84493 wp-block-columns-is-layout-flex\">\n<div class=\"wp-block-column is-layout-flow wp-block-column-is-layout-flow\" style=\"flex-basis:66.66%\">\n<h1 class=\"wp-block-heading\" id=\"h-ertesuljon-elsokent-a-legujabb-ajanlatokrol-irja-ala-a-marketingszerzodest\">\u00c9rtes\u00fclj\u00f6n els\u0151k\u00e9nt a leg\u00fajabb aj\u00e1nlatokr\u00f3l, \u00edrja al\u00e1 a marketingszerz\u0151d\u00e9st!<\/h1>\n\n\n\n<p>Marketingkommunik\u00e1ci\u00f3nk r\u00e9v\u00e9n a PPC szolg\u00e1ltat\u00e1saival \u00e9s term\u00e9keivel kapcsolatos, \u00d6nt \u00e9rint\u0151 inform\u00e1ci\u00f3kat k\u00fcld\u00fcnk \u00d6nnek.<\/p>\n\n\n\n<p>Tiszteletben tartjuk az \u00d6n jogait \u00e9s d\u00f6nt\u00e9seit, ez\u00e9rt gondoskodunk arr\u00f3l, hogy szem\u00e9lyes adatait feldolgozzuk \u00e9s biztons\u00e1gban tartsuk.<\/p>\n<\/div>\n\n\n\n<div class=\"wp-block-column is-layout-flow wp-block-column-is-layout-flow\" style=\"flex-basis:33.33%\"><\/div>\n<\/div>\n\n\n\n<div style=\"height:25px\" aria-hidden=\"true\" class=\"wp-block-spacer\"><\/div>\n\n\n<section id=\"\" class=\"block-top-download_card  container-contain\">\n    <div class='top-download_card'>\n                    <div class='gradient bottomleft orange full four_per_row'>\n                <div class='line line1'><\/div>\n                <div class='line line2'><\/div>\n                <div class='line line3'><\/div>\n                <div class='line line4'><\/div>\n            <\/div>\n                <div class=\"full-slide fulldownload_card\">\n                            <div class=\"download_card-textbox text-color-white\">\n                                            <h2 class=\"title\">\n                            Aktiv\u00e1lja marketingkommunik\u00e1ci\u00f3j\u00e1t                        <\/h2>\n                                                                <div class=\"text\">\n                            <p>A marketingkommunik\u00e1ci\u00f3t az al\u00e1bbi \u0171rlap kit\u00f6lt\u00e9s\u00e9vel aktiv\u00e1lhatja. Sz\u00fcks\u00e9ge lesz az \u00dcgyf\u00e9lk\u00f3dj\u00e1ra \u00e9s a Fizet\u00e9si k\u00f3dj\u00e1ra, amelyeket a villany- vagy g\u00e1zsz\u00e1mla els\u0151 oldal\u00e1n tal\u00e1l.<\/p>\n                        <\/div>\n                                                                                    <div class=\"info-buttons\">\n                                                            <a class=\"global-button global-button-border-white\"\n                                   href=\"https:\/\/digital.ppcenergy.ro\/acord-marketing\" title=\"Aktiv\u00e1lja a  c\u00edmet\"\n                                   target=\"_self\">\n                                       Aktiv\u00e1lja a  c\u00edmet                                <\/a>\n                                                                                <\/div>\n                                    <\/div>\n                                                    <div class=\"info-buttons-mobile\">\n                                            <a class=\"global-button global-button-border-white\"\n                           href=\"https:\/\/digital.ppcenergy.ro\/acord-marketing\" title=\"Aktiv\u00e1lja a  c\u00edmet\"\n                           target=\"_self\">\n                               Aktiv\u00e1lja a  c\u00edmet                        <\/a>\n                                                        <\/div>\n                    <\/div>\n    <\/div>\n<\/section>\n\n\n<div style=\"height:25px\" aria-hidden=\"true\" class=\"wp-block-spacer\"><\/div>\n\n\n\n<div class=\"wp-block-columns has-small-font-size is-layout-flex wp-container-core-columns-is-layout-ec2e7a44 wp-block-columns-is-layout-flex\" style=\"border-style:none;border-width:0px;padding-top:0;padding-bottom:0\">\n<div class=\"wp-block-column is-layout-flow wp-block-column-is-layout-flow\" style=\"flex-basis:66.66%\">\n<h4 class=\"wp-block-heading\" id=\"h-mi-a-marketingkommunikacio-celja\">Mi a marketingkommunik\u00e1ci\u00f3 c\u00e9lja?<\/h4>\n\n\n\n<p>Az \u00d6n szem\u00e9lyes adatait a k\u00f6vetkez\u0151 c\u00e9lokb\u00f3l gy\u0171jtj\u00fck:<\/p>\n\n\n\n<ul class=\"wp-block-list\">\n<li>a villamosenergia- \u00e9s\/vagy f\u00f6ldg\u00e1zell\u00e1t\u00e1si tev\u00e9kenys\u00e9ghez kapcsol\u00f3d\u00f3 szolg\u00e1ltat\u00e1sok ny\u00fajt\u00e1sa\/\u00e1rusz\u00e1ll\u00edt\u00e1sa<\/li>\n\n\n\n<li><code>az \u00fcgyf\u00e9l\/leend\u0151 \u00fcgyf\u00e9l \u00e1ltal a villamosenergia-eloszt\u00f3val val\u00f3 kapcsolat k\u00f6zvet\u00edt\u00e9se c\u00e9lj\u00e1b\u00f3l adott megb\u00edz\u00e1s\/enged\u00e9ly teljes\u00edt\u00e9se.<\/code><\/li>\n\n\n\n<li><code>az \u00fcgyfelek \u00e1ltal beny\u00fajtott megkeres\u00e9sek \u00e9s k\u00e9r\u00e9sek kezel\u00e9se, f\u00fcggetlen\u00fcl azok beny\u00fajt\u00e1s\u00e1nak m\u00f3dj\u00e1t\u00f3l<\/code><\/li>\n\n\n\n<li><code>a megk\u00f6t\u00f6tt szerz\u0151d\u00e9snek megfelel\u0151en sz\u00e1ml\u00e1zza az \u00fcgyfelet<\/code><\/li>\n\n\n\n<li><code>ad\u00f3ss\u00e1gbehajt\u00e1s\/tartoz\u00e1sbehajt\u00e1s ak\u00e1r k\u00f6zvetlen\u00fcl a szolg\u00e1ltat\u00f3 \u00e1ltal, ak\u00e1r egy\u00fcttm\u0171k\u00f6d\u00e9si\/szolg\u00e1ltat\u00e1si szerz\u0151d\u00e9s alapj\u00e1n el\u0151re felhatalmazott szem\u00e9lyeken kereszt\u00fcl.<\/code><\/li>\n\n\n\n<li><code>kapcsolattart\u00e1s a gy\u00e1rt\u00f3val - sz\u00e1ll\u00edt\u00f3val - forgalmaz\u00f3val \u00e9s\/vagy a jelenlegi\/j\u00f6vend\u0151 sz\u00e1ll\u00edt\u00f3val<\/code><\/li>\n\n\n\n<li><code>a kiszolg\u00e1ltatott fogyaszt\u00f3k energiaell\u00e1t\u00e1s\u00e1nak biztos\u00edt\u00e1sa, a szolg\u00e1ltat\u00f3 e tekintetben fenn\u00e1ll\u00f3 jogi k\u00f6telezetts\u00e9geivel \u00f6sszhangban<\/code><\/li>\n\n\n\n<li><code>az \u00fczemeltet\u0151 rendszeresen elemzi az \u00fcgyfelek meg\u00edt\u00e9l\u00e9s\u00e9t a v\u00e9gzett tev\u00e9kenys\u00e9gr\u0151l, \u00e9s meghat\u00e1rozza ig\u00e9nyeiket, valamint a ny\u00fajtott szolg\u00e1ltat\u00e1sokkal val\u00f3 el\u00e9gedetts\u00e9g\u00fck m\u00e9rt\u00e9k\u00e9t<\/code><\/li>\n\n\n\n<li><code>a gazdas\u00e1gi \u00e9s informatikai csal\u00e1sok megel\u0151z\u00e9se \u00e9rdek\u00e9ben a bejelent\u0151 szervezetek megval\u00f3s\u00edt\u00e1sa, illetve az \u00fcgyfelek \u00e9s harmadik felek rendelkez\u00e9s\u00e9re bocs\u00e1tott kommunik\u00e1ci\u00f3s eszk\u00f6z\u00f6k m\u0171k\u00f6dtet\u00e9se, amelyek seg\u00edts\u00e9g\u00e9vel az \u00fczemeltet\u0151 alkalmazottai \u00e1ltal az etikai k\u00f3dex, a glob\u00e1lis megfelel\u00e9si program, a korrupci\u00f3 elleni z\u00e9r\u00f3 tolerancia terv, a 231 ir\u00e1nymutat\u00e1s, a bels\u0151 szab\u00e1lyzat \u00e9s a Safety First program megs\u00e9rt\u00e9s\u00e9vel kapcsolatos panaszokat lehet beny\u00fajtani.<\/code><\/li>\n<\/ul>\n<\/div>\n\n\n\n<div class=\"wp-block-column is-layout-flow wp-block-column-is-layout-flow\" style=\"flex-basis:33.33%\"><\/div>\n<\/div>\n\n\n\n\n\n<div style=\"height:50px\" aria-hidden=\"true\" class=\"wp-block-spacer\"><\/div>\n\n\n\n<p><\/p>\n","protected":false},"excerpt":{"rendered":"<p>\u00c9rtes\u00fclj\u00f6n els\u0151k\u00e9nt a leg\u00fajabb aj\u00e1nlatokr\u00f3l, \u00edrja al\u00e1 a marketingszerz\u0151d\u00e9st! Marketingkommunik\u00e1ci\u00f3nk r\u00e9v\u00e9n a PPC szolg\u00e1ltat\u00e1saival \u00e9s term\u00e9keivel kapcsolatos, \u00d6nt \u00e9rint\u0151 inform\u00e1ci\u00f3kat k\u00fcld\u00fcnk \u00d6nnek. Tiszteletben tartjuk az \u00d6n jogait \u00e9s d\u00f6nt\u00e9seit, ez\u00e9rt gondoskodunk arr\u00f3l, hogy szem\u00e9lyes adatait feldolgozzuk \u00e9s biztons\u00e1gban tartsuk. Mi a marketingkommunik\u00e1ci\u00f3 c\u00e9lja? Az \u00d6n szem\u00e9lyes adatait a k\u00f6vetkez\u0151 c\u00e9lokb\u00f3l gy\u0171jtj\u00fck:<\/p>\n","protected":false},"author":48,"featured_media":0,"parent":24423,"menu_order":0,"comment_status":"closed","ping_status":"closed","template":"","meta":{"_acf_changed":false,"footnotes":""},"class_list":["post-25623","page","type-page","status-publish","hentry"],"acf":[],"yoast_head":"<!-- This site is optimized with the Yoast SEO Premium plugin v21.8 (Yoast SEO v27.3) - https:\/\/yoast.com\/product\/yoast-seo-premium-wordpress\/ -->\n<title>Marketing meg\u00e1llapod\u00e1s - PPC<\/title>\n<meta name=\"description\" content=\"Fedezze fel els\u0151k\u00e9nt az \u00e1ram- \u00e9s f\u00f6ldg\u00e1zaj\u00e1nlatokat - \u00cdrja al\u00e1 a marketingszerz\u0151d\u00e9st, hogy naprak\u00e9sz maradjon a PPC term\u00e9keivel \u00e9s szolg\u00e1ltat\u00e1saival kapcsolatban.\" \/>\n<meta name=\"robots\" content=\"index, follow, max-snippet:-1, max-image-preview:large, max-video-preview:-1\" \/>\n<link rel=\"canonical\" href=\"https:\/\/www.ppcenergy.ro\/hu\/digitalis-szolgaltatasok\/marketing-megallapodas\/\" \/>\n<meta property=\"og:locale\" content=\"hu_HU\" \/>\n<meta property=\"og:type\" content=\"article\" \/>\n<meta property=\"og:title\" content=\"Acord de marketing PPC\" \/>\n<meta property=\"og:description\" content=\"Descopera primul ofertele la energie electrica si gaze naturale \u27a4 Semneaza acordul de marketing pentru a fi la curent cu produsele si serviciile PPC\" \/>\n<meta property=\"og:url\" content=\"https:\/\/www.ppcenergy.ro\/hu\/digitalis-szolgaltatasok\/marketing-megallapodas\/\" \/>\n<meta property=\"og:site_name\" content=\"PPC\" \/>\n<meta property=\"article:publisher\" content=\"https:\/\/www.facebook.com\/ppcenergy\" \/>\n<meta property=\"article:modified_time\" content=\"2025-08-14T10:10:55+00:00\" \/>\n<meta name=\"twitter:card\" content=\"summary_large_image\" \/>\n<meta name=\"twitter:title\" content=\"Marketing meg\u00e1llapod\u00e1s\" \/>\n<meta name=\"twitter:site\" content=\"@PPCEnergyRo\" \/>\n<meta name=\"twitter:label1\" content=\"Est. reading time\" \/>\n\t<meta name=\"twitter:data1\" content=\"1 perc\" \/>\n<script type=\"application\/ld+json\" class=\"yoast-schema-graph\">{\"@context\":\"https:\\\/\\\/schema.org\",\"@graph\":[{\"@type\":\"WebPage\",\"@id\":\"https:\\\/\\\/www.ppcenergy.ro\\\/hu\\\/digitalis-szolgaltatasok\\\/marketing-megallapodas\\\/\",\"url\":\"https:\\\/\\\/www.ppcenergy.ro\\\/hu\\\/digitalis-szolgaltatasok\\\/marketing-megallapodas\\\/\",\"name\":\"Marketing meg\u00e1llapod\u00e1s - PPC\",\"isPartOf\":{\"@id\":\"https:\\\/\\\/www.ppcenergy.ro\\\/#website\"},\"datePublished\":\"2024-05-09T07:10:49+00:00\",\"dateModified\":\"2025-08-14T10:10:55+00:00\",\"description\":\"Fedezze fel els\u0151k\u00e9nt az \u00e1ram- \u00e9s f\u00f6ldg\u00e1zaj\u00e1nlatokat - \u00cdrja al\u00e1 a marketingszerz\u0151d\u00e9st, hogy naprak\u00e9sz maradjon a PPC term\u00e9keivel \u00e9s szolg\u00e1ltat\u00e1saival kapcsolatban.\",\"breadcrumb\":{\"@id\":\"https:\\\/\\\/www.ppcenergy.ro\\\/hu\\\/digitalis-szolgaltatasok\\\/marketing-megallapodas\\\/#breadcrumb\"},\"inLanguage\":\"hu\",\"potentialAction\":[{\"@type\":\"ReadAction\",\"target\":[\"https:\\\/\\\/www.ppcenergy.ro\\\/hu\\\/digitalis-szolgaltatasok\\\/marketing-megallapodas\\\/\"]}]},{\"@type\":\"BreadcrumbList\",\"@id\":\"https:\\\/\\\/www.ppcenergy.ro\\\/hu\\\/digitalis-szolgaltatasok\\\/marketing-megallapodas\\\/#breadcrumb\",\"itemListElement\":[{\"@type\":\"ListItem\",\"position\":1,\"name\":\"Home\",\"item\":\"https:\\\/\\\/www.ppcenergy.ro\\\/hu\\\/\"},{\"@type\":\"ListItem\",\"position\":2,\"name\":\"Digit\u00e1lis szolg\u00e1ltat\u00e1sok\",\"item\":\"https:\\\/\\\/www.ppcenergy.ro\\\/hu\\\/digitalis-szolgaltatasok\\\/\"},{\"@type\":\"ListItem\",\"position\":3,\"name\":\"Marketing meg\u00e1llapod\u00e1s\"}]},{\"@type\":\"WebSite\",\"@id\":\"https:\\\/\\\/www.ppcenergy.ro\\\/#website\",\"url\":\"https:\\\/\\\/www.ppcenergy.ro\\\/\",\"name\":\"PPC\",\"description\":\"Energy\",\"publisher\":{\"@id\":\"https:\\\/\\\/www.ppcenergy.ro\\\/#organization\"},\"potentialAction\":[{\"@type\":\"SearchAction\",\"target\":{\"@type\":\"EntryPoint\",\"urlTemplate\":\"https:\\\/\\\/www.ppcenergy.ro\\\/?s={search_term_string}\"},\"query-input\":{\"@type\":\"PropertyValueSpecification\",\"valueRequired\":true,\"valueName\":\"search_term_string\"}}],\"inLanguage\":\"hu\"},{\"@type\":\"Organization\",\"@id\":\"https:\\\/\\\/www.ppcenergy.ro\\\/#organization\",\"name\":\"PPC\",\"url\":\"https:\\\/\\\/www.ppcenergy.ro\\\/\",\"logo\":{\"@type\":\"ImageObject\",\"inLanguage\":\"hu\",\"@id\":\"https:\\\/\\\/www.ppcenergy.ro\\\/#\\\/schema\\\/logo\\\/image\\\/\",\"url\":\"https:\\\/\\\/www.ppcenergy.ro\\\/wp-content\\\/uploads\\\/cropped-favicon.webp\",\"contentUrl\":\"https:\\\/\\\/www.ppcenergy.ro\\\/wp-content\\\/uploads\\\/cropped-favicon.webp\",\"width\":512,\"height\":512,\"caption\":\"PPC\"},\"image\":{\"@id\":\"https:\\\/\\\/www.ppcenergy.ro\\\/#\\\/schema\\\/logo\\\/image\\\/\"},\"sameAs\":[\"https:\\\/\\\/www.facebook.com\\\/ppcenergy\",\"https:\\\/\\\/x.com\\\/PPCEnergyRo\",\"https:\\\/\\\/www.instagram.com\\\/ppcenergyro\\\/\",\"https:\\\/\\\/www.youtube.com\\\/@PPCEnergy\",\"https:\\\/\\\/www.linkedin.com\\\/company\\\/ppc-energy\\\/\"]}]}<\/script>\n<!-- \/ Yoast SEO Premium plugin. -->","yoast_head_json":{"title":"Marketing meg\u00e1llapod\u00e1s - PPC","description":"Fedezze fel els\u0151k\u00e9nt az \u00e1ram- \u00e9s f\u00f6ldg\u00e1zaj\u00e1nlatokat - \u00cdrja al\u00e1 a marketingszerz\u0151d\u00e9st, hogy naprak\u00e9sz maradjon a PPC term\u00e9keivel \u00e9s szolg\u00e1ltat\u00e1saival kapcsolatban.","robots":{"index":"index","follow":"follow","max-snippet":"max-snippet:-1","max-image-preview":"max-image-preview:large","max-video-preview":"max-video-preview:-1"},"canonical":"https:\/\/www.ppcenergy.ro\/hu\/digitalis-szolgaltatasok\/marketing-megallapodas\/","og_locale":"hu_HU","og_type":"article","og_title":"Acord de marketing PPC","og_description":"Descopera primul ofertele la energie electrica si gaze naturale \u27a4 Semneaza acordul de marketing pentru a fi la curent cu produsele si serviciile PPC","og_url":"https:\/\/www.ppcenergy.ro\/hu\/digitalis-szolgaltatasok\/marketing-megallapodas\/","og_site_name":"PPC","article_publisher":"https:\/\/www.facebook.com\/ppcenergy","article_modified_time":"2025-08-14T10:10:55+00:00","twitter_card":"summary_large_image","twitter_title":"Marketing meg\u00e1llapod\u00e1s","twitter_site":"@PPCEnergyRo","twitter_misc":{"Est. reading time":"1 perc"},"schema":{"@context":"https:\/\/schema.org","@graph":[{"@type":"WebPage","@id":"https:\/\/www.ppcenergy.ro\/hu\/digitalis-szolgaltatasok\/marketing-megallapodas\/","url":"https:\/\/www.ppcenergy.ro\/hu\/digitalis-szolgaltatasok\/marketing-megallapodas\/","name":"Marketing meg\u00e1llapod\u00e1s - PPC","isPartOf":{"@id":"https:\/\/www.ppcenergy.ro\/#website"},"datePublished":"2024-05-09T07:10:49+00:00","dateModified":"2025-08-14T10:10:55+00:00","description":"Fedezze fel els\u0151k\u00e9nt az \u00e1ram- \u00e9s f\u00f6ldg\u00e1zaj\u00e1nlatokat - \u00cdrja al\u00e1 a marketingszerz\u0151d\u00e9st, hogy naprak\u00e9sz maradjon a PPC term\u00e9keivel \u00e9s szolg\u00e1ltat\u00e1saival kapcsolatban.","breadcrumb":{"@id":"https:\/\/www.ppcenergy.ro\/hu\/digitalis-szolgaltatasok\/marketing-megallapodas\/#breadcrumb"},"inLanguage":"hu","potentialAction":[{"@type":"ReadAction","target":["https:\/\/www.ppcenergy.ro\/hu\/digitalis-szolgaltatasok\/marketing-megallapodas\/"]}]},{"@type":"BreadcrumbList","@id":"https:\/\/www.ppcenergy.ro\/hu\/digitalis-szolgaltatasok\/marketing-megallapodas\/#breadcrumb","itemListElement":[{"@type":"ListItem","position":1,"name":"Home","item":"https:\/\/www.ppcenergy.ro\/hu\/"},{"@type":"ListItem","position":2,"name":"Digit\u00e1lis szolg\u00e1ltat\u00e1sok","item":"https:\/\/www.ppcenergy.ro\/hu\/digitalis-szolgaltatasok\/"},{"@type":"ListItem","position":3,"name":"Marketing meg\u00e1llapod\u00e1s"}]},{"@type":"WebSite","@id":"https:\/\/www.ppcenergy.ro\/#website","url":"https:\/\/www.ppcenergy.ro\/","name":"PPC","description":"Energy","publisher":{"@id":"https:\/\/www.ppcenergy.ro\/#organization"},"potentialAction":[{"@type":"SearchAction","target":{"@type":"EntryPoint","urlTemplate":"https:\/\/www.ppcenergy.ro\/?s={search_term_string}"},"query-input":{"@type":"PropertyValueSpecification","valueRequired":true,"valueName":"search_term_string"}}],"inLanguage":"hu"},{"@type":"Organization","@id":"https:\/\/www.ppcenergy.ro\/#organization","name":"PPC","url":"https:\/\/www.ppcenergy.ro\/","logo":{"@type":"ImageObject","inLanguage":"hu","@id":"https:\/\/www.ppcenergy.ro\/#\/schema\/logo\/image\/","url":"https:\/\/www.ppcenergy.ro\/wp-content\/uploads\/cropped-favicon.webp","contentUrl":"https:\/\/www.ppcenergy.ro\/wp-content\/uploads\/cropped-favicon.webp","width":512,"height":512,"caption":"PPC"},"image":{"@id":"https:\/\/www.ppcenergy.ro\/#\/schema\/logo\/image\/"},"sameAs":["https:\/\/www.facebook.com\/ppcenergy","https:\/\/x.com\/PPCEnergyRo","https:\/\/www.instagram.com\/ppcenergyro\/","https:\/\/www.youtube.com\/@PPCEnergy","https:\/\/www.linkedin.com\/company\/ppc-energy\/"]}]}},"parsely":{"version":"1.1.0","canonical_url":"https:\/\/ppcenergy.ro\/hu\/digitalis-szolgaltatasok\/marketing-megallapodas\/","smart_links":{"inbound":0,"outbound":0},"traffic_boost_suggestions_count":0,"meta":{"@context":"https:\/\/schema.org","@type":"WebPage","headline":"Marketing meg\u00e1llapod\u00e1s","url":"https:\/\/www.ppcenergy.ro\/hu\/digitalis-szolgaltatasok\/marketing-megallapodas\/","mainEntityOfPage":{"@type":"WebPage","@id":"https:\/\/www.ppcenergy.ro\/hu\/digitalis-szolgaltatasok\/marketing-megallapodas\/"},"thumbnailUrl":"","image":{"@type":"ImageObject","url":""},"articleSection":"Uncategorized @hu","author":[{"@type":"Person","name":"Madalina-Elena Dragan"}],"creator":["Madalina-Elena Dragan"],"publisher":{"@type":"Organization","name":"PPC","logo":""},"keywords":[],"dateCreated":"2024-05-09T07:10:49Z","datePublished":"2024-05-09T07:10:49Z","dateModified":"2025-08-14T10:10:55Z"},"rendered":"<meta name=\"parsely-title\" content=\"Marketing meg\u00e1llapod\u00e1s\" \/>\n<meta name=\"parsely-link\" content=\"https:\/\/www.ppcenergy.ro\/hu\/digitalis-szolgaltatasok\/marketing-megallapodas\/\" \/>\n<meta name=\"parsely-type\" content=\"index\" \/>\n<meta name=\"parsely-pub-date\" content=\"2024-05-09T07:10:49Z\" \/>\n<meta name=\"parsely-section\" content=\"Uncategorized @hu\" \/>\n<meta name=\"parsely-author\" content=\"Madalina-Elena Dragan\" \/>","tracker_url":"https:\/\/cdn.parsely.com\/keys\/ppcenergy.ro\/p.js"},"_links":{"self":[{"href":"https:\/\/www.ppcenergy.ro\/hu\/wp-json\/wp\/v2\/pages\/25623","targetHints":{"allow":["GET"]}}],"collection":[{"href":"https:\/\/www.ppcenergy.ro\/hu\/wp-json\/wp\/v2\/pages"}],"about":[{"href":"https:\/\/www.ppcenergy.ro\/hu\/wp-json\/wp\/v2\/types\/page"}],"author":[{"embeddable":true,"href":"https:\/\/www.ppcenergy.ro\/hu\/wp-json\/wp\/v2\/users\/48"}],"replies":[{"embeddable":true,"href":"https:\/\/www.ppcenergy.ro\/hu\/wp-json\/wp\/v2\/comments?post=25623"}],"version-history":[{"count":5,"href":"https:\/\/www.ppcenergy.ro\/hu\/wp-json\/wp\/v2\/pages\/25623\/revisions"}],"predecessor-version":[{"id":27384,"href":"https:\/\/www.ppcenergy.ro\/hu\/wp-json\/wp\/v2\/pages\/25623\/revisions\/27384"}],"up":[{"embeddable":true,"href":"https:\/\/www.ppcenergy.ro\/hu\/wp-json\/wp\/v2\/pages\/24423"}],"wp:attachment":[{"href":"https:\/\/www.ppcenergy.ro\/hu\/wp-json\/wp\/v2\/media?parent=25623"}],"curies":[{"name":"wp","href":"https:\/\/api.w.org\/{rel}","templated":true}]}}