{"id":24629,"date":"2025-02-20T11:37:18","date_gmt":"2025-02-20T09:37:18","guid":{"rendered":"https:\/\/www.ppcenergy.ro\/servicii-digitale\/chatbot-asistent-virtual\/"},"modified":"2025-08-14T13:14:31","modified_gmt":"2025-08-14T10:14:31","slug":"chatbot-virtualis-asszisztens","status":"publish","type":"page","link":"https:\/\/www.ppcenergy.ro\/hu\/digitalis-szolgaltatasok\/chatbot-virtualis-asszisztens\/","title":{"rendered":"Chatbot virtu\u00e1lis asszisztens"},"content":{"rendered":"<section id=\"\" class=\"block-top-product \">\n    <div class='top-product'>\n                <div class=\"full-slide  gradientproduct  articles left slider-type-gradinetimage\">\n                                        <div\n                    class='gradient desktop topright orange  four_per_row'>\n                    <div class='line line1'><\/div>\n                    <div class='line line2'><\/div>\n                    <div class='line line3'><\/div>\n                    <div class='line line4'><\/div>\n                                                        <\/div>\n                                                            <div class=\"product-image topright orange\">\n                        <img loading=\"lazy\" decoding=\"async\" width=\"768\" height=\"798\" src=\"https:\/\/www.ppcenergy.ro\/wp-content\/uploads\/virtual-assistant-banner.webp?w=768\" class=\"attachment-gradientproduct size-gradientproduct\" alt=\"\" srcset=\"https:\/\/www.ppcenergy.ro\/wp-content\/uploads\/virtual-assistant-banner.webp 768w, https:\/\/www.ppcenergy.ro\/wp-content\/uploads\/virtual-assistant-banner.webp?resize=289,300 289w, https:\/\/www.ppcenergy.ro\/wp-content\/uploads\/virtual-assistant-banner.webp?resize=48,50 48w\" sizes=\"auto, (max-width: 768px) 100vw, 768px\" \/>                    <\/div>\n                \n                                        <div class=\"product-textbox  text-color-white\">\n                                            <div\n                            class='gradient mobile topright orange  four_per_row'>\n                            <div class='line line1'><\/div>\n                            <div class='line line2'><\/div>\n                            <div class='line line3'><\/div>\n                            <div class='line line4'><\/div>\n                                                                                <\/div>\n                    \n                                                                                    <h2 class=\"title\">\n                        Azonnali v\u00e1laszok a virtu\u00e1lis asszisztensen kereszt\u00fcl                        <\/h2>\n                                                                                    <div class=\"text\">\n                            <p><p>Nem k\u00e9rdezz\u00fck meg, hogy kivel tal\u00e1lkozol!<\/p>\n<\/p>\n                        <\/div>\n                                                                                \n                                                        <\/div>\n                    <\/div>\n    <\/div>\n<\/section>\n\n<section id=\"\" class=\"block-breadcrumbs\">\n    <ul id=\"breadcrumbs\" itemprop=\"breadcrumb\" class=\"breadcrumbs\"><li><a rel=\"home\" href=\"https:\/\/www.ppcenergy.ro\/hu\/\"><span class=\"logo-breadcrumbs\"><\/span><\/a><\/li><\/ul><\/section>\n\n\n<div style=\"height:32px\" aria-hidden=\"true\" class=\"wp-block-spacer\"><\/div>\n\n\n\n<div class=\"wp-block-columns is-layout-flex wp-container-core-columns-is-layout-28f84493 wp-block-columns-is-layout-flex\">\n<div class=\"wp-block-column is-layout-flow wp-block-column-is-layout-flow\" style=\"flex-basis:66.66%\">\n<h1 class=\"wp-block-heading\" id=\"h-virtualis-asszisztensunk-gyors-megoldasok-idomegtakaritas\">Virtu\u00e1lis asszisztens\u00fcnk &#8211; gyors megold\u00e1sok, id\u0151megtakar\u00edt\u00e1s<\/h1>\n\n\n\n<p>Gyorsan sz\u00fcks\u00e9ge van sz\u00e1mlainform\u00e1ci\u00f3ra, fizet\u00e9si bizonylatra vagy adatfriss\u00edt\u00e9sre? Virtu\u00e1lis asszisztens\u00fcnk azonnali t\u00e1mogat\u00e1st ny\u00fajt \u00d6nnek, nincs telefonh\u00edv\u00e1s \u00e9s nincs elvesztegetett id\u0151. Akkor f\u00e9rhet hozz\u00e1, amikor csak sz\u00fcks\u00e9ge van r\u00e1!<\/p>\n<\/div>\n\n\n\n<div class=\"wp-block-column is-layout-flow wp-block-column-is-layout-flow\" style=\"flex-basis:33.33%\"><\/div>\n<\/div>\n\n\n\n\n\n<div class=\"wp-block-columns is-layout-flex wp-container-core-columns-is-layout-28f84493 wp-block-columns-is-layout-flex\">\n<div class=\"wp-block-column is-layout-flow wp-block-column-is-layout-flow\" style=\"flex-basis:66.66%\">\n<h2 class=\"wp-block-heading\" id=\"h-virtualis-asszisztens-azonnali-segitseg-amikor-csak-szuksege-van-ra\"><strong>Virtu\u00e1lis asszisztens &#8211; azonnali seg\u00edts\u00e9g, amikor csak sz\u00fcks\u00e9ge van r\u00e1<\/strong><\/h2>\n\n\n\n<p>Az \u00d6n ideje t\u00fal \u00e9rt\u00e9kes ahhoz, hogy sorban \u00e1lljon vagy telefonon v\u00e1rakozzon egyszer\u0171 inform\u00e1ci\u00f3kra. Virtu\u00e1lis asszisztens\u00fcnkkel a leggyakoribb k\u00e9rd\u00e9seket gyorsan, k\u00f6zvetlen\u00fcl a cseveg\u00e9sben int\u00e9zheti, gond n\u00e9lk\u00fcl \u00e9s an\u00e9lk\u00fcl, hogy \u00fcgyn\u00f6kkel kellene interakci\u00f3ba l\u00e9pnie.<\/p>\n\n\n\n<p>Szeretn\u00e9 tudni a sz\u00e1mlaegyenleg\u00e9t? Adja meg a fizet\u00e9si k\u00f3dot, \u00e9s azonnal megkapja az inform\u00e1ci\u00f3t. Sz\u00fcks\u00e9ge van a sz\u00e1mla m\u00e1solat\u00e1ra vagy egy fizet\u00e9s meger\u0151s\u00edt\u00e9s\u00e9re? Csak ki kell v\u00e1lasztania a megfelel\u0151 opci\u00f3t a chaten, \u00e9s a v\u00e1lasz azonnal meg\u00e9rkezik. Ezenk\u00edv\u00fcl friss\u00edtheti szem\u00e9lyes adatait, aktiv\u00e1lhatja az e-sz\u00e1ml\u00e1t, vagy ellen\u0151rizheti a fels\u0151 hat\u00e1r\u00e9rt\u00e9kkel \u00e9s az energiahat\u00e9konys\u00e1ggal kapcsolatos inform\u00e1ci\u00f3kat.<\/p>\n\n\n\n<p>Ha a k\u00e9rd\u00e9se nem kezelhet\u0151 automatikusan, a virtu\u00e1lis asszisztens lehet\u0151s\u00e9get ad arra, hogy felvegye a kapcsolatot egy szakemberrel, aki tov\u00e1bb seg\u00edt \u00d6nnek. Minden egyszer\u0171, gyors \u00e9s v\u00e1rakoz\u00e1s n\u00e9lk\u00fcli!<\/p>\n<\/div>\n\n\n\n<div class=\"wp-block-column is-layout-flow wp-block-column-is-layout-flow\" style=\"flex-basis:33.33%\"><\/div>\n<\/div>\n\n\n\n<div style=\"height:100px\" aria-hidden=\"true\" class=\"wp-block-spacer\"><\/div>\n\n\n<style type='text\/css'>\r\n    .embeddedServiceHelpButton .helpButton .uiButton {\r\n        background-color: #163FE8;\r\n        font-family: \"Ping\", sans-serif;\r\n    }\r\n    .embeddedServiceHelpButton .helpButton .uiButton:focus {\r\n        outline: 1px solid #163FE8;\r\n    }\r\n\t.sidebarHeader[lwc-56vbshdpqil], .loadingAnimation[lwc-56vbshdpqil], .headerAnnouncement[lwc-56vbshdpqil] ,.chatHeaderBranding,.embeddedServiceSidebarMinimizedDefaultUI,.embeddedServiceSidebarMinimizedDefaultUI.minimizedContainer:hover{\r\n    \t\tbackground-color: #163FE8!important;\r\n\t}\r\n\t.embeddedServiceSidebarMinimizedDefaultUI,.embeddedServiceSidebarMinimizedDefaultUI.minimizedContainer:hover{\r\n\tborder-color: #163FE8;\r\n\t}\r\n\t.embeddedServiceInvitation{\r\n\tposition:fixed!important;\r\n\t}\r\n\t.embeddedServiceInvitationHeader .embeddedServiceTitleText{\r\n\tcolor:black!important;\r\n\t}\r\n<\/style>\r\n\r\n<script type='text\/javascript' src='https:\/\/service.force.com\/embeddedservice\/5.0\/esw.min.js'><\/script>\r\n<script type='text\/javascript'>\r\n    var initESW = function(gslbBaseURL) {\r\n        embedded_svc.settings.displayHelpButton = true; \/\/Or false\r\n        embedded_svc.settings.language = 'ro'; \/\/For example, enter 'en' or 'en-US'\r\n\r\n        embedded_svc.settings.defaultMinimizedText = 'Discuta cu un expert'; \/\/(Defaults to Chat with an Expert)\r\n        \/\/embedded_svc.settings.disabledMinimizedText = '...'; \/\/(Defaults to Agent Offline)\r\n        \/\/embedded_svc.settings.autoOpenPostChat = true;\r\n        embedded_svc.settings.loadingText = 'Incarcare'; \/\/(Defaults to Loading)\r\n        \/\/embedded_svc.settings.storageDomain = 'yourdomain.com'; \/\/(Sets the domain for your deployment so that visitors can navigate subdomains during a chat session)\r\n\r\n\r\n        \/\/ Settings for Chat\r\n        \/\/embedded_svc.settings.directToButtonRouting = function(prechatFormData) {\r\n            \/\/ Dynamically changes the button ID based on what the visitor enters in the pre-chat form.\r\n            \/\/ Returns a valid button ID.\r\n        \/\/};\r\n        \/\/embedded_svc.settings.prepopulatedPrechatFields = {}; \/\/Sets the auto-population of pre-chat form fields\r\n        \/\/embedded_svc.settings.fallbackRouting = []; \/\/An array of button IDs, user IDs, or userId_buttonId\r\n        \/\/embedded_svc.settings.offlineSupportMinimizedText = '...'; \/\/(Defaults to Contact Us)\r\n\r\n        embedded_svc.settings.widgetWidth = \"450px\";\r\n        embedded_svc.settings.widgetHeight = \"600px\";\r\n        embedded_svc.settings.enabledFeatures = ['LiveAgent'];\r\n        embedded_svc.settings.entryFeature = 'LiveAgent';\r\n\r\n        embedded_svc.init(\r\n            'https:\/\/mro-crm.my.salesforce.com',\r\n            'https:\/\/mro-crm.my.salesforce-sites.com\/livechat',\r\n            gslbBaseURL,\r\n            '00D1t000000ww6o',\r\n            'Live_Agent_Embedded_Deployment',\r\n            {\r\n                baseLiveAgentContentURL: 'https:\/\/c.la1-c2-fra.salesforceliveagent.com\/content',\r\n                deploymentId: '5723Y000000kDDk',\r\n                buttonId: '5733Y000000kD43',\r\n                baseLiveAgentURL: 'https:\/\/d.la1-c2-fra.salesforceliveagent.com\/chat',\r\n                eswLiveAgentDevName: 'EmbeddedServiceLiveAgent_Parent04I3Y000000fxfLUAQ_17be8ec6d6f',\r\n                isOfflineSupportEnabled: false\r\n            }\r\n        );\r\n    };\r\n\r\n    if (!window.embedded_svc) {\r\n        var s = document.createElement('script');\r\n        s.setAttribute('src', 'https:\/\/mro-crm.my.salesforce.com\/embeddedservice\/5.0\/esw.min.js');\r\n        s.onload = function() {\r\n            initESW(null);\r\n        };\r\n        document.body.appendChild(s);\r\n    } else {\r\n        initESW('https:\/\/service.force.com');\r\n    }\r\n<\/script>","protected":false},"excerpt":{"rendered":"<p>Virtu\u00e1lis asszisztens\u00fcnk &#8211; gyors megold\u00e1sok, id\u0151megtakar\u00edt\u00e1s Gyorsan sz\u00fcks\u00e9ge van sz\u00e1mlainform\u00e1ci\u00f3ra, fizet\u00e9si bizonylatra vagy adatfriss\u00edt\u00e9sre? Virtu\u00e1lis asszisztens\u00fcnk azonnali t\u00e1mogat\u00e1st ny\u00fajt \u00d6nnek, nincs telefonh\u00edv\u00e1s \u00e9s nincs elvesztegetett id\u0151. Akkor f\u00e9rhet hozz\u00e1, amikor csak sz\u00fcks\u00e9ge van r\u00e1! Virtu\u00e1lis asszisztens &#8211; azonnali seg\u00edts\u00e9g, amikor csak sz\u00fcks\u00e9ge van r\u00e1 Az \u00d6n ideje t\u00fal \u00e9rt\u00e9kes ahhoz, hogy sorban \u00e1lljon vagy telefonon [&hellip;]<\/p>\n","protected":false},"author":48,"featured_media":0,"parent":24423,"menu_order":0,"comment_status":"closed","ping_status":"closed","template":"","meta":{"_acf_changed":false,"footnotes":""},"class_list":["post-24629","page","type-page","status-publish","hentry"],"acf":[],"yoast_head":"<!-- This site is optimized with the Yoast SEO Premium plugin v21.8 (Yoast SEO v27.3) - https:\/\/yoast.com\/product\/yoast-seo-premium-wordpress\/ -->\n<title>Virtu\u00e1lis asszisztens\u00fcnk - gyors, id\u0151takar\u00e9kos t\u00e1mogat\u00e1s - PPC<\/title>\n<meta name=\"description\" content=\"Sz\u00fcks\u00e9ge van sz\u00e1mlainform\u00e1ci\u00f3ra? Virtu\u00e1lis asszisztens\u00fcnk azonnali t\u00e1mogat\u00e1st ny\u00fajt az egyenlegek, kifizet\u00e9sek \u00e9s sz\u00e1mlam\u00e1solatok tekintet\u00e9ben. Most gyorsan \u00e9s egyszer\u0171en hozz\u00e1f\u00e9rhet.\" \/>\n<meta name=\"robots\" content=\"index, follow, max-snippet:-1, max-image-preview:large, max-video-preview:-1\" \/>\n<link rel=\"canonical\" href=\"https:\/\/www.ppcenergy.ro\/hu\/digitalis-szolgaltatasok\/chatbot-virtualis-asszisztens\/\" \/>\n<meta property=\"og:locale\" content=\"hu_HU\" \/>\n<meta property=\"og:type\" content=\"article\" \/>\n<meta property=\"og:title\" content=\"Asistentul nostru virtual \u2013 suport rapid, economie de timp - PPC\" \/>\n<meta property=\"og:description\" content=\"Ai nevoie de informa\u021bii despre factur\u0103? Asistentul nostru virtual \u00ee\u021bi ofer\u0103 suport instant pentru sold, pl\u0103\u021bi \u0219i copii de facturi. Acceseaz\u0103-l acum, rapid \u0219i simplu\" \/>\n<meta property=\"og:url\" content=\"https:\/\/www.ppcenergy.ro\/hu\/digitalis-szolgaltatasok\/chatbot-virtualis-asszisztens\/\" \/>\n<meta property=\"og:site_name\" content=\"PPC\" \/>\n<meta property=\"article:publisher\" content=\"https:\/\/www.facebook.com\/ppcenergy\" \/>\n<meta property=\"article:modified_time\" content=\"2025-08-14T10:14:31+00:00\" \/>\n<meta name=\"twitter:card\" content=\"summary_large_image\" \/>\n<meta name=\"twitter:title\" content=\"Chatbot virtu\u00e1lis asszisztens\" \/>\n<meta name=\"twitter:site\" content=\"@PPCEnergyRo\" \/>\n<meta name=\"twitter:label1\" content=\"Est. reading time\" \/>\n\t<meta name=\"twitter:data1\" content=\"1 perc\" \/>\n<script type=\"application\/ld+json\" class=\"yoast-schema-graph\">{\"@context\":\"https:\\\/\\\/schema.org\",\"@graph\":[{\"@type\":\"WebPage\",\"@id\":\"https:\\\/\\\/www.ppcenergy.ro\\\/hu\\\/digitalis-szolgaltatasok\\\/chatbot-virtualis-asszisztens\\\/\",\"url\":\"https:\\\/\\\/www.ppcenergy.ro\\\/hu\\\/digitalis-szolgaltatasok\\\/chatbot-virtualis-asszisztens\\\/\",\"name\":\"Virtu\u00e1lis asszisztens\u00fcnk - gyors, id\u0151takar\u00e9kos t\u00e1mogat\u00e1s - PPC\",\"isPartOf\":{\"@id\":\"https:\\\/\\\/www.ppcenergy.ro\\\/#website\"},\"datePublished\":\"2025-02-20T09:37:18+00:00\",\"dateModified\":\"2025-08-14T10:14:31+00:00\",\"description\":\"Sz\u00fcks\u00e9ge van sz\u00e1mlainform\u00e1ci\u00f3ra? Virtu\u00e1lis asszisztens\u00fcnk azonnali t\u00e1mogat\u00e1st ny\u00fajt az egyenlegek, kifizet\u00e9sek \u00e9s sz\u00e1mlam\u00e1solatok tekintet\u00e9ben. Most gyorsan \u00e9s egyszer\u0171en hozz\u00e1f\u00e9rhet.\",\"breadcrumb\":{\"@id\":\"https:\\\/\\\/www.ppcenergy.ro\\\/hu\\\/digitalis-szolgaltatasok\\\/chatbot-virtualis-asszisztens\\\/#breadcrumb\"},\"inLanguage\":\"hu\",\"potentialAction\":[{\"@type\":\"ReadAction\",\"target\":[\"https:\\\/\\\/www.ppcenergy.ro\\\/hu\\\/digitalis-szolgaltatasok\\\/chatbot-virtualis-asszisztens\\\/\"]}]},{\"@type\":\"BreadcrumbList\",\"@id\":\"https:\\\/\\\/www.ppcenergy.ro\\\/hu\\\/digitalis-szolgaltatasok\\\/chatbot-virtualis-asszisztens\\\/#breadcrumb\",\"itemListElement\":[{\"@type\":\"ListItem\",\"position\":1,\"name\":\"Home\",\"item\":\"https:\\\/\\\/www.ppcenergy.ro\\\/hu\\\/\"},{\"@type\":\"ListItem\",\"position\":2,\"name\":\"Digit\u00e1lis szolg\u00e1ltat\u00e1sok\",\"item\":\"https:\\\/\\\/www.ppcenergy.ro\\\/hu\\\/digitalis-szolgaltatasok\\\/\"},{\"@type\":\"ListItem\",\"position\":3,\"name\":\"Chatbot virtu\u00e1lis asszisztens\"}]},{\"@type\":\"WebSite\",\"@id\":\"https:\\\/\\\/www.ppcenergy.ro\\\/#website\",\"url\":\"https:\\\/\\\/www.ppcenergy.ro\\\/\",\"name\":\"PPC\",\"description\":\"Energy\",\"publisher\":{\"@id\":\"https:\\\/\\\/www.ppcenergy.ro\\\/#organization\"},\"potentialAction\":[{\"@type\":\"SearchAction\",\"target\":{\"@type\":\"EntryPoint\",\"urlTemplate\":\"https:\\\/\\\/www.ppcenergy.ro\\\/?s={search_term_string}\"},\"query-input\":{\"@type\":\"PropertyValueSpecification\",\"valueRequired\":true,\"valueName\":\"search_term_string\"}}],\"inLanguage\":\"hu\"},{\"@type\":\"Organization\",\"@id\":\"https:\\\/\\\/www.ppcenergy.ro\\\/#organization\",\"name\":\"PPC\",\"url\":\"https:\\\/\\\/www.ppcenergy.ro\\\/\",\"logo\":{\"@type\":\"ImageObject\",\"inLanguage\":\"hu\",\"@id\":\"https:\\\/\\\/www.ppcenergy.ro\\\/#\\\/schema\\\/logo\\\/image\\\/\",\"url\":\"https:\\\/\\\/www.ppcenergy.ro\\\/wp-content\\\/uploads\\\/cropped-favicon.webp\",\"contentUrl\":\"https:\\\/\\\/www.ppcenergy.ro\\\/wp-content\\\/uploads\\\/cropped-favicon.webp\",\"width\":512,\"height\":512,\"caption\":\"PPC\"},\"image\":{\"@id\":\"https:\\\/\\\/www.ppcenergy.ro\\\/#\\\/schema\\\/logo\\\/image\\\/\"},\"sameAs\":[\"https:\\\/\\\/www.facebook.com\\\/ppcenergy\",\"https:\\\/\\\/x.com\\\/PPCEnergyRo\",\"https:\\\/\\\/www.instagram.com\\\/ppcenergyro\\\/\",\"https:\\\/\\\/www.youtube.com\\\/@PPCEnergy\",\"https:\\\/\\\/www.linkedin.com\\\/company\\\/ppc-energy\\\/\"]}]}<\/script>\n<!-- \/ Yoast SEO Premium plugin. -->","yoast_head_json":{"title":"Virtu\u00e1lis asszisztens\u00fcnk - gyors, id\u0151takar\u00e9kos t\u00e1mogat\u00e1s - PPC","description":"Sz\u00fcks\u00e9ge van sz\u00e1mlainform\u00e1ci\u00f3ra? Virtu\u00e1lis asszisztens\u00fcnk azonnali t\u00e1mogat\u00e1st ny\u00fajt az egyenlegek, kifizet\u00e9sek \u00e9s sz\u00e1mlam\u00e1solatok tekintet\u00e9ben. Most gyorsan \u00e9s egyszer\u0171en hozz\u00e1f\u00e9rhet.","robots":{"index":"index","follow":"follow","max-snippet":"max-snippet:-1","max-image-preview":"max-image-preview:large","max-video-preview":"max-video-preview:-1"},"canonical":"https:\/\/www.ppcenergy.ro\/hu\/digitalis-szolgaltatasok\/chatbot-virtualis-asszisztens\/","og_locale":"hu_HU","og_type":"article","og_title":"Asistentul nostru virtual \u2013 suport rapid, economie de timp - PPC","og_description":"Ai nevoie de informa\u021bii despre factur\u0103? Asistentul nostru virtual \u00ee\u021bi ofer\u0103 suport instant pentru sold, pl\u0103\u021bi \u0219i copii de facturi. Acceseaz\u0103-l acum, rapid \u0219i simplu","og_url":"https:\/\/www.ppcenergy.ro\/hu\/digitalis-szolgaltatasok\/chatbot-virtualis-asszisztens\/","og_site_name":"PPC","article_publisher":"https:\/\/www.facebook.com\/ppcenergy","article_modified_time":"2025-08-14T10:14:31+00:00","twitter_card":"summary_large_image","twitter_title":"Chatbot virtu\u00e1lis asszisztens","twitter_site":"@PPCEnergyRo","twitter_misc":{"Est. reading time":"1 perc"},"schema":{"@context":"https:\/\/schema.org","@graph":[{"@type":"WebPage","@id":"https:\/\/www.ppcenergy.ro\/hu\/digitalis-szolgaltatasok\/chatbot-virtualis-asszisztens\/","url":"https:\/\/www.ppcenergy.ro\/hu\/digitalis-szolgaltatasok\/chatbot-virtualis-asszisztens\/","name":"Virtu\u00e1lis asszisztens\u00fcnk - gyors, id\u0151takar\u00e9kos t\u00e1mogat\u00e1s - PPC","isPartOf":{"@id":"https:\/\/www.ppcenergy.ro\/#website"},"datePublished":"2025-02-20T09:37:18+00:00","dateModified":"2025-08-14T10:14:31+00:00","description":"Sz\u00fcks\u00e9ge van sz\u00e1mlainform\u00e1ci\u00f3ra? Virtu\u00e1lis asszisztens\u00fcnk azonnali t\u00e1mogat\u00e1st ny\u00fajt az egyenlegek, kifizet\u00e9sek \u00e9s sz\u00e1mlam\u00e1solatok tekintet\u00e9ben. Most gyorsan \u00e9s egyszer\u0171en hozz\u00e1f\u00e9rhet.","breadcrumb":{"@id":"https:\/\/www.ppcenergy.ro\/hu\/digitalis-szolgaltatasok\/chatbot-virtualis-asszisztens\/#breadcrumb"},"inLanguage":"hu","potentialAction":[{"@type":"ReadAction","target":["https:\/\/www.ppcenergy.ro\/hu\/digitalis-szolgaltatasok\/chatbot-virtualis-asszisztens\/"]}]},{"@type":"BreadcrumbList","@id":"https:\/\/www.ppcenergy.ro\/hu\/digitalis-szolgaltatasok\/chatbot-virtualis-asszisztens\/#breadcrumb","itemListElement":[{"@type":"ListItem","position":1,"name":"Home","item":"https:\/\/www.ppcenergy.ro\/hu\/"},{"@type":"ListItem","position":2,"name":"Digit\u00e1lis szolg\u00e1ltat\u00e1sok","item":"https:\/\/www.ppcenergy.ro\/hu\/digitalis-szolgaltatasok\/"},{"@type":"ListItem","position":3,"name":"Chatbot virtu\u00e1lis asszisztens"}]},{"@type":"WebSite","@id":"https:\/\/www.ppcenergy.ro\/#website","url":"https:\/\/www.ppcenergy.ro\/","name":"PPC","description":"Energy","publisher":{"@id":"https:\/\/www.ppcenergy.ro\/#organization"},"potentialAction":[{"@type":"SearchAction","target":{"@type":"EntryPoint","urlTemplate":"https:\/\/www.ppcenergy.ro\/?s={search_term_string}"},"query-input":{"@type":"PropertyValueSpecification","valueRequired":true,"valueName":"search_term_string"}}],"inLanguage":"hu"},{"@type":"Organization","@id":"https:\/\/www.ppcenergy.ro\/#organization","name":"PPC","url":"https:\/\/www.ppcenergy.ro\/","logo":{"@type":"ImageObject","inLanguage":"hu","@id":"https:\/\/www.ppcenergy.ro\/#\/schema\/logo\/image\/","url":"https:\/\/www.ppcenergy.ro\/wp-content\/uploads\/cropped-favicon.webp","contentUrl":"https:\/\/www.ppcenergy.ro\/wp-content\/uploads\/cropped-favicon.webp","width":512,"height":512,"caption":"PPC"},"image":{"@id":"https:\/\/www.ppcenergy.ro\/#\/schema\/logo\/image\/"},"sameAs":["https:\/\/www.facebook.com\/ppcenergy","https:\/\/x.com\/PPCEnergyRo","https:\/\/www.instagram.com\/ppcenergyro\/","https:\/\/www.youtube.com\/@PPCEnergy","https:\/\/www.linkedin.com\/company\/ppc-energy\/"]}]}},"parsely":{"version":"1.1.0","canonical_url":"https:\/\/ppcenergy.ro\/hu\/digitalis-szolgaltatasok\/chatbot-virtualis-asszisztens\/","smart_links":{"inbound":0,"outbound":0},"traffic_boost_suggestions_count":0,"meta":{"@context":"https:\/\/schema.org","@type":"WebPage","headline":"Chatbot virtu\u00e1lis asszisztens","url":"https:\/\/www.ppcenergy.ro\/hu\/digitalis-szolgaltatasok\/chatbot-virtualis-asszisztens\/","mainEntityOfPage":{"@type":"WebPage","@id":"https:\/\/www.ppcenergy.ro\/hu\/digitalis-szolgaltatasok\/chatbot-virtualis-asszisztens\/"},"thumbnailUrl":"","image":{"@type":"ImageObject","url":""},"articleSection":"Uncategorized @hu","author":[{"@type":"Person","name":"Madalina-Elena Dragan"}],"creator":["Madalina-Elena Dragan"],"publisher":{"@type":"Organization","name":"PPC","logo":""},"keywords":[],"dateCreated":"2025-02-20T09:37:18Z","datePublished":"2025-02-20T09:37:18Z","dateModified":"2025-08-14T10:14:31Z"},"rendered":"<meta name=\"parsely-title\" content=\"Chatbot virtu\u00e1lis asszisztens\" \/>\n<meta name=\"parsely-link\" content=\"https:\/\/www.ppcenergy.ro\/hu\/digitalis-szolgaltatasok\/chatbot-virtualis-asszisztens\/\" \/>\n<meta name=\"parsely-type\" content=\"index\" \/>\n<meta name=\"parsely-pub-date\" content=\"2025-02-20T09:37:18Z\" \/>\n<meta name=\"parsely-section\" content=\"Uncategorized @hu\" \/>\n<meta name=\"parsely-author\" content=\"Madalina-Elena Dragan\" \/>","tracker_url":"https:\/\/cdn.parsely.com\/keys\/ppcenergy.ro\/p.js"},"_links":{"self":[{"href":"https:\/\/www.ppcenergy.ro\/hu\/wp-json\/wp\/v2\/pages\/24629","targetHints":{"allow":["GET"]}}],"collection":[{"href":"https:\/\/www.ppcenergy.ro\/hu\/wp-json\/wp\/v2\/pages"}],"about":[{"href":"https:\/\/www.ppcenergy.ro\/hu\/wp-json\/wp\/v2\/types\/page"}],"author":[{"embeddable":true,"href":"https:\/\/www.ppcenergy.ro\/hu\/wp-json\/wp\/v2\/users\/48"}],"replies":[{"embeddable":true,"href":"https:\/\/www.ppcenergy.ro\/hu\/wp-json\/wp\/v2\/comments?post=24629"}],"version-history":[{"count":7,"href":"https:\/\/www.ppcenergy.ro\/hu\/wp-json\/wp\/v2\/pages\/24629\/revisions"}],"predecessor-version":[{"id":25009,"href":"https:\/\/www.ppcenergy.ro\/hu\/wp-json\/wp\/v2\/pages\/24629\/revisions\/25009"}],"up":[{"embeddable":true,"href":"https:\/\/www.ppcenergy.ro\/hu\/wp-json\/wp\/v2\/pages\/24423"}],"wp:attachment":[{"href":"https:\/\/www.ppcenergy.ro\/hu\/wp-json\/wp\/v2\/media?parent=24629"}],"curies":[{"name":"wp","href":"https:\/\/api.w.org\/{rel}","templated":true}]}}