{"id":18528,"date":"2024-03-19T09:41:27","date_gmt":"2024-03-19T07:41:27","guid":{"rendered":"https:\/\/www.ppcenergy.ro\/ppc-media\/comunicate-de-presa\/"},"modified":"2025-06-03T20:45:10","modified_gmt":"2025-06-03T17:45:10","slug":"sajtokozlemenyek","status":"publish","type":"page","link":"https:\/\/www.ppcenergy.ro\/hu\/ppc-media\/sajtokozlemenyek\/","title":{"rendered":"Sajt\u00f3k\u00f6zlem\u00e9nyek"},"content":{"rendered":"<section id=\"\" class=\"block-top-product \">\n    <div class='top-product'>\n                <div class=\"full-slide  fullproduct  articles left slider-type-gradient\">\n                                        <div\n                    class='gradient desktop bottomright darkblue full eleven_per_row'>\n                    <div class='line line1'><\/div>\n                    <div class='line line2'><\/div>\n                    <div class='line line3'><\/div>\n                    <div class='line line4'><\/div>\n                                                                <div class='line line5'><\/div>\n                        <div class='line line6'><\/div>\n                        <div class='line line7'><\/div>\n                        <div class='line line8'><\/div>\n                        <div class='line line9'><\/div>\n                        <div class='line line10'><\/div>\n                        <div class='line line11'><\/div>\n                                    <\/div>\n                                                    <div class=\"product-textbox  text-color-white\">\n                                            <div\n                            class='gradient mobile bottomright darkblue full eleven_per_row'>\n                            <div class='line line1'><\/div>\n                            <div class='line line2'><\/div>\n                            <div class='line line3'><\/div>\n                            <div class='line line4'><\/div>\n                                                                                        <div class='line line5'><\/div>\n                                <div class='line line6'><\/div>\n                                <div class='line line7'><\/div>\n                                <div class='line line8'><\/div>\n                                <div class='line line9'><\/div>\n                                <div class='line line10'><\/div>\n                                <div class='line line11'><\/div>\n                                                    <\/div>\n                    \n                                                                                    <h2 class=\"title\">\n                        Sajt\u00f3k\u00f6zlem\u00e9nyek                        <\/h2>\n                                                                                    <div class=\"text\">\n                            <p><p>A PPC Rom\u00e1ni\u00e1val kapcsolatos legfrissebb inform\u00e1ci\u00f3k sajt\u00f3k\u00f6zlem\u00e9nyeinkb\u0151l.<\/p>\n<\/p>\n                        <\/div>\n                                                                                \n                                                        <\/div>\n                    <\/div>\n    <\/div>\n<\/section>\n\n<section id=\"\" class=\"block-breadcrumbs\">\n    <ul id=\"breadcrumbs\" itemprop=\"breadcrumb\" class=\"breadcrumbs\"><li><a rel=\"home\" href=\"https:\/\/www.ppcenergy.ro\/hu\/\"><span class=\"logo-breadcrumbs\"><\/span><\/a><\/li><\/ul><\/section>\n\n<section id=\"\" class=\"block-article-list\" >\n    <form action=\"https:\/\/www.ppcenergy.ro\/wp-admin\/admin-ajax.php\" method=\"POST\" id=\"ArticleListFilters\" class=\"article-list-filters\" enctype=\"multipart\/form-data\">\n        <input type=\"hidden\" name=\"action\" value=\"artile_list_filters\" \/>\n        <input type=\"hidden\" name=\"type_list\" value=\"comunicat\" \/>\n        <input type=\"hidden\" name=\"page_article\" value=\"https:\/\/www.ppcenergy.ro\/hu\/ppc-media\/sajtokozlemenyek\/\" \/>\n        <div class=\"filter-toggle-sort\">\n            <div class=\"toggle-filters-articles global-button global-button-border-gray\"><div class=\"icon-filters\"><\/div><\/div>\n            <div class=\"custom-select-box\">\n                <select name=\"order_article\">\n                    <option value=\"DESC\"><\/option>\n                    <option value=\"ASC\"><\/option>\n                <\/select>\n            <\/div>\n        <\/div>\n        <div class=\"filters-hidden\">\n            <h3 class=\"filters-title\"><\/h3>\n                        <div class=\"filter-box\">\n                <div class=\"filter-title\"><\/div>\n                <div class=\"custom-select-box\">\n                    <select name=\"has_document\">\n                        <option value=\"\"><\/option>\n                        <option value=\"1\"><\/option>\n                        <option value=\"0\"><\/option>\n                    <\/select>\n                <\/div>\n            <\/div>\n            <div class=\"filter-box\">\n                <div class=\"filter-title\"><\/div>\n                <div class=\"filer-dates\">\n                    <div class=\"date-filter\">\n                        <input type=\"text\" name=\"date_from\" id=\"DateStart\" value=\"\" placeholder=\"ZZ\/LL\/AAAA\"\/><\/div>\n                    <div class=\"date-filter\">\n                        <input type=\"text\" name=\"date_to\" id=\"DateEnd\" value=\"\" placeholder=\"ZZ\/LL\/AAAA\"\/>\n                    <\/div>\n                <\/div>\n            <\/div>\n            <input type=\"radio\" id=\"recent\" name=\"recent_arhive\" value=\"recent\" checked=\"checked\">\n            <input type=\"radio\" id=\"archive\" name=\"recent_arhive\" value=\"archive\">\n            <div id=\"resetFilters\" class=\"reset\"><\/div>\n        <\/div>\n        <div class='tabs-selector-news'>\n            <label class=\"tabs-news active\" for=\"recent\"><div class=\"icon-tab icon-tab-recent\"><\/div><div class=\"titlecards\"><\/div><\/label>\n            <label class=\"tabs-news\" for=\"archive\"><div class=\"icon-tab icon-tab-archive\"><\/div><div class=\"titlecards\"><\/div><\/label>\n        <\/div>\n    <\/form>\n    <div class=\"artile-list\">\n                        <article class=\"article\">\n                    <a href='https:\/\/www.ppcenergy.ro\/hu\/media\/comunicate-de-presa\/ppc-energie-ofera-suport-in-limba-maghiara-printr-un-call-center-si-pagina-web-dedicate\/' class='image'>\n                                                                            <img decoding=\"async\" class=\"noimg\" src=\"https:\/\/www.ppcenergy.ro\/wp-content\/themes\/ppc\/assets\/images\/no-image.jpg\" alt=\"no image\"\/>\n                                              \n                    <\/a>\n                    <div class='content-press'>\n                        <div class='left-press'>\n                            <div class='label-category'>\n                                <div class='label'>Comunicat de pres\u0103<\/div>\n                                <div class='category'><\/div>\n                            <\/div>\n                            <a href='https:\/\/www.ppcenergy.ro\/hu\/media\/comunicate-de-presa\/ppc-energie-ofera-suport-in-limba-maghiara-printr-un-call-center-si-pagina-web-dedicate\/' class='title-list'>A PPC Energie magyar nyelv\u0171 t\u00e1mogat\u00e1st k\u00edn\u00e1l dedik\u00e1lt call centeren \u00e9s weboldalon kereszt\u00fcl<\/a>\n                            <div class='excerpt-list'><p>A PPC Energie magyar nyelv\u0171 t\u00e1mogat\u00e1st k\u00edn\u00e1l dedik\u00e1lt call centeren \u00e9s weboldalon kereszt\u00fcl Cs\u00edkszereda \u2013 A PPC csoport rom\u00e1niai energiaszolg\u00e1ltat\u00f3 v\u00e1llalata, a PPC Energie elind\u00edtott egy call centert, amely lehet\u0151s\u00e9get biztos\u00edt az \u00fcgyfeleknek arra, hogy a c\u00e9g szakembereivel magyar nyelven besz\u00e9ljenek, valamint a v\u00e1llalat weboldal\u00e1nak magyar nyelv\u0171 v\u00e1ltozat\u00e1t: www.ppcenergy.ro\/hu. A call center a 021.9977-es telefonsz\u00e1mon [&hellip;]<\/p>\n<\/div>\n                            <div class='post-date'>19 szeptember 2025<\/div>\n                        <\/div>\n                        <div class='right-press'>\n                                                            <a href=\"https:\/\/www.ppcenergy.ro\/wp-content\/uploads\/comunicat-de-presa-ppc-energie-ofera-suport-in-limba-maghiara-hu.pdf\" target=\"_blank\" class=\"right-document\">\n                                                                            <div class=\"size-document\">pdf (71,90 KB)<\/div>\n                                                                    <\/a>\n                                                    <\/div>\n                    <\/div>\n                <\/article>\n                    <\/div>\n    <div id=\"response_articles\"><\/div>\n<\/section>","protected":false},"excerpt":{"rendered":"","protected":false},"author":48,"featured_media":0,"parent":18365,"menu_order":0,"comment_status":"closed","ping_status":"closed","template":"","meta":{"_acf_changed":false,"footnotes":""},"class_list":["post-18528","page","type-page","status-publish","hentry"],"acf":[],"yoast_head":"<!-- This site is optimized with the Yoast SEO Premium plugin v21.8 (Yoast SEO v27.3) - https:\/\/yoast.com\/product\/yoast-seo-premium-wordpress\/ -->\n<title>Sajt\u00f3k\u00f6zlem\u00e9nyek - PPC<\/title>\n<meta name=\"description\" content=\"A PPC Rom\u00e1nia \u00f6sszes sajt\u00f3k\u00f6zlem\u00e9nye.\" \/>\n<meta name=\"robots\" content=\"index, follow, max-snippet:-1, max-image-preview:large, max-video-preview:-1\" \/>\n<link rel=\"canonical\" href=\"https:\/\/www.ppcenergy.ro\/hu\/ppc-media\/sajtokozlemenyek\/\" \/>\n<meta property=\"og:locale\" content=\"hu_HU\" \/>\n<meta property=\"og:type\" content=\"article\" \/>\n<meta property=\"og:title\" content=\"Sajt\u00f3k\u00f6zlem\u00e9nyek\" \/>\n<meta property=\"og:description\" content=\"A PPC Rom\u00e1nia \u00f6sszes sajt\u00f3k\u00f6zlem\u00e9nye.\" \/>\n<meta property=\"og:url\" content=\"https:\/\/www.ppcenergy.ro\/hu\/ppc-media\/sajtokozlemenyek\/\" \/>\n<meta property=\"og:site_name\" content=\"PPC\" \/>\n<meta property=\"article:publisher\" content=\"https:\/\/www.facebook.com\/ppcenergy\" \/>\n<meta property=\"article:modified_time\" content=\"2025-06-03T17:45:10+00:00\" \/>\n<meta name=\"twitter:card\" content=\"summary_large_image\" \/>\n<meta name=\"twitter:title\" content=\"Sajt\u00f3k\u00f6zlem\u00e9nyek\" \/>\n<meta name=\"twitter:site\" content=\"@PPCEnergyRo\" \/>\n<script type=\"application\/ld+json\" class=\"yoast-schema-graph\">{\"@context\":\"https:\\\/\\\/schema.org\",\"@graph\":[{\"@type\":\"WebPage\",\"@id\":\"https:\\\/\\\/www.ppcenergy.ro\\\/hu\\\/ppc-media\\\/sajtokozlemenyek\\\/\",\"url\":\"https:\\\/\\\/www.ppcenergy.ro\\\/hu\\\/ppc-media\\\/sajtokozlemenyek\\\/\",\"name\":\"Sajt\u00f3k\u00f6zlem\u00e9nyek - PPC\",\"isPartOf\":{\"@id\":\"https:\\\/\\\/www.ppcenergy.ro\\\/#website\"},\"datePublished\":\"2024-03-19T07:41:27+00:00\",\"dateModified\":\"2025-06-03T17:45:10+00:00\",\"description\":\"A PPC Rom\u00e1nia \u00f6sszes sajt\u00f3k\u00f6zlem\u00e9nye.\",\"breadcrumb\":{\"@id\":\"https:\\\/\\\/www.ppcenergy.ro\\\/hu\\\/ppc-media\\\/sajtokozlemenyek\\\/#breadcrumb\"},\"inLanguage\":\"hu\",\"potentialAction\":[{\"@type\":\"ReadAction\",\"target\":[\"https:\\\/\\\/www.ppcenergy.ro\\\/hu\\\/ppc-media\\\/sajtokozlemenyek\\\/\"]}]},{\"@type\":\"BreadcrumbList\",\"@id\":\"https:\\\/\\\/www.ppcenergy.ro\\\/hu\\\/ppc-media\\\/sajtokozlemenyek\\\/#breadcrumb\",\"itemListElement\":[{\"@type\":\"ListItem\",\"position\":1,\"name\":\"Home\",\"item\":\"https:\\\/\\\/www.ppcenergy.ro\\\/hu\\\/\"},{\"@type\":\"ListItem\",\"position\":2,\"name\":\"M\u00e9dia\",\"item\":\"https:\\\/\\\/www.ppcenergy.ro\\\/hu\\\/ppc-media\\\/\"},{\"@type\":\"ListItem\",\"position\":3,\"name\":\"Sajt\u00f3k\u00f6zlem\u00e9nyek\"}]},{\"@type\":\"WebSite\",\"@id\":\"https:\\\/\\\/www.ppcenergy.ro\\\/#website\",\"url\":\"https:\\\/\\\/www.ppcenergy.ro\\\/\",\"name\":\"PPC\",\"description\":\"Energy\",\"publisher\":{\"@id\":\"https:\\\/\\\/www.ppcenergy.ro\\\/#organization\"},\"potentialAction\":[{\"@type\":\"SearchAction\",\"target\":{\"@type\":\"EntryPoint\",\"urlTemplate\":\"https:\\\/\\\/www.ppcenergy.ro\\\/?s={search_term_string}\"},\"query-input\":{\"@type\":\"PropertyValueSpecification\",\"valueRequired\":true,\"valueName\":\"search_term_string\"}}],\"inLanguage\":\"hu\"},{\"@type\":\"Organization\",\"@id\":\"https:\\\/\\\/www.ppcenergy.ro\\\/#organization\",\"name\":\"PPC\",\"url\":\"https:\\\/\\\/www.ppcenergy.ro\\\/\",\"logo\":{\"@type\":\"ImageObject\",\"inLanguage\":\"hu\",\"@id\":\"https:\\\/\\\/www.ppcenergy.ro\\\/#\\\/schema\\\/logo\\\/image\\\/\",\"url\":\"https:\\\/\\\/www.ppcenergy.ro\\\/wp-content\\\/uploads\\\/cropped-favicon.webp\",\"contentUrl\":\"https:\\\/\\\/www.ppcenergy.ro\\\/wp-content\\\/uploads\\\/cropped-favicon.webp\",\"width\":512,\"height\":512,\"caption\":\"PPC\"},\"image\":{\"@id\":\"https:\\\/\\\/www.ppcenergy.ro\\\/#\\\/schema\\\/logo\\\/image\\\/\"},\"sameAs\":[\"https:\\\/\\\/www.facebook.com\\\/ppcenergy\",\"https:\\\/\\\/x.com\\\/PPCEnergyRo\",\"https:\\\/\\\/www.instagram.com\\\/ppcenergyro\\\/\",\"https:\\\/\\\/www.youtube.com\\\/@PPCEnergy\",\"https:\\\/\\\/www.linkedin.com\\\/company\\\/ppc-energy\\\/\"]}]}<\/script>\n<!-- \/ Yoast SEO Premium plugin. -->","yoast_head_json":{"title":"Sajt\u00f3k\u00f6zlem\u00e9nyek - PPC","description":"A PPC Rom\u00e1nia \u00f6sszes sajt\u00f3k\u00f6zlem\u00e9nye.","robots":{"index":"index","follow":"follow","max-snippet":"max-snippet:-1","max-image-preview":"max-image-preview:large","max-video-preview":"max-video-preview:-1"},"canonical":"https:\/\/www.ppcenergy.ro\/hu\/ppc-media\/sajtokozlemenyek\/","og_locale":"hu_HU","og_type":"article","og_title":"Sajt\u00f3k\u00f6zlem\u00e9nyek","og_description":"A PPC Rom\u00e1nia \u00f6sszes sajt\u00f3k\u00f6zlem\u00e9nye.","og_url":"https:\/\/www.ppcenergy.ro\/hu\/ppc-media\/sajtokozlemenyek\/","og_site_name":"PPC","article_publisher":"https:\/\/www.facebook.com\/ppcenergy","article_modified_time":"2025-06-03T17:45:10+00:00","twitter_card":"summary_large_image","twitter_title":"Sajt\u00f3k\u00f6zlem\u00e9nyek","twitter_site":"@PPCEnergyRo","schema":{"@context":"https:\/\/schema.org","@graph":[{"@type":"WebPage","@id":"https:\/\/www.ppcenergy.ro\/hu\/ppc-media\/sajtokozlemenyek\/","url":"https:\/\/www.ppcenergy.ro\/hu\/ppc-media\/sajtokozlemenyek\/","name":"Sajt\u00f3k\u00f6zlem\u00e9nyek - PPC","isPartOf":{"@id":"https:\/\/www.ppcenergy.ro\/#website"},"datePublished":"2024-03-19T07:41:27+00:00","dateModified":"2025-06-03T17:45:10+00:00","description":"A PPC Rom\u00e1nia \u00f6sszes sajt\u00f3k\u00f6zlem\u00e9nye.","breadcrumb":{"@id":"https:\/\/www.ppcenergy.ro\/hu\/ppc-media\/sajtokozlemenyek\/#breadcrumb"},"inLanguage":"hu","potentialAction":[{"@type":"ReadAction","target":["https:\/\/www.ppcenergy.ro\/hu\/ppc-media\/sajtokozlemenyek\/"]}]},{"@type":"BreadcrumbList","@id":"https:\/\/www.ppcenergy.ro\/hu\/ppc-media\/sajtokozlemenyek\/#breadcrumb","itemListElement":[{"@type":"ListItem","position":1,"name":"Home","item":"https:\/\/www.ppcenergy.ro\/hu\/"},{"@type":"ListItem","position":2,"name":"M\u00e9dia","item":"https:\/\/www.ppcenergy.ro\/hu\/ppc-media\/"},{"@type":"ListItem","position":3,"name":"Sajt\u00f3k\u00f6zlem\u00e9nyek"}]},{"@type":"WebSite","@id":"https:\/\/www.ppcenergy.ro\/#website","url":"https:\/\/www.ppcenergy.ro\/","name":"PPC","description":"Energy","publisher":{"@id":"https:\/\/www.ppcenergy.ro\/#organization"},"potentialAction":[{"@type":"SearchAction","target":{"@type":"EntryPoint","urlTemplate":"https:\/\/www.ppcenergy.ro\/?s={search_term_string}"},"query-input":{"@type":"PropertyValueSpecification","valueRequired":true,"valueName":"search_term_string"}}],"inLanguage":"hu"},{"@type":"Organization","@id":"https:\/\/www.ppcenergy.ro\/#organization","name":"PPC","url":"https:\/\/www.ppcenergy.ro\/","logo":{"@type":"ImageObject","inLanguage":"hu","@id":"https:\/\/www.ppcenergy.ro\/#\/schema\/logo\/image\/","url":"https:\/\/www.ppcenergy.ro\/wp-content\/uploads\/cropped-favicon.webp","contentUrl":"https:\/\/www.ppcenergy.ro\/wp-content\/uploads\/cropped-favicon.webp","width":512,"height":512,"caption":"PPC"},"image":{"@id":"https:\/\/www.ppcenergy.ro\/#\/schema\/logo\/image\/"},"sameAs":["https:\/\/www.facebook.com\/ppcenergy","https:\/\/x.com\/PPCEnergyRo","https:\/\/www.instagram.com\/ppcenergyro\/","https:\/\/www.youtube.com\/@PPCEnergy","https:\/\/www.linkedin.com\/company\/ppc-energy\/"]}]}},"parsely":{"version":"1.1.0","canonical_url":"https:\/\/ppcenergy.ro\/hu\/ppc-media\/sajtokozlemenyek\/","smart_links":{"inbound":0,"outbound":0},"traffic_boost_suggestions_count":0,"meta":{"@context":"https:\/\/schema.org","@type":"WebPage","headline":"Sajt\u00f3k\u00f6zlem\u00e9nyek","url":"https:\/\/www.ppcenergy.ro\/hu\/ppc-media\/sajtokozlemenyek\/","mainEntityOfPage":{"@type":"WebPage","@id":"https:\/\/www.ppcenergy.ro\/hu\/ppc-media\/sajtokozlemenyek\/"},"thumbnailUrl":"","image":{"@type":"ImageObject","url":""},"articleSection":"Uncategorized @hu","author":[{"@type":"Person","name":"Madalina-Elena Dragan"}],"creator":["Madalina-Elena Dragan"],"publisher":{"@type":"Organization","name":"PPC","logo":""},"keywords":[],"dateCreated":"2024-03-19T07:41:27Z","datePublished":"2024-03-19T07:41:27Z","dateModified":"2025-06-03T17:45:10Z"},"rendered":"<meta name=\"parsely-title\" content=\"Sajt\u00f3k\u00f6zlem\u00e9nyek\" \/>\n<meta name=\"parsely-link\" content=\"https:\/\/www.ppcenergy.ro\/hu\/ppc-media\/sajtokozlemenyek\/\" \/>\n<meta name=\"parsely-type\" content=\"index\" \/>\n<meta name=\"parsely-pub-date\" content=\"2024-03-19T07:41:27Z\" \/>\n<meta name=\"parsely-section\" content=\"Uncategorized @hu\" \/>\n<meta name=\"parsely-author\" content=\"Madalina-Elena Dragan\" \/>","tracker_url":"https:\/\/cdn.parsely.com\/keys\/ppcenergy.ro\/p.js"},"_links":{"self":[{"href":"https:\/\/www.ppcenergy.ro\/hu\/wp-json\/wp\/v2\/pages\/18528","targetHints":{"allow":["GET"]}}],"collection":[{"href":"https:\/\/www.ppcenergy.ro\/hu\/wp-json\/wp\/v2\/pages"}],"about":[{"href":"https:\/\/www.ppcenergy.ro\/hu\/wp-json\/wp\/v2\/types\/page"}],"author":[{"embeddable":true,"href":"https:\/\/www.ppcenergy.ro\/hu\/wp-json\/wp\/v2\/users\/48"}],"replies":[{"embeddable":true,"href":"https:\/\/www.ppcenergy.ro\/hu\/wp-json\/wp\/v2\/comments?post=18528"}],"version-history":[{"count":1,"href":"https:\/\/www.ppcenergy.ro\/hu\/wp-json\/wp\/v2\/pages\/18528\/revisions"}],"predecessor-version":[{"id":18530,"href":"https:\/\/www.ppcenergy.ro\/hu\/wp-json\/wp\/v2\/pages\/18528\/revisions\/18530"}],"up":[{"embeddable":true,"href":"https:\/\/www.ppcenergy.ro\/hu\/wp-json\/wp\/v2\/pages\/18365"}],"wp:attachment":[{"href":"https:\/\/www.ppcenergy.ro\/hu\/wp-json\/wp\/v2\/media?parent=18528"}],"curies":[{"name":"wp","href":"https:\/\/api.w.org\/{rel}","templated":true}]}}