{"id":18451,"date":"2024-03-19T11:09:25","date_gmt":"2024-03-19T09:09:25","guid":{"rendered":"https:\/\/www.ppcenergy.ro\/ppc-media\/birou-de-presa\/"},"modified":"2025-06-03T16:43:16","modified_gmt":"2025-06-03T13:43:16","slug":"sajtoiroda","status":"publish","type":"page","link":"https:\/\/www.ppcenergy.ro\/hu\/ppc-media\/sajtoiroda\/","title":{"rendered":"Sajt\u00f3iroda"},"content":{"rendered":"<section id=\"\" class=\"block-top-product \">\n    <div class='top-product'>\n                <div class=\"full-slide  fullproduct  articles left slider-type-gradient\">\n                                        <div\n                    class='gradient desktop topright lightblue full eleven_per_row'>\n                    <div class='line line1'><\/div>\n                    <div class='line line2'><\/div>\n                    <div class='line line3'><\/div>\n                    <div class='line line4'><\/div>\n                                                                <div class='line line5'><\/div>\n                        <div class='line line6'><\/div>\n                        <div class='line line7'><\/div>\n                        <div class='line line8'><\/div>\n                        <div class='line line9'><\/div>\n                        <div class='line line10'><\/div>\n                        <div class='line line11'><\/div>\n                                    <\/div>\n                                                    <div class=\"product-textbox  text-color-white\">\n                                            <div\n                            class='gradient mobile topright lightblue full eleven_per_row'>\n                            <div class='line line1'><\/div>\n                            <div class='line line2'><\/div>\n                            <div class='line line3'><\/div>\n                            <div class='line line4'><\/div>\n                                                                                        <div class='line line5'><\/div>\n                                <div class='line line6'><\/div>\n                                <div class='line line7'><\/div>\n                                <div class='line line8'><\/div>\n                                <div class='line line9'><\/div>\n                                <div class='line line10'><\/div>\n                                <div class='line line11'><\/div>\n                                                    <\/div>\n                    \n                                                                                    <h2 class=\"title\">\n                        Sajt\u00f3iroda                        <\/h2>\n                                                                                    <div class=\"text\">\n                            <p><p>Tov\u00e1bbi inform\u00e1ci\u00f3ra van sz\u00fcks\u00e9ge a PPC Rom\u00e1ni\u00e1r\u00f3l?<\/p>\n<\/p>\n                        <\/div>\n                                                                                \n                                            <a class=\"global-button global-button-border-black\" href=\"https:\/\/www.ppcenergy.ro\/hu\/ppc-media\/sajtoiroda\/\"\n                           title=\"Hozz\u00e1f\u00e9r\u00e9s a sajt\u00f3anyaghoz\" target=\"_self\">\n                               Hozz\u00e1f\u00e9r\u00e9s a sajt\u00f3anyaghoz                        <\/a>\n                                                        <\/div>\n                    <\/div>\n    <\/div>\n<\/section>\n\n<section id=\"\" class=\"block-breadcrumbs\">\n    <ul id=\"breadcrumbs\" itemprop=\"breadcrumb\" class=\"breadcrumbs\"><li><a rel=\"home\" href=\"https:\/\/www.ppcenergy.ro\/hu\/\"><span class=\"logo-breadcrumbs\"><\/span><\/a><\/li><\/ul><\/section>\n\n\n<div style=\"height:32px\" aria-hidden=\"true\" class=\"wp-block-spacer\"><\/div>\n\n\n\n<h1 class=\"wp-block-heading\" id=\"h-sajtoiroda\">Sajt\u00f3iroda<\/h1>\n\n\n    <section id=\"\" class=\"block-carousel background-color- is-style-border\">\n        <div class=\"gradient gradient-global  \">\n            <div class='line line1' style=\"\"><\/div>\n            <div class='line line2' style=\"\"><\/div>\n            <div class='line line3' style=\"\"><\/div>\n            <div class='line line4' style=\"\"><\/div>\n            <div class='line line5' style=\"\"><\/div>\n            <div class='line line6' style=\"\"><\/div>\n            <div class='line line7' style=\"\"><\/div>\n            <div class='line line8' style=\"\"><\/div>\n            <div class='line line9' style=\"\"><\/div>\n            <div class='line line10' style=\"\"><\/div>\n            <div class='line line11' style=\"\"><\/div>\n        <\/div>\n        <div class=\"pull-wrapper\">\n            <div class=\"upper-slider container-pull\">\n                                    <h2 class=\"title\">\n                        Kapcsolatfelv\u00e9tel a Kommunik\u00e1ci\u00f3s Oszt\u00e1llyal                    <\/h2>\n                                <\/div>\n                    <\/div>\n        <div class='carousel-global pull-wrapper carousel-list'\n             data-slide-per-row=\"3\">\n                                 <div class=\"carousel-slide three_per_row\">\n                                            <div class=\"image-carousel\">\n                            <img decoding=\"async\" width=\"1024\" src=\"https:\/\/www.ppcenergy.ro\/wp-content\/uploads\/icon-email_52be41.svg?w=1024\" class=\"attachment-iconcarousel size-iconcarousel\" alt=\"\" \/>                                                            <div class=\"image-title-carousel\">\n                                    E-mail                                <\/div>\n                                                    <\/div>\n                                                                <div class=\"text-carousel\">\n                                                                                        <div class=\"text\">\n                                    <p>presa@ppcgroup.com<\/p>\n                                <\/div>\n                                                    <\/div>\n                                                        <\/div>\n                                <div class=\"carousel-slide three_per_row\">\n                                            <div class=\"image-carousel\">\n                            <img decoding=\"async\" width=\"1024\" src=\"https:\/\/www.ppcenergy.ro\/wp-content\/uploads\/icon-harta.svg?w=1024\" class=\"attachment-iconcarousel size-iconcarousel\" alt=\"\" \/>                                                            <div class=\"image-title-carousel\">\n                                    C\u00edm                                <\/div>\n                                                    <\/div>\n                                                                <div class=\"text-carousel\">\n                                                                                        <div class=\"text\">\n                                    <p>Bulevardul Mircea Voda, nr. 30, 2. emelet, 3. szektor, Bukarest, Rom\u00e1nia<\/p>\n                                <\/div>\n                                                    <\/div>\n                                                        <\/div>\n                        <\/div>\n            <\/section>\n\n\n<section id=\"\" class=\"block-top-download_card  container-contain\">\n    <div class='top-download_card'>\n                    <div class='gradient topleft lightblue  four_per_row'>\n                <div class='line line1'><\/div>\n                <div class='line line2'><\/div>\n                <div class='line line3'><\/div>\n                <div class='line line4'><\/div>\n            <\/div>\n                <div class=\"full-slide gradientdownload_card\">\n                            <div class=\"download_card-textbox text-color-white\">\n                                            <h2 class=\"title\">\n                            Sajt\u00f3anyag                        <\/h2>\n                                                                <div class=\"text\">\n                            <p>Fedezze fel sajt\u00f3anyagainkat tov\u00e1bbi anyagok\u00e9rt<\/p>\n<p>a PPC m\u00e1rk\u00e1r\u00f3l Rom\u00e1ni\u00e1ban!<\/p>\n                        <\/div>\n                                                                                    <div class=\"info-buttons\">\n                                                            <a class=\"global-button global-button-border-white\"\n                                   href=\"https:\/\/www.ppcenergy.ro\/media\/birou-de-presa\/press-kit\/\" title=\"Hozz\u00e1f\u00e9r\u00e9s a sajt\u00f3anyaghoz\"\n                                   target=\"_self\">\n                                       Hozz\u00e1f\u00e9r\u00e9s a sajt\u00f3anyaghoz                                <\/a>\n                                                                                <\/div>\n                                    <\/div>\n                                                    <div class=\"info-buttons-mobile\">\n                                            <a class=\"global-button global-button-border-white\"\n                           href=\"https:\/\/www.ppcenergy.ro\/media\/birou-de-presa\/press-kit\/\" title=\"Hozz\u00e1f\u00e9r\u00e9s a sajt\u00f3anyaghoz\"\n                           target=\"_self\">\n                               Hozz\u00e1f\u00e9r\u00e9s a sajt\u00f3anyaghoz                        <\/a>\n                                                        <\/div>\n                    <\/div>\n    <\/div>\n<\/section>\n\n\n<div style=\"height:96px\" aria-hidden=\"true\" class=\"wp-block-spacer\"><\/div>\n","protected":false},"excerpt":{"rendered":"<p>Sajt\u00f3iroda<\/p>\n","protected":false},"author":48,"featured_media":18366,"parent":18365,"menu_order":0,"comment_status":"closed","ping_status":"closed","template":"","meta":{"_acf_changed":false,"footnotes":""},"class_list":["post-18451","page","type-page","status-publish","has-post-thumbnail","hentry"],"acf":[],"yoast_head":"<!-- This site is optimized with the Yoast SEO Premium plugin v21.8 (Yoast SEO v27.3) - https:\/\/yoast.com\/product\/yoast-seo-premium-wordpress\/ -->\n<title>Sajt\u00f3iroda - PPC<\/title>\n<meta name=\"description\" content=\"Kapcsolatfelv\u00e9tel a PPC Rom\u00e1nia sajt\u00f3irod\u00e1j\u00e1val.\" \/>\n<meta name=\"robots\" content=\"index, follow, max-snippet:-1, max-image-preview:large, max-video-preview:-1\" \/>\n<link rel=\"canonical\" href=\"https:\/\/www.ppcenergy.ro\/hu\/ppc-media\/sajtoiroda\/\" \/>\n<meta property=\"og:locale\" content=\"hu_HU\" \/>\n<meta property=\"og:type\" content=\"article\" \/>\n<meta property=\"og:title\" content=\"Sajt\u00f3iroda\" \/>\n<meta property=\"og:description\" content=\"Kapcsolatfelv\u00e9tel a PPC Rom\u00e1nia sajt\u00f3irod\u00e1j\u00e1val.\" \/>\n<meta property=\"og:url\" content=\"https:\/\/www.ppcenergy.ro\/hu\/ppc-media\/sajtoiroda\/\" \/>\n<meta property=\"og:site_name\" content=\"PPC\" \/>\n<meta property=\"article:publisher\" content=\"https:\/\/www.facebook.com\/ppcenergy\" \/>\n<meta property=\"article:modified_time\" content=\"2025-06-03T13:43:16+00:00\" \/>\n<meta property=\"og:image\" content=\"https:\/\/www.ppcenergy.ro\/wp-content\/uploads\/media.webp\" \/>\n\t<meta property=\"og:image:width\" content=\"2121\" \/>\n\t<meta property=\"og:image:height\" content=\"1414\" \/>\n\t<meta property=\"og:image:type\" content=\"image\/webp\" \/>\n<meta name=\"twitter:card\" content=\"summary_large_image\" \/>\n<meta name=\"twitter:title\" content=\"Sajt\u00f3iroda\" \/>\n<meta name=\"twitter:site\" content=\"@PPCEnergyRo\" \/>\n<meta name=\"twitter:label1\" content=\"Est. reading time\" \/>\n\t<meta name=\"twitter:data1\" content=\"1 perc\" \/>\n<script type=\"application\/ld+json\" class=\"yoast-schema-graph\">{\"@context\":\"https:\\\/\\\/schema.org\",\"@graph\":[{\"@type\":\"WebPage\",\"@id\":\"https:\\\/\\\/www.ppcenergy.ro\\\/hu\\\/ppc-media\\\/sajtoiroda\\\/\",\"url\":\"https:\\\/\\\/www.ppcenergy.ro\\\/hu\\\/ppc-media\\\/sajtoiroda\\\/\",\"name\":\"Sajt\u00f3iroda - PPC\",\"isPartOf\":{\"@id\":\"https:\\\/\\\/www.ppcenergy.ro\\\/#website\"},\"primaryImageOfPage\":{\"@id\":\"https:\\\/\\\/www.ppcenergy.ro\\\/hu\\\/ppc-media\\\/sajtoiroda\\\/#primaryimage\"},\"image\":{\"@id\":\"https:\\\/\\\/www.ppcenergy.ro\\\/hu\\\/ppc-media\\\/sajtoiroda\\\/#primaryimage\"},\"thumbnailUrl\":\"https:\\\/\\\/www.ppcenergy.ro\\\/wp-content\\\/uploads\\\/media.webp\",\"datePublished\":\"2024-03-19T09:09:25+00:00\",\"dateModified\":\"2025-06-03T13:43:16+00:00\",\"description\":\"Kapcsolatfelv\u00e9tel a PPC Rom\u00e1nia sajt\u00f3irod\u00e1j\u00e1val.\",\"breadcrumb\":{\"@id\":\"https:\\\/\\\/www.ppcenergy.ro\\\/hu\\\/ppc-media\\\/sajtoiroda\\\/#breadcrumb\"},\"inLanguage\":\"hu\",\"potentialAction\":[{\"@type\":\"ReadAction\",\"target\":[\"https:\\\/\\\/www.ppcenergy.ro\\\/hu\\\/ppc-media\\\/sajtoiroda\\\/\"]}]},{\"@type\":\"ImageObject\",\"inLanguage\":\"hu\",\"@id\":\"https:\\\/\\\/www.ppcenergy.ro\\\/hu\\\/ppc-media\\\/sajtoiroda\\\/#primaryimage\",\"url\":\"https:\\\/\\\/www.ppcenergy.ro\\\/wp-content\\\/uploads\\\/media.webp\",\"contentUrl\":\"https:\\\/\\\/www.ppcenergy.ro\\\/wp-content\\\/uploads\\\/media.webp\",\"width\":2121,\"height\":1414},{\"@type\":\"BreadcrumbList\",\"@id\":\"https:\\\/\\\/www.ppcenergy.ro\\\/hu\\\/ppc-media\\\/sajtoiroda\\\/#breadcrumb\",\"itemListElement\":[{\"@type\":\"ListItem\",\"position\":1,\"name\":\"Home\",\"item\":\"https:\\\/\\\/www.ppcenergy.ro\\\/hu\\\/\"},{\"@type\":\"ListItem\",\"position\":2,\"name\":\"M\u00e9dia\",\"item\":\"https:\\\/\\\/www.ppcenergy.ro\\\/hu\\\/ppc-media\\\/\"},{\"@type\":\"ListItem\",\"position\":3,\"name\":\"Sajt\u00f3iroda\"}]},{\"@type\":\"WebSite\",\"@id\":\"https:\\\/\\\/www.ppcenergy.ro\\\/#website\",\"url\":\"https:\\\/\\\/www.ppcenergy.ro\\\/\",\"name\":\"PPC\",\"description\":\"Energy\",\"publisher\":{\"@id\":\"https:\\\/\\\/www.ppcenergy.ro\\\/#organization\"},\"potentialAction\":[{\"@type\":\"SearchAction\",\"target\":{\"@type\":\"EntryPoint\",\"urlTemplate\":\"https:\\\/\\\/www.ppcenergy.ro\\\/?s={search_term_string}\"},\"query-input\":{\"@type\":\"PropertyValueSpecification\",\"valueRequired\":true,\"valueName\":\"search_term_string\"}}],\"inLanguage\":\"hu\"},{\"@type\":\"Organization\",\"@id\":\"https:\\\/\\\/www.ppcenergy.ro\\\/#organization\",\"name\":\"PPC\",\"url\":\"https:\\\/\\\/www.ppcenergy.ro\\\/\",\"logo\":{\"@type\":\"ImageObject\",\"inLanguage\":\"hu\",\"@id\":\"https:\\\/\\\/www.ppcenergy.ro\\\/#\\\/schema\\\/logo\\\/image\\\/\",\"url\":\"https:\\\/\\\/www.ppcenergy.ro\\\/wp-content\\\/uploads\\\/cropped-favicon.webp\",\"contentUrl\":\"https:\\\/\\\/www.ppcenergy.ro\\\/wp-content\\\/uploads\\\/cropped-favicon.webp\",\"width\":512,\"height\":512,\"caption\":\"PPC\"},\"image\":{\"@id\":\"https:\\\/\\\/www.ppcenergy.ro\\\/#\\\/schema\\\/logo\\\/image\\\/\"},\"sameAs\":[\"https:\\\/\\\/www.facebook.com\\\/ppcenergy\",\"https:\\\/\\\/x.com\\\/PPCEnergyRo\",\"https:\\\/\\\/www.instagram.com\\\/ppcenergyro\\\/\",\"https:\\\/\\\/www.youtube.com\\\/@PPCEnergy\",\"https:\\\/\\\/www.linkedin.com\\\/company\\\/ppc-energy\\\/\"]}]}<\/script>\n<!-- \/ Yoast SEO Premium plugin. -->","yoast_head_json":{"title":"Sajt\u00f3iroda - PPC","description":"Kapcsolatfelv\u00e9tel a PPC Rom\u00e1nia sajt\u00f3irod\u00e1j\u00e1val.","robots":{"index":"index","follow":"follow","max-snippet":"max-snippet:-1","max-image-preview":"max-image-preview:large","max-video-preview":"max-video-preview:-1"},"canonical":"https:\/\/www.ppcenergy.ro\/hu\/ppc-media\/sajtoiroda\/","og_locale":"hu_HU","og_type":"article","og_title":"Sajt\u00f3iroda","og_description":"Kapcsolatfelv\u00e9tel a PPC Rom\u00e1nia sajt\u00f3irod\u00e1j\u00e1val.","og_url":"https:\/\/www.ppcenergy.ro\/hu\/ppc-media\/sajtoiroda\/","og_site_name":"PPC","article_publisher":"https:\/\/www.facebook.com\/ppcenergy","article_modified_time":"2025-06-03T13:43:16+00:00","og_image":[{"width":2121,"height":1414,"url":"https:\/\/www.ppcenergy.ro\/wp-content\/uploads\/media.webp","type":"image\/webp"}],"twitter_card":"summary_large_image","twitter_title":"Sajt\u00f3iroda","twitter_site":"@PPCEnergyRo","twitter_misc":{"Est. reading time":"1 perc"},"schema":{"@context":"https:\/\/schema.org","@graph":[{"@type":"WebPage","@id":"https:\/\/www.ppcenergy.ro\/hu\/ppc-media\/sajtoiroda\/","url":"https:\/\/www.ppcenergy.ro\/hu\/ppc-media\/sajtoiroda\/","name":"Sajt\u00f3iroda - PPC","isPartOf":{"@id":"https:\/\/www.ppcenergy.ro\/#website"},"primaryImageOfPage":{"@id":"https:\/\/www.ppcenergy.ro\/hu\/ppc-media\/sajtoiroda\/#primaryimage"},"image":{"@id":"https:\/\/www.ppcenergy.ro\/hu\/ppc-media\/sajtoiroda\/#primaryimage"},"thumbnailUrl":"https:\/\/www.ppcenergy.ro\/wp-content\/uploads\/media.webp","datePublished":"2024-03-19T09:09:25+00:00","dateModified":"2025-06-03T13:43:16+00:00","description":"Kapcsolatfelv\u00e9tel a PPC Rom\u00e1nia sajt\u00f3irod\u00e1j\u00e1val.","breadcrumb":{"@id":"https:\/\/www.ppcenergy.ro\/hu\/ppc-media\/sajtoiroda\/#breadcrumb"},"inLanguage":"hu","potentialAction":[{"@type":"ReadAction","target":["https:\/\/www.ppcenergy.ro\/hu\/ppc-media\/sajtoiroda\/"]}]},{"@type":"ImageObject","inLanguage":"hu","@id":"https:\/\/www.ppcenergy.ro\/hu\/ppc-media\/sajtoiroda\/#primaryimage","url":"https:\/\/www.ppcenergy.ro\/wp-content\/uploads\/media.webp","contentUrl":"https:\/\/www.ppcenergy.ro\/wp-content\/uploads\/media.webp","width":2121,"height":1414},{"@type":"BreadcrumbList","@id":"https:\/\/www.ppcenergy.ro\/hu\/ppc-media\/sajtoiroda\/#breadcrumb","itemListElement":[{"@type":"ListItem","position":1,"name":"Home","item":"https:\/\/www.ppcenergy.ro\/hu\/"},{"@type":"ListItem","position":2,"name":"M\u00e9dia","item":"https:\/\/www.ppcenergy.ro\/hu\/ppc-media\/"},{"@type":"ListItem","position":3,"name":"Sajt\u00f3iroda"}]},{"@type":"WebSite","@id":"https:\/\/www.ppcenergy.ro\/#website","url":"https:\/\/www.ppcenergy.ro\/","name":"PPC","description":"Energy","publisher":{"@id":"https:\/\/www.ppcenergy.ro\/#organization"},"potentialAction":[{"@type":"SearchAction","target":{"@type":"EntryPoint","urlTemplate":"https:\/\/www.ppcenergy.ro\/?s={search_term_string}"},"query-input":{"@type":"PropertyValueSpecification","valueRequired":true,"valueName":"search_term_string"}}],"inLanguage":"hu"},{"@type":"Organization","@id":"https:\/\/www.ppcenergy.ro\/#organization","name":"PPC","url":"https:\/\/www.ppcenergy.ro\/","logo":{"@type":"ImageObject","inLanguage":"hu","@id":"https:\/\/www.ppcenergy.ro\/#\/schema\/logo\/image\/","url":"https:\/\/www.ppcenergy.ro\/wp-content\/uploads\/cropped-favicon.webp","contentUrl":"https:\/\/www.ppcenergy.ro\/wp-content\/uploads\/cropped-favicon.webp","width":512,"height":512,"caption":"PPC"},"image":{"@id":"https:\/\/www.ppcenergy.ro\/#\/schema\/logo\/image\/"},"sameAs":["https:\/\/www.facebook.com\/ppcenergy","https:\/\/x.com\/PPCEnergyRo","https:\/\/www.instagram.com\/ppcenergyro\/","https:\/\/www.youtube.com\/@PPCEnergy","https:\/\/www.linkedin.com\/company\/ppc-energy\/"]}]}},"parsely":{"version":"1.1.0","canonical_url":"https:\/\/ppcenergy.ro\/hu\/ppc-media\/sajtoiroda\/","smart_links":{"inbound":0,"outbound":0},"traffic_boost_suggestions_count":0,"meta":{"@context":"https:\/\/schema.org","@type":"WebPage","headline":"Sajt\u00f3iroda","url":"https:\/\/www.ppcenergy.ro\/hu\/ppc-media\/sajtoiroda\/","mainEntityOfPage":{"@type":"WebPage","@id":"https:\/\/www.ppcenergy.ro\/hu\/ppc-media\/sajtoiroda\/"},"thumbnailUrl":"https:\/\/www.ppcenergy.ro\/wp-content\/uploads\/media.webp?w=150&h=150&crop=1","image":{"@type":"ImageObject","url":"https:\/\/www.ppcenergy.ro\/wp-content\/uploads\/media.webp"},"articleSection":"Uncategorized @hu","author":[{"@type":"Person","name":"Madalina-Elena Dragan"}],"creator":["Madalina-Elena Dragan"],"publisher":{"@type":"Organization","name":"PPC","logo":""},"keywords":[],"dateCreated":"2024-03-19T09:09:25Z","datePublished":"2024-03-19T09:09:25Z","dateModified":"2025-06-03T13:43:16Z"},"rendered":"<meta name=\"parsely-title\" content=\"Sajt\u00f3iroda\" \/>\n<meta name=\"parsely-link\" content=\"https:\/\/www.ppcenergy.ro\/hu\/ppc-media\/sajtoiroda\/\" \/>\n<meta name=\"parsely-type\" content=\"index\" \/>\n<meta name=\"parsely-image-url\" content=\"https:\/\/www.ppcenergy.ro\/wp-content\/uploads\/media.webp?w=150&amp;h=150&amp;crop=1\" \/>\n<meta name=\"parsely-pub-date\" content=\"2024-03-19T09:09:25Z\" \/>\n<meta name=\"parsely-section\" content=\"Uncategorized @hu\" \/>\n<meta name=\"parsely-author\" content=\"Madalina-Elena Dragan\" \/>","tracker_url":"https:\/\/cdn.parsely.com\/keys\/ppcenergy.ro\/p.js"},"_links":{"self":[{"href":"https:\/\/www.ppcenergy.ro\/hu\/wp-json\/wp\/v2\/pages\/18451","targetHints":{"allow":["GET"]}}],"collection":[{"href":"https:\/\/www.ppcenergy.ro\/hu\/wp-json\/wp\/v2\/pages"}],"about":[{"href":"https:\/\/www.ppcenergy.ro\/hu\/wp-json\/wp\/v2\/types\/page"}],"author":[{"embeddable":true,"href":"https:\/\/www.ppcenergy.ro\/hu\/wp-json\/wp\/v2\/users\/48"}],"replies":[{"embeddable":true,"href":"https:\/\/www.ppcenergy.ro\/hu\/wp-json\/wp\/v2\/comments?post=18451"}],"version-history":[{"count":3,"href":"https:\/\/www.ppcenergy.ro\/hu\/wp-json\/wp\/v2\/pages\/18451\/revisions"}],"predecessor-version":[{"id":18466,"href":"https:\/\/www.ppcenergy.ro\/hu\/wp-json\/wp\/v2\/pages\/18451\/revisions\/18466"}],"up":[{"embeddable":true,"href":"https:\/\/www.ppcenergy.ro\/hu\/wp-json\/wp\/v2\/pages\/18365"}],"wp:featuredmedia":[{"embeddable":true,"href":"https:\/\/www.ppcenergy.ro\/hu\/wp-json\/wp\/v2\/media\/18366"}],"wp:attachment":[{"href":"https:\/\/www.ppcenergy.ro\/hu\/wp-json\/wp\/v2\/media?parent=18451"}],"curies":[{"name":"wp","href":"https:\/\/api.w.org\/{rel}","templated":true}]}}