{"id":18057,"date":"2024-12-20T12:43:25","date_gmt":"2024-12-20T10:43:25","guid":{"rendered":"https:\/\/www.ppcenergy.ro\/ppcrenewables\/megujulo-energiaforrasok\/hidroelectricitate\/"},"modified":"2025-06-24T12:40:08","modified_gmt":"2025-06-24T09:40:08","slug":"vizenergia","status":"publish","type":"page","link":"https:\/\/www.ppcenergy.ro\/hu\/ppcrenewables\/vizenergia\/","title":{"rendered":"V\u00edzenergia"},"content":{"rendered":"<section id=\"\" class=\"block-top-product \">\n    <div class='top-product'>\n                <div class=\"full-slide  gradientproduct  articles left slider-type-gradinetimage\">\n                                        <div\n                    class='gradient desktop bottomleft green  seven_per_row'>\n                    <div class='line line1'><\/div>\n                    <div class='line line2'><\/div>\n                    <div class='line line3'><\/div>\n                    <div class='line line4'><\/div>\n                                            <div class='line line5'><\/div>\n                        <div class='line line6'><\/div>\n                        <div class='line line7'><\/div>\n                                                        <\/div>\n                                                            <div class=\"product-image bottomleft green\">\n                        <img loading=\"lazy\" decoding=\"async\" width=\"1024\" height=\"768\" src=\"https:\/\/www.ppcenergy.ro\/wp-content\/uploads\/sistemul-hidroenergetic-caras-severin.webp?w=1024\" class=\"attachment-gradientproduct size-gradientproduct\" alt=\"\" srcset=\"https:\/\/www.ppcenergy.ro\/wp-content\/uploads\/sistemul-hidroenergetic-caras-severin.webp 8000w, https:\/\/www.ppcenergy.ro\/wp-content\/uploads\/sistemul-hidroenergetic-caras-severin.webp?resize=300,225 300w, https:\/\/www.ppcenergy.ro\/wp-content\/uploads\/sistemul-hidroenergetic-caras-severin.webp?resize=768,576 768w, https:\/\/www.ppcenergy.ro\/wp-content\/uploads\/sistemul-hidroenergetic-caras-severin.webp?resize=1024,768 1024w, https:\/\/www.ppcenergy.ro\/wp-content\/uploads\/sistemul-hidroenergetic-caras-severin.webp?resize=1536,1152 1536w, https:\/\/www.ppcenergy.ro\/wp-content\/uploads\/sistemul-hidroenergetic-caras-severin.webp?resize=2048,1536 2048w, https:\/\/www.ppcenergy.ro\/wp-content\/uploads\/sistemul-hidroenergetic-caras-severin.webp?resize=67,50 67w\" sizes=\"auto, (max-width: 1024px) 100vw, 1024px\" \/>                    <\/div>\n                \n                                        <div class=\"product-textbox  text-color-white\">\n                                            <div\n                            class='gradient mobile bottomleft green  seven_per_row'>\n                            <div class='line line1'><\/div>\n                            <div class='line line2'><\/div>\n                            <div class='line line3'><\/div>\n                            <div class='line line4'><\/div>\n                                                            <div class='line line5'><\/div>\n                                <div class='line line6'><\/div>\n                                <div class='line line7'><\/div>\n                                                                                <\/div>\n                    \n                                                                                    <h2 class=\"title\">\n                        V\u00edzenergia                        <\/h2>\n                                                                                    <div class=\"text\">\n                            <p><p>Tudja meg, hogyan haszn\u00e1ljuk a vizet tiszta energia el\u0151\u00e1ll\u00edt\u00e1s\u00e1ra.<\/p>\n<\/p>\n                        <\/div>\n                                                                                \n                                                        <\/div>\n                    <\/div>\n    <\/div>\n<\/section>\n\n<section id=\"\" class=\"block-breadcrumbs\">\n    <ul id=\"breadcrumbs\" itemprop=\"breadcrumb\" class=\"breadcrumbs\"><li><a rel=\"home\" href=\"https:\/\/www.ppcenergy.ro\/hu\/\"><span class=\"logo-breadcrumbs\"><\/span><\/a><\/li><\/ul><\/section>\n\n\n<div style=\"height:32px\" aria-hidden=\"true\" class=\"wp-block-spacer\"><\/div>\n\n\n\n<div class=\"wp-block-columns is-layout-flex wp-container-core-columns-is-layout-28f84493 wp-block-columns-is-layout-flex\">\n<div class=\"wp-block-column is-layout-flow wp-block-column-is-layout-flow\" style=\"flex-basis:66.66%\">\n<h1 class=\"wp-block-heading\" id=\"h-viziero\" style=\"margin-top:var(--wp--preset--spacing--30);margin-bottom:var(--wp--preset--spacing--30);text-transform:none\"><strong>V\u00edzier\u0151<\/strong><\/h1>\n\n\n\n<div style=\"height:16px\" aria-hidden=\"true\" class=\"wp-block-spacer\"><\/div>\n\n\n\n<p style=\"margin-top:var(--wp--preset--spacing--30);margin-bottom:var(--wp--preset--spacing--30)\">A v\u00edzenergia-projektek a vizet haszn\u00e1lj\u00e1k hajt\u00f3er\u0151k\u00e9nt, kihaszn\u00e1lva az \u00e1raml\u00e1s \u00e9s a v\u00edzszintk\u00fcl\u00f6nbs\u00e9get. Fedezze fel a portf\u00f3li\u00f3nkban szerepl\u0151 v\u00edzenergia-rendszereket az orsz\u00e1g nyugati r\u00e9sz\u00e9n.<\/p>\n\n\n\n<div style=\"height:48px\" aria-hidden=\"true\" class=\"wp-block-spacer\"><\/div>\n\n\n\n<h3 class=\"wp-block-heading\" id=\"h-vizeromurendszer-caras-severinben\" style=\"margin-top:var(--wp--preset--spacing--30);margin-bottom:var(--wp--preset--spacing--30);text-transform:none\">V\u00edzer\u0151m\u0171rendszer Caras-Severinben<\/h3>\n\n\n\n<div style=\"height:16px\" aria-hidden=\"true\" class=\"wp-block-spacer\"><\/div>\n\n\n\n<p style=\"margin-top:var(--wp--preset--spacing--30);margin-bottom:var(--wp--preset--spacing--30)\">A TMK Hydroenergy Power meg\u00fajul\u00f3 energi\u00e1val foglalkoz\u00f3 v\u00e1llalat r\u00e9szv\u00e9nyeinek megv\u00e1s\u00e1rl\u00e1s\u00e1val Caras-Severin megy\u00e9ben m\u0171k\u00f6dtetj\u00fck a v\u00edzenergia-rendszert, amely 5 mikrov\u00edzer\u0151m\u0171vet &#8211; Grebla, Cr\u0103inicel 1, Cr\u0103inicel 2, Breazova 1 \u00e9s Breazova 2 &#8211; \u00e9s kapcsol\u00f3d\u00f3 v\u00edzer\u0151m\u0171veket foglal mag\u00e1ban, t\u00f6bb mint 22 MW be\u00e9p\u00edtett kapacit\u00e1ssal.<\/p>\n\n\n\n<p style=\"margin-top:var(--wp--preset--spacing--30);margin-bottom:var(--wp--preset--spacing--30)\">A Caras-Severin-i v\u00edzer\u0151m\u0171-rendszer korszer\u0171s\u00edtett, modern termel\u0151berendez\u00e9sekkel (turbin\u00e1k, gener\u00e1torok, szivatty\u00fak) \u00e9s a legmodernebb ir\u00e1ny\u00edt\u00f3- \u00e9s vez\u00e9rl\u0151berendez\u00e9sekkel van felszerelve, amelyek biztos\u00edtj\u00e1k a magas sz\u00ednvonal\u00fa v\u00edzer\u0151m\u0171vi energiatermel\u00e9st. A Grebla-t\u00f3n\u00e1l tal\u00e1lhat\u00f3 \u00fasz\u00f3 naper\u0151m\u0171 \u00e9s a Breazova 2 mikrov\u00edzer\u0151m\u0171 k\u00e9t \u00faj projekt, amelyek a rendszer r\u00e9sz\u00e9t k\u00e9pezik, \u00e9s amelyek megismer\u00e9s\u00e9re megh\u00edvjuk \u00d6nt.<\/p>\n\n\n\n<div style=\"height:32px\" aria-hidden=\"true\" class=\"wp-block-spacer\"><\/div>\n\n\n\n<h3 class=\"wp-block-heading\" id=\"h-uszo-naperomu-a-grebla-tonal\">\u00dasz\u00f3 naper\u0151m\u0171 a Grebla-t\u00f3n\u00e1l<\/h3>\n\n\n\n<div style=\"height:16px\" aria-hidden=\"true\" class=\"wp-block-spacer\"><\/div>\n\n\n\n<p>Ez az els\u0151 1000 kW-os \u00fasz\u00f3 fotovoltaikus er\u0151m\u0171 Rom\u00e1ni\u00e1ban az \u00fasz\u00f3 napelemek k\u00f6rnyezetv\u00e9delmi el\u0151nyeit hangs\u00falyozza, a nap \u00e9s a v\u00edz kimer\u00edthetetlen energi\u00e1j\u00e1t \u00e9s a robusztus villamosenergia-infrastrukt\u00far\u00e1t hasznos\u00edtva. A Grebla-t\u00f3 30 420 m\u00b2-es ter\u00fclet\u00e9n elter\u00fcl\u0151 naper\u0151m\u0171 egyik f\u0151 c\u00e9lja az \u00fcvegh\u00e1zhat\u00e1s\u00fa g\u00e1zok kibocs\u00e1t\u00e1s\u00e1nak cs\u00f6kkent\u00e9se. A becs\u00fclt \u00e9ves cs\u00f6kkent\u00e9s meghaladja a 333 tonna CO2-t.<\/p>\n\n\n\n<div style=\"height:32px\" aria-hidden=\"true\" class=\"wp-block-spacer\"><\/div>\n\n\n\n<h3 class=\"wp-block-heading\" id=\"h-breazova-2-a-valiug-gaton-levo-mikrovizeromu\">Breazova 2, a V\u0103liug-g\u00e1ton l\u00e9v\u0151 mikrov\u00edzer\u0151m\u0171<\/h3>\n\n\n\n<div style=\"height:16px\" aria-hidden=\"true\" class=\"wp-block-spacer\"><\/div>\n\n\n\n<p>A Breazova 2 mikrov\u00edzer\u0151m\u0171 a V\u0103liug-g\u00e1ton, a caras-szeverini v\u00edzenergia-rendszer k\u00f6zpontj\u00e1ban tal\u00e1lhat\u00f3. A telep\u00edtett teljes\u00edtm\u00e9nye 0,367 MW, \u00e9ves termel\u00e9se pedig mintegy 1600 MWh. C\u00e9lok: a meg\u00fajul\u00f3 forr\u00e1sokb\u00f3l sz\u00e1rmaz\u00f3 villamosenergia-termel\u00e9s n\u00f6vel\u00e9se \u00e9s a v\u00edzenergia-infrastrukt\u00fara hazai fogyaszt\u00e1s\u00e1nak egy r\u00e9sz\u00e9nek fedez\u00e9se.<\/p>\n\n\n\n<div style=\"height:48px\" aria-hidden=\"true\" class=\"wp-block-spacer\"><\/div>\n<\/div>\n\n\n\n<div class=\"wp-block-column is-layout-flow wp-block-column-is-layout-flow\" style=\"flex-basis:33.33%\"><\/div>\n<\/div>\n\n\n\n<figure class=\"wp-block-image size-large\"><img loading=\"lazy\" decoding=\"async\" height=\"452\" width=\"1024\" src=\"https:\/\/www.ppcenergy.ro\/wp-content\/uploads\/hidrocentrale-hu.jpg?w=1024\" alt=\"\" class=\"wp-image-24427\" srcset=\"https:\/\/www.ppcenergy.ro\/wp-content\/uploads\/hidrocentrale-hu.jpg 1358w, https:\/\/www.ppcenergy.ro\/wp-content\/uploads\/hidrocentrale-hu.jpg?resize=300,133 300w, https:\/\/www.ppcenergy.ro\/wp-content\/uploads\/hidrocentrale-hu.jpg?resize=768,339 768w, https:\/\/www.ppcenergy.ro\/wp-content\/uploads\/hidrocentrale-hu.jpg?resize=1024,452 1024w, https:\/\/www.ppcenergy.ro\/wp-content\/uploads\/hidrocentrale-hu.jpg?resize=113,50 113w\" sizes=\"auto, (max-width: 1024px) 100vw, 1024px\" \/><\/figure>\n\n\n\n<div style=\"height:96px\" aria-hidden=\"true\" class=\"wp-block-spacer\"><\/div>\n","protected":false},"excerpt":{"rendered":"<p>V\u00edzier\u0151 A v\u00edzenergia-projektek a vizet haszn\u00e1lj\u00e1k hajt\u00f3er\u0151k\u00e9nt, kihaszn\u00e1lva az \u00e1raml\u00e1s \u00e9s a v\u00edzszintk\u00fcl\u00f6nbs\u00e9get. Fedezze fel a portf\u00f3li\u00f3nkban szerepl\u0151 v\u00edzenergia-rendszereket az orsz\u00e1g nyugati r\u00e9sz\u00e9n. V\u00edzer\u0151m\u0171rendszer Caras-Severinben A TMK Hydroenergy Power meg\u00fajul\u00f3 energi\u00e1val foglalkoz\u00f3 v\u00e1llalat r\u00e9szv\u00e9nyeinek megv\u00e1s\u00e1rl\u00e1s\u00e1val Caras-Severin megy\u00e9ben m\u0171k\u00f6dtetj\u00fck a v\u00edzenergia-rendszert, amely 5 mikrov\u00edzer\u0151m\u0171vet &#8211; Grebla, Cr\u0103inicel 1, Cr\u0103inicel 2, Breazova 1 \u00e9s Breazova 2 &#8211; [&hellip;]<\/p>\n","protected":false},"author":14,"featured_media":18058,"parent":17917,"menu_order":0,"comment_status":"closed","ping_status":"closed","template":"","meta":{"_acf_changed":false,"footnotes":""},"class_list":["post-18057","page","type-page","status-publish","has-post-thumbnail","hentry"],"acf":[],"yoast_head":"<!-- This site is optimized with the Yoast SEO Premium plugin v21.8 (Yoast SEO v27.3) - https:\/\/yoast.com\/product\/yoast-seo-premium-wordpress\/ -->\n<title>V\u00edzenergia - PPC<\/title>\n<meta name=\"description\" content=\"Ismerje meg, hogyan haszn\u00e1ljuk a vizet tiszta energia el\u0151\u00e1ll\u00edt\u00e1s\u00e1ra.\" \/>\n<meta name=\"robots\" content=\"index, follow, max-snippet:-1, max-image-preview:large, max-video-preview:-1\" \/>\n<link rel=\"canonical\" href=\"https:\/\/www.ppcenergy.ro\/hu\/ppcrenewables\/megujulo-energiaforrasok\/vizenergia\/\" \/>\n<meta property=\"og:locale\" content=\"hu_HU\" \/>\n<meta property=\"og:type\" content=\"article\" \/>\n<meta property=\"og:title\" content=\"v\u00edzenergia\" \/>\n<meta property=\"og:description\" content=\"Ismerje meg, hogyan haszn\u00e1ljuk a vizet tiszta energia el\u0151\u00e1ll\u00edt\u00e1s\u00e1ra.\" \/>\n<meta property=\"og:url\" content=\"https:\/\/www.ppcenergy.ro\/hu\/ppcrenewables\/megujulo-energiaforrasok\/vizenergia\/\" \/>\n<meta property=\"og:site_name\" content=\"PPC\" \/>\n<meta property=\"article:publisher\" content=\"https:\/\/www.facebook.com\/ppcenergy\" \/>\n<meta property=\"article:modified_time\" content=\"2025-06-24T09:40:08+00:00\" \/>\n<meta name=\"twitter:card\" content=\"summary_large_image\" \/>\n<meta name=\"twitter:title\" content=\"V\u00edzenergia\" \/>\n<meta name=\"twitter:image\" content=\"https:\/\/www.ppcenergy.ro\/wp-content\/uploads\/sistemul-hidroenergetic-caras-severin.webp\" \/>\n<meta name=\"twitter:site\" content=\"@PPCEnergyRo\" \/>\n<meta name=\"twitter:label1\" content=\"Est. reading time\" \/>\n\t<meta name=\"twitter:data1\" content=\"2 perc\" \/>\n<script type=\"application\/ld+json\" class=\"yoast-schema-graph\">{\"@context\":\"https:\\\/\\\/schema.org\",\"@graph\":[{\"@type\":\"WebPage\",\"@id\":\"https:\\\/\\\/www.ppcenergy.ro\\\/hu\\\/ppcrenewables\\\/megujulo-energiaforrasok\\\/vizenergia\\\/\",\"url\":\"https:\\\/\\\/www.ppcenergy.ro\\\/hu\\\/ppcrenewables\\\/megujulo-energiaforrasok\\\/vizenergia\\\/\",\"name\":\"V\u00edzenergia - PPC\",\"isPartOf\":{\"@id\":\"https:\\\/\\\/www.ppcenergy.ro\\\/#website\"},\"primaryImageOfPage\":{\"@id\":\"https:\\\/\\\/www.ppcenergy.ro\\\/hu\\\/ppcrenewables\\\/megujulo-energiaforrasok\\\/vizenergia\\\/#primaryimage\"},\"image\":{\"@id\":\"https:\\\/\\\/www.ppcenergy.ro\\\/hu\\\/ppcrenewables\\\/megujulo-energiaforrasok\\\/vizenergia\\\/#primaryimage\"},\"thumbnailUrl\":\"https:\\\/\\\/www.ppcenergy.ro\\\/wp-content\\\/uploads\\\/sistemul-hidroenergetic-caras-severin.webp\",\"datePublished\":\"2024-12-20T10:43:25+00:00\",\"dateModified\":\"2025-06-24T09:40:08+00:00\",\"description\":\"Ismerje meg, hogyan haszn\u00e1ljuk a vizet tiszta energia el\u0151\u00e1ll\u00edt\u00e1s\u00e1ra.\",\"breadcrumb\":{\"@id\":\"https:\\\/\\\/www.ppcenergy.ro\\\/hu\\\/ppcrenewables\\\/megujulo-energiaforrasok\\\/vizenergia\\\/#breadcrumb\"},\"inLanguage\":\"hu\",\"potentialAction\":[{\"@type\":\"ReadAction\",\"target\":[\"https:\\\/\\\/www.ppcenergy.ro\\\/hu\\\/ppcrenewables\\\/megujulo-energiaforrasok\\\/vizenergia\\\/\"]}]},{\"@type\":\"ImageObject\",\"inLanguage\":\"hu\",\"@id\":\"https:\\\/\\\/www.ppcenergy.ro\\\/hu\\\/ppcrenewables\\\/megujulo-energiaforrasok\\\/vizenergia\\\/#primaryimage\",\"url\":\"https:\\\/\\\/www.ppcenergy.ro\\\/wp-content\\\/uploads\\\/sistemul-hidroenergetic-caras-severin.webp\",\"contentUrl\":\"https:\\\/\\\/www.ppcenergy.ro\\\/wp-content\\\/uploads\\\/sistemul-hidroenergetic-caras-severin.webp\",\"width\":8000,\"height\":6000},{\"@type\":\"BreadcrumbList\",\"@id\":\"https:\\\/\\\/www.ppcenergy.ro\\\/hu\\\/ppcrenewables\\\/megujulo-energiaforrasok\\\/vizenergia\\\/#breadcrumb\",\"itemListElement\":[{\"@type\":\"ListItem\",\"position\":1,\"name\":\"Home\",\"item\":\"https:\\\/\\\/www.ppcenergy.ro\\\/hu\\\/\"},{\"@type\":\"ListItem\",\"position\":2,\"name\":\"PPC Renewables\",\"item\":\"https:\\\/\\\/www.ppcenergy.ro\\\/hu\\\/ppcrenewables\\\/\"},{\"@type\":\"ListItem\",\"position\":3,\"name\":\"Meg\u00fajul\u00f3 energiaforr\u00e1sok\",\"item\":\"https:\\\/\\\/www.ppcenergy.ro\\\/hu\\\/ppcrenewables\\\/megujulo-energiaforrasok\\\/\"},{\"@type\":\"ListItem\",\"position\":4,\"name\":\"V\u00edzenergia\"}]},{\"@type\":\"WebSite\",\"@id\":\"https:\\\/\\\/www.ppcenergy.ro\\\/#website\",\"url\":\"https:\\\/\\\/www.ppcenergy.ro\\\/\",\"name\":\"PPC\",\"description\":\"Energy\",\"publisher\":{\"@id\":\"https:\\\/\\\/www.ppcenergy.ro\\\/#organization\"},\"potentialAction\":[{\"@type\":\"SearchAction\",\"target\":{\"@type\":\"EntryPoint\",\"urlTemplate\":\"https:\\\/\\\/www.ppcenergy.ro\\\/?s={search_term_string}\"},\"query-input\":{\"@type\":\"PropertyValueSpecification\",\"valueRequired\":true,\"valueName\":\"search_term_string\"}}],\"inLanguage\":\"hu\"},{\"@type\":\"Organization\",\"@id\":\"https:\\\/\\\/www.ppcenergy.ro\\\/#organization\",\"name\":\"PPC\",\"url\":\"https:\\\/\\\/www.ppcenergy.ro\\\/\",\"logo\":{\"@type\":\"ImageObject\",\"inLanguage\":\"hu\",\"@id\":\"https:\\\/\\\/www.ppcenergy.ro\\\/#\\\/schema\\\/logo\\\/image\\\/\",\"url\":\"https:\\\/\\\/www.ppcenergy.ro\\\/wp-content\\\/uploads\\\/cropped-favicon.webp\",\"contentUrl\":\"https:\\\/\\\/www.ppcenergy.ro\\\/wp-content\\\/uploads\\\/cropped-favicon.webp\",\"width\":512,\"height\":512,\"caption\":\"PPC\"},\"image\":{\"@id\":\"https:\\\/\\\/www.ppcenergy.ro\\\/#\\\/schema\\\/logo\\\/image\\\/\"},\"sameAs\":[\"https:\\\/\\\/www.facebook.com\\\/ppcenergy\",\"https:\\\/\\\/x.com\\\/PPCEnergyRo\",\"https:\\\/\\\/www.instagram.com\\\/ppcenergyro\\\/\",\"https:\\\/\\\/www.youtube.com\\\/@PPCEnergy\",\"https:\\\/\\\/www.linkedin.com\\\/company\\\/ppc-energy\\\/\"]}]}<\/script>\n<!-- \/ Yoast SEO Premium plugin. -->","yoast_head_json":{"title":"V\u00edzenergia - PPC","description":"Ismerje meg, hogyan haszn\u00e1ljuk a vizet tiszta energia el\u0151\u00e1ll\u00edt\u00e1s\u00e1ra.","robots":{"index":"index","follow":"follow","max-snippet":"max-snippet:-1","max-image-preview":"max-image-preview:large","max-video-preview":"max-video-preview:-1"},"canonical":"https:\/\/www.ppcenergy.ro\/hu\/ppcrenewables\/megujulo-energiaforrasok\/vizenergia\/","og_locale":"hu_HU","og_type":"article","og_title":"v\u00edzenergia","og_description":"Ismerje meg, hogyan haszn\u00e1ljuk a vizet tiszta energia el\u0151\u00e1ll\u00edt\u00e1s\u00e1ra.","og_url":"https:\/\/www.ppcenergy.ro\/hu\/ppcrenewables\/megujulo-energiaforrasok\/vizenergia\/","og_site_name":"PPC","article_publisher":"https:\/\/www.facebook.com\/ppcenergy","article_modified_time":"2025-06-24T09:40:08+00:00","twitter_card":"summary_large_image","twitter_title":"V\u00edzenergia","twitter_image":"https:\/\/www.ppcenergy.ro\/wp-content\/uploads\/sistemul-hidroenergetic-caras-severin.webp","twitter_site":"@PPCEnergyRo","twitter_misc":{"Est. reading time":"2 perc"},"schema":{"@context":"https:\/\/schema.org","@graph":[{"@type":"WebPage","@id":"https:\/\/www.ppcenergy.ro\/hu\/ppcrenewables\/megujulo-energiaforrasok\/vizenergia\/","url":"https:\/\/www.ppcenergy.ro\/hu\/ppcrenewables\/megujulo-energiaforrasok\/vizenergia\/","name":"V\u00edzenergia - PPC","isPartOf":{"@id":"https:\/\/www.ppcenergy.ro\/#website"},"primaryImageOfPage":{"@id":"https:\/\/www.ppcenergy.ro\/hu\/ppcrenewables\/megujulo-energiaforrasok\/vizenergia\/#primaryimage"},"image":{"@id":"https:\/\/www.ppcenergy.ro\/hu\/ppcrenewables\/megujulo-energiaforrasok\/vizenergia\/#primaryimage"},"thumbnailUrl":"https:\/\/www.ppcenergy.ro\/wp-content\/uploads\/sistemul-hidroenergetic-caras-severin.webp","datePublished":"2024-12-20T10:43:25+00:00","dateModified":"2025-06-24T09:40:08+00:00","description":"Ismerje meg, hogyan haszn\u00e1ljuk a vizet tiszta energia el\u0151\u00e1ll\u00edt\u00e1s\u00e1ra.","breadcrumb":{"@id":"https:\/\/www.ppcenergy.ro\/hu\/ppcrenewables\/megujulo-energiaforrasok\/vizenergia\/#breadcrumb"},"inLanguage":"hu","potentialAction":[{"@type":"ReadAction","target":["https:\/\/www.ppcenergy.ro\/hu\/ppcrenewables\/megujulo-energiaforrasok\/vizenergia\/"]}]},{"@type":"ImageObject","inLanguage":"hu","@id":"https:\/\/www.ppcenergy.ro\/hu\/ppcrenewables\/megujulo-energiaforrasok\/vizenergia\/#primaryimage","url":"https:\/\/www.ppcenergy.ro\/wp-content\/uploads\/sistemul-hidroenergetic-caras-severin.webp","contentUrl":"https:\/\/www.ppcenergy.ro\/wp-content\/uploads\/sistemul-hidroenergetic-caras-severin.webp","width":8000,"height":6000},{"@type":"BreadcrumbList","@id":"https:\/\/www.ppcenergy.ro\/hu\/ppcrenewables\/megujulo-energiaforrasok\/vizenergia\/#breadcrumb","itemListElement":[{"@type":"ListItem","position":1,"name":"Home","item":"https:\/\/www.ppcenergy.ro\/hu\/"},{"@type":"ListItem","position":2,"name":"PPC Renewables","item":"https:\/\/www.ppcenergy.ro\/hu\/ppcrenewables\/"},{"@type":"ListItem","position":3,"name":"Meg\u00fajul\u00f3 energiaforr\u00e1sok","item":"https:\/\/www.ppcenergy.ro\/hu\/ppcrenewables\/megujulo-energiaforrasok\/"},{"@type":"ListItem","position":4,"name":"V\u00edzenergia"}]},{"@type":"WebSite","@id":"https:\/\/www.ppcenergy.ro\/#website","url":"https:\/\/www.ppcenergy.ro\/","name":"PPC","description":"Energy","publisher":{"@id":"https:\/\/www.ppcenergy.ro\/#organization"},"potentialAction":[{"@type":"SearchAction","target":{"@type":"EntryPoint","urlTemplate":"https:\/\/www.ppcenergy.ro\/?s={search_term_string}"},"query-input":{"@type":"PropertyValueSpecification","valueRequired":true,"valueName":"search_term_string"}}],"inLanguage":"hu"},{"@type":"Organization","@id":"https:\/\/www.ppcenergy.ro\/#organization","name":"PPC","url":"https:\/\/www.ppcenergy.ro\/","logo":{"@type":"ImageObject","inLanguage":"hu","@id":"https:\/\/www.ppcenergy.ro\/#\/schema\/logo\/image\/","url":"https:\/\/www.ppcenergy.ro\/wp-content\/uploads\/cropped-favicon.webp","contentUrl":"https:\/\/www.ppcenergy.ro\/wp-content\/uploads\/cropped-favicon.webp","width":512,"height":512,"caption":"PPC"},"image":{"@id":"https:\/\/www.ppcenergy.ro\/#\/schema\/logo\/image\/"},"sameAs":["https:\/\/www.facebook.com\/ppcenergy","https:\/\/x.com\/PPCEnergyRo","https:\/\/www.instagram.com\/ppcenergyro\/","https:\/\/www.youtube.com\/@PPCEnergy","https:\/\/www.linkedin.com\/company\/ppc-energy\/"]}]}},"parsely":{"version":"1.1.0","canonical_url":"https:\/\/ppcenergy.ro\/hu\/ppcrenewables\/vizenergia\/","smart_links":{"inbound":0,"outbound":0},"traffic_boost_suggestions_count":0,"meta":{"@context":"https:\/\/schema.org","@type":"WebPage","headline":"V\u00edzenergia","url":"https:\/\/www.ppcenergy.ro\/hu\/ppcrenewables\/vizenergia\/","mainEntityOfPage":{"@type":"WebPage","@id":"https:\/\/www.ppcenergy.ro\/hu\/ppcrenewables\/vizenergia\/"},"thumbnailUrl":"https:\/\/www.ppcenergy.ro\/wp-content\/uploads\/sistemul-hidroenergetic-caras-severin.webp?w=150&h=150&crop=1","image":{"@type":"ImageObject","url":"https:\/\/www.ppcenergy.ro\/wp-content\/uploads\/sistemul-hidroenergetic-caras-severin.webp"},"articleSection":"Uncategorized @hu","author":[{"@type":"Person","name":"Zvetlana Zaharia"}],"creator":["Zvetlana Zaharia"],"publisher":{"@type":"Organization","name":"PPC","logo":""},"keywords":[],"dateCreated":"2024-12-20T10:43:25Z","datePublished":"2024-12-20T10:43:25Z","dateModified":"2025-06-24T09:40:08Z"},"rendered":"<meta name=\"parsely-title\" content=\"V\u00edzenergia\" \/>\n<meta name=\"parsely-link\" content=\"https:\/\/www.ppcenergy.ro\/hu\/ppcrenewables\/vizenergia\/\" \/>\n<meta name=\"parsely-type\" content=\"index\" \/>\n<meta name=\"parsely-image-url\" content=\"https:\/\/www.ppcenergy.ro\/wp-content\/uploads\/sistemul-hidroenergetic-caras-severin.webp?w=150&amp;h=150&amp;crop=1\" \/>\n<meta name=\"parsely-pub-date\" content=\"2024-12-20T10:43:25Z\" \/>\n<meta name=\"parsely-section\" content=\"Uncategorized @hu\" \/>\n<meta name=\"parsely-author\" content=\"Zvetlana Zaharia\" \/>","tracker_url":"https:\/\/cdn.parsely.com\/keys\/ppcenergy.ro\/p.js"},"_links":{"self":[{"href":"https:\/\/www.ppcenergy.ro\/hu\/wp-json\/wp\/v2\/pages\/18057","targetHints":{"allow":["GET"]}}],"collection":[{"href":"https:\/\/www.ppcenergy.ro\/hu\/wp-json\/wp\/v2\/pages"}],"about":[{"href":"https:\/\/www.ppcenergy.ro\/hu\/wp-json\/wp\/v2\/types\/page"}],"author":[{"embeddable":true,"href":"https:\/\/www.ppcenergy.ro\/hu\/wp-json\/wp\/v2\/users\/14"}],"replies":[{"embeddable":true,"href":"https:\/\/www.ppcenergy.ro\/hu\/wp-json\/wp\/v2\/comments?post=18057"}],"version-history":[{"count":4,"href":"https:\/\/www.ppcenergy.ro\/hu\/wp-json\/wp\/v2\/pages\/18057\/revisions"}],"predecessor-version":[{"id":24428,"href":"https:\/\/www.ppcenergy.ro\/hu\/wp-json\/wp\/v2\/pages\/18057\/revisions\/24428"}],"up":[{"embeddable":true,"href":"https:\/\/www.ppcenergy.ro\/hu\/wp-json\/wp\/v2\/pages\/17917"}],"wp:featuredmedia":[{"embeddable":true,"href":"https:\/\/www.ppcenergy.ro\/hu\/wp-json\/wp\/v2\/media\/18058"}],"wp:attachment":[{"href":"https:\/\/www.ppcenergy.ro\/hu\/wp-json\/wp\/v2\/media?parent=18057"}],"curies":[{"name":"wp","href":"https:\/\/api.w.org\/{rel}","templated":true}]}}