{"id":18051,"date":"2024-03-19T09:30:30","date_gmt":"2024-03-19T07:30:30","guid":{"rendered":"https:\/\/www.ppcenergy.ro\/ppcrenewables\/megujulo-energiaforrasok\/parcuri-fotovoltaice\/"},"modified":"2025-06-13T11:37:26","modified_gmt":"2025-06-13T08:37:26","slug":"fotovoltaikus-parkok","status":"publish","type":"page","link":"https:\/\/www.ppcenergy.ro\/hu\/ppcrenewables\/ppcrenewables-romania\/fotovoltaikus-parkok\/","title":{"rendered":"Fotovoltaikus parkok"},"content":{"rendered":"<section id=\"\" class=\"block-top-product \">\n    <div class='top-product'>\n                <div class=\"full-slide  gradientproduct  articles left slider-type-gradinetimage\">\n                                        <div\n                    class='gradient desktop bottomleft green  seven_per_row'>\n                    <div class='line line1'><\/div>\n                    <div class='line line2'><\/div>\n                    <div class='line line3'><\/div>\n                    <div class='line line4'><\/div>\n                                            <div class='line line5'><\/div>\n                        <div class='line line6'><\/div>\n                        <div class='line line7'><\/div>\n                                                        <\/div>\n                                                            <div class=\"product-image bottomleft green\">\n                        <img loading=\"lazy\" decoding=\"async\" width=\"1024\" height=\"768\" src=\"https:\/\/www.ppcenergy.ro\/wp-content\/uploads\/parcuri-fotovoltaice-1.webp?w=1024\" class=\"attachment-gradientproduct size-gradientproduct\" alt=\"\" srcset=\"https:\/\/www.ppcenergy.ro\/wp-content\/uploads\/parcuri-fotovoltaice-1.webp 4000w, https:\/\/www.ppcenergy.ro\/wp-content\/uploads\/parcuri-fotovoltaice-1.webp?resize=300,225 300w, https:\/\/www.ppcenergy.ro\/wp-content\/uploads\/parcuri-fotovoltaice-1.webp?resize=768,576 768w, https:\/\/www.ppcenergy.ro\/wp-content\/uploads\/parcuri-fotovoltaice-1.webp?resize=1024,768 1024w, https:\/\/www.ppcenergy.ro\/wp-content\/uploads\/parcuri-fotovoltaice-1.webp?resize=1536,1152 1536w, https:\/\/www.ppcenergy.ro\/wp-content\/uploads\/parcuri-fotovoltaice-1.webp?resize=2048,1536 2048w, https:\/\/www.ppcenergy.ro\/wp-content\/uploads\/parcuri-fotovoltaice-1.webp?resize=67,50 67w\" sizes=\"auto, (max-width: 1024px) 100vw, 1024px\" \/>                    <\/div>\n                \n                                        <div class=\"product-textbox  text-color-white\">\n                                            <div\n                            class='gradient mobile bottomleft green  seven_per_row'>\n                            <div class='line line1'><\/div>\n                            <div class='line line2'><\/div>\n                            <div class='line line3'><\/div>\n                            <div class='line line4'><\/div>\n                                                            <div class='line line5'><\/div>\n                                <div class='line line6'><\/div>\n                                <div class='line line7'><\/div>\n                                                                                <\/div>\n                    \n                                                                                    <h2 class=\"title\">\n                        Napenergia                        <\/h2>\n                                                                                    <div class=\"text\">\n                            <p><p>A PPC Renewables Rom\u00e1nia elhozza a napenergi\u00e1t az \u00d6n otthon\u00e1ba.<\/p>\n<\/p>\n                        <\/div>\n                                                                                \n                                                        <\/div>\n                    <\/div>\n    <\/div>\n<\/section>\n\n<section id=\"\" class=\"block-breadcrumbs\">\n    <ul id=\"breadcrumbs\" itemprop=\"breadcrumb\" class=\"breadcrumbs\"><li><a rel=\"home\" href=\"https:\/\/www.ppcenergy.ro\/hu\/\"><span class=\"logo-breadcrumbs\"><\/span><\/a><\/li><\/ul><\/section>\n\n\n<div style=\"height:32px\" aria-hidden=\"true\" class=\"wp-block-spacer\"><\/div>\n\n\n\n<div class=\"wp-block-columns is-layout-flex wp-container-core-columns-is-layout-28f84493 wp-block-columns-is-layout-flex\">\n<div class=\"wp-block-column is-layout-flow wp-block-column-is-layout-flow\" style=\"flex-basis:66.66%\">\n<h1 class=\"wp-block-heading\" id=\"h-fotovoltaikus-parkok\" style=\"margin-top:var(--wp--preset--spacing--30);margin-bottom:var(--wp--preset--spacing--30);text-transform:none\">Fotovoltaikus parkok<\/h1>\n\n\n\n<div style=\"height:16px\" aria-hidden=\"true\" class=\"wp-block-spacer\"><\/div>\n\n\n\n<p style=\"margin-top:var(--wp--preset--spacing--30);margin-bottom:var(--wp--preset--spacing--30)\">H\u00e9t fotovoltaikus er\u0151m\u0171vet \u00fczemeltet\u00fcnk, \u00f6sszesen t\u00f6bb mint 125 MW be\u00e9p\u00edtett kapacit\u00e1ssal, amelyek az orsz\u00e1g d\u00e9li \u00e9s d\u00e9lnyugati r\u00e9sz\u00e9n, Giurgiu, Dolj, Prahova, Teleorman \u00e9s Caras-Severin megy\u00e9ben tal\u00e1lhat\u00f3k. Napenergia-kapacit\u00e1sunkat tov\u00e1bbra is fejlesztj\u00fck a fejleszt\u00e9s k\u00fcl\u00f6nb\u00f6z\u0151 f\u00e1zisaiban l\u00e9v\u0151 ambici\u00f3zus projektek r\u00e9v\u00e9n.<\/p>\n\n\n\n<div style=\"height:48px\" aria-hidden=\"true\" class=\"wp-block-spacer\"><\/div>\n\n\n\n<h3 class=\"wp-block-heading\" id=\"h-a-lumina-fotovoltaikus-eromu-a-portfolionk-legnagyobbja\" style=\"margin-top:var(--wp--preset--spacing--30);margin-bottom:var(--wp--preset--spacing--30);text-transform:none\"><strong>A Lumina fotovoltaikus er\u0151m\u0171, a portf\u00f3li\u00f3nk legnagyobbja<\/strong><\/h3>\n\n\n\n<div style=\"height:16px\" aria-hidden=\"true\" class=\"wp-block-spacer\"><\/div>\n\n\n\n<p style=\"margin-top:var(--wp--preset--spacing--30);margin-bottom:var(--wp--preset--spacing--30)\">Portf\u00f3li\u00f3nk legnagyobb fotovoltaikus parkja egyben a leg\u00fajabb is, amely 2023 nyar\u00e1n ny\u00edlik meg a Giurgiu megyei C\u0103lug\u0103reniben. A Lumina fotovoltaikus er\u0151m\u0171 be\u00e9p\u00edtett kapacit\u00e1sa 63 MW, ter\u00fclete 88 hekt\u00e1r, line\u00e1ris hossza pedig k\u00f6zel 2 kilom\u00e9ter. A legmodernebb technol\u00f3gi\u00e1n alapul\u00f3, mintegy 120 000 fotovoltaikus modult tartalmaz, \u00e9s \u00e9ves villamosenergia-termel\u00e9se mintegy 99 GWh.<\/p>\n\n\n\n<p>A fotovoltaikus er\u0151m\u0171 a Re\u021bele Electrice Romania koncesszi\u00f3s eloszt\u00f3 szolg\u00e1ltat\u00f3 nagyfesz\u00fclts\u00e9g\u0171 (110 kV) h\u00e1l\u00f3zat\u00e1hoz csatlakozik, \u00e9s a becs\u00fclt energiatermel\u00e9s \u00e9vente 112 387 tonn\u00e1val j\u00e1rul hozz\u00e1 a CO2-kibocs\u00e1t\u00e1s cs\u00f6kkent\u00e9s\u00e9hez. A fotovoltaikus projekt lehet\u0151v\u00e9 teszi az energiat\u00e1rol\u00e1si kapacit\u00e1s hozz\u00e1ad\u00e1s\u00e1t is.<\/p>\n\n\n\n<p style=\"margin-top:var(--wp--preset--spacing--30);margin-bottom:var(--wp--preset--spacing--30)\">A Lumina park \u00e9p\u00edt\u00e9s\u00e9hez mintegy 300 munk\u00e1s \u00e9s szakember j\u00e1rult hozz\u00e1. A ter\u00fclet infrastrukt\u00far\u00e1ja lehet\u0151v\u00e9 teszi, hogy a C\u0103lug\u0103reni k\u00f6zs\u00e9g lak\u00f3i hozz\u00e1f\u00e9rjenek a fotovoltaikus l\u00e9tes\u00edtm\u00e9nyen \u00e1thalad\u00f3 \u00f6sszek\u00f6t\u0151 utakhoz.<\/p>\n\n\n\n<div style=\"height:48px\" aria-hidden=\"true\" class=\"wp-block-spacer\"><\/div>\n\n\n\n<div style=\"height:48px\" aria-hidden=\"true\" class=\"wp-block-spacer\"><\/div>\n<\/div>\n\n\n\n<div class=\"wp-block-column is-layout-flow wp-block-column-is-layout-flow\" style=\"flex-basis:33.33%\"><\/div>\n<\/div>\n\n\n\n<figure class=\"wp-block-image size-large\"><img loading=\"lazy\" decoding=\"async\" height=\"452\" width=\"1024\" src=\"https:\/\/www.ppcenergy.ro\/wp-content\/uploads\/parcuri-fotovoltaice-harta-hu.webp?w=1024\" alt=\"\" class=\"wp-image-19161\" srcset=\"https:\/\/www.ppcenergy.ro\/wp-content\/uploads\/parcuri-fotovoltaice-harta-hu.webp 1358w, https:\/\/www.ppcenergy.ro\/wp-content\/uploads\/parcuri-fotovoltaice-harta-hu.webp?resize=300,133 300w, https:\/\/www.ppcenergy.ro\/wp-content\/uploads\/parcuri-fotovoltaice-harta-hu.webp?resize=768,339 768w, https:\/\/www.ppcenergy.ro\/wp-content\/uploads\/parcuri-fotovoltaice-harta-hu.webp?resize=1024,452 1024w, https:\/\/www.ppcenergy.ro\/wp-content\/uploads\/parcuri-fotovoltaice-harta-hu.webp?resize=113,50 113w\" sizes=\"auto, (max-width: 1024px) 100vw, 1024px\" \/><\/figure>\n\n\n\n<div style=\"height:96px\" aria-hidden=\"true\" class=\"wp-block-spacer\"><\/div>\n","protected":false},"excerpt":{"rendered":"<p>Fotovoltaikus parkok H\u00e9t fotovoltaikus er\u0151m\u0171vet \u00fczemeltet\u00fcnk, \u00f6sszesen t\u00f6bb mint 125 MW be\u00e9p\u00edtett kapacit\u00e1ssal, amelyek az orsz\u00e1g d\u00e9li \u00e9s d\u00e9lnyugati r\u00e9sz\u00e9n, Giurgiu, Dolj, Prahova, Teleorman \u00e9s Caras-Severin megy\u00e9ben tal\u00e1lhat\u00f3k. Napenergia-kapacit\u00e1sunkat tov\u00e1bbra is fejlesztj\u00fck a fejleszt\u00e9s k\u00fcl\u00f6nb\u00f6z\u0151 f\u00e1zisaiban l\u00e9v\u0151 ambici\u00f3zus projektek r\u00e9v\u00e9n. A Lumina fotovoltaikus er\u0151m\u0171, a portf\u00f3li\u00f3nk legnagyobbja Portf\u00f3li\u00f3nk legnagyobb fotovoltaikus parkja egyben a leg\u00fajabb is, [&hellip;]<\/p>\n","protected":false},"author":48,"featured_media":18052,"parent":17926,"menu_order":0,"comment_status":"closed","ping_status":"closed","template":"","meta":{"_acf_changed":false,"footnotes":""},"class_list":["post-18051","page","type-page","status-publish","has-post-thumbnail","hentry"],"acf":[],"yoast_head":"<!-- This site is optimized with the Yoast SEO Premium plugin v21.8 (Yoast SEO v27.3) - https:\/\/yoast.com\/product\/yoast-seo-premium-wordpress\/ -->\n<title>Fotovoltaikus parkok - PPC<\/title>\n<meta name=\"description\" content=\"Fedezze fel a PPC Renewables Rom\u00e1nia fotovoltaikus er\u0151m\u0171veit!\" \/>\n<meta name=\"robots\" content=\"index, follow, max-snippet:-1, max-image-preview:large, max-video-preview:-1\" \/>\n<link rel=\"canonical\" href=\"https:\/\/www.ppcenergy.ro\/hu\/ppcrenewables\/megujulo-energiaforrasok\/fotovoltaikus-parkok\/\" \/>\n<meta property=\"og:locale\" content=\"hu_HU\" \/>\n<meta property=\"og:type\" content=\"article\" \/>\n<meta property=\"og:title\" content=\"Fotovoltaikus parkok\" \/>\n<meta property=\"og:description\" content=\"Fedezze fel a PPC Renewables Rom\u00e1nia fotovoltaikus er\u0151m\u0171veit!\" \/>\n<meta property=\"og:url\" content=\"https:\/\/www.ppcenergy.ro\/hu\/ppcrenewables\/megujulo-energiaforrasok\/fotovoltaikus-parkok\/\" \/>\n<meta property=\"og:site_name\" content=\"PPC\" \/>\n<meta property=\"article:publisher\" content=\"https:\/\/www.facebook.com\/ppcenergy\" \/>\n<meta property=\"article:modified_time\" content=\"2025-06-13T08:37:26+00:00\" \/>\n<meta property=\"og:image\" content=\"https:\/\/www.ppcenergy.ro\/wp-content\/uploads\/parcuri-fotovoltaice-1.webp\" \/>\n\t<meta property=\"og:image:width\" content=\"4000\" \/>\n\t<meta property=\"og:image:height\" content=\"3000\" \/>\n\t<meta property=\"og:image:type\" content=\"image\/webp\" \/>\n<meta name=\"twitter:card\" content=\"summary_large_image\" \/>\n<meta name=\"twitter:title\" content=\"Fotovoltaikus parkok\" \/>\n<meta name=\"twitter:site\" content=\"@PPCEnergyRo\" \/>\n<meta name=\"twitter:label1\" content=\"Est. reading time\" \/>\n\t<meta name=\"twitter:data1\" content=\"2 perc\" \/>\n<script type=\"application\/ld+json\" class=\"yoast-schema-graph\">{\"@context\":\"https:\\\/\\\/schema.org\",\"@graph\":[{\"@type\":\"WebPage\",\"@id\":\"https:\\\/\\\/www.ppcenergy.ro\\\/hu\\\/ppcrenewables\\\/megujulo-energiaforrasok\\\/fotovoltaikus-parkok\\\/\",\"url\":\"https:\\\/\\\/www.ppcenergy.ro\\\/hu\\\/ppcrenewables\\\/megujulo-energiaforrasok\\\/fotovoltaikus-parkok\\\/\",\"name\":\"Fotovoltaikus parkok - PPC\",\"isPartOf\":{\"@id\":\"https:\\\/\\\/www.ppcenergy.ro\\\/#website\"},\"primaryImageOfPage\":{\"@id\":\"https:\\\/\\\/www.ppcenergy.ro\\\/hu\\\/ppcrenewables\\\/megujulo-energiaforrasok\\\/fotovoltaikus-parkok\\\/#primaryimage\"},\"image\":{\"@id\":\"https:\\\/\\\/www.ppcenergy.ro\\\/hu\\\/ppcrenewables\\\/megujulo-energiaforrasok\\\/fotovoltaikus-parkok\\\/#primaryimage\"},\"thumbnailUrl\":\"https:\\\/\\\/www.ppcenergy.ro\\\/wp-content\\\/uploads\\\/parcuri-fotovoltaice-1.webp\",\"datePublished\":\"2024-03-19T07:30:30+00:00\",\"dateModified\":\"2025-06-13T08:37:26+00:00\",\"description\":\"Fedezze fel a PPC Renewables Rom\u00e1nia fotovoltaikus er\u0151m\u0171veit!\",\"breadcrumb\":{\"@id\":\"https:\\\/\\\/www.ppcenergy.ro\\\/hu\\\/ppcrenewables\\\/megujulo-energiaforrasok\\\/fotovoltaikus-parkok\\\/#breadcrumb\"},\"inLanguage\":\"hu\",\"potentialAction\":[{\"@type\":\"ReadAction\",\"target\":[\"https:\\\/\\\/www.ppcenergy.ro\\\/hu\\\/ppcrenewables\\\/megujulo-energiaforrasok\\\/fotovoltaikus-parkok\\\/\"]}]},{\"@type\":\"ImageObject\",\"inLanguage\":\"hu\",\"@id\":\"https:\\\/\\\/www.ppcenergy.ro\\\/hu\\\/ppcrenewables\\\/megujulo-energiaforrasok\\\/fotovoltaikus-parkok\\\/#primaryimage\",\"url\":\"https:\\\/\\\/www.ppcenergy.ro\\\/wp-content\\\/uploads\\\/parcuri-fotovoltaice-1.webp\",\"contentUrl\":\"https:\\\/\\\/www.ppcenergy.ro\\\/wp-content\\\/uploads\\\/parcuri-fotovoltaice-1.webp\",\"width\":4000,\"height\":3000},{\"@type\":\"BreadcrumbList\",\"@id\":\"https:\\\/\\\/www.ppcenergy.ro\\\/hu\\\/ppcrenewables\\\/megujulo-energiaforrasok\\\/fotovoltaikus-parkok\\\/#breadcrumb\",\"itemListElement\":[{\"@type\":\"ListItem\",\"position\":1,\"name\":\"Home\",\"item\":\"https:\\\/\\\/www.ppcenergy.ro\\\/hu\\\/\"},{\"@type\":\"ListItem\",\"position\":2,\"name\":\"PPC Renewables\",\"item\":\"https:\\\/\\\/www.ppcenergy.ro\\\/hu\\\/ppcrenewables\\\/\"},{\"@type\":\"ListItem\",\"position\":3,\"name\":\"Meg\u00fajul\u00f3 energiaforr\u00e1sok\",\"item\":\"https:\\\/\\\/www.ppcenergy.ro\\\/hu\\\/ppcrenewables\\\/megujulo-energiaforrasok\\\/\"},{\"@type\":\"ListItem\",\"position\":4,\"name\":\"Fotovoltaikus parkok\"}]},{\"@type\":\"WebSite\",\"@id\":\"https:\\\/\\\/www.ppcenergy.ro\\\/#website\",\"url\":\"https:\\\/\\\/www.ppcenergy.ro\\\/\",\"name\":\"PPC\",\"description\":\"Energy\",\"publisher\":{\"@id\":\"https:\\\/\\\/www.ppcenergy.ro\\\/#organization\"},\"potentialAction\":[{\"@type\":\"SearchAction\",\"target\":{\"@type\":\"EntryPoint\",\"urlTemplate\":\"https:\\\/\\\/www.ppcenergy.ro\\\/?s={search_term_string}\"},\"query-input\":{\"@type\":\"PropertyValueSpecification\",\"valueRequired\":true,\"valueName\":\"search_term_string\"}}],\"inLanguage\":\"hu\"},{\"@type\":\"Organization\",\"@id\":\"https:\\\/\\\/www.ppcenergy.ro\\\/#organization\",\"name\":\"PPC\",\"url\":\"https:\\\/\\\/www.ppcenergy.ro\\\/\",\"logo\":{\"@type\":\"ImageObject\",\"inLanguage\":\"hu\",\"@id\":\"https:\\\/\\\/www.ppcenergy.ro\\\/#\\\/schema\\\/logo\\\/image\\\/\",\"url\":\"https:\\\/\\\/www.ppcenergy.ro\\\/wp-content\\\/uploads\\\/cropped-favicon.webp\",\"contentUrl\":\"https:\\\/\\\/www.ppcenergy.ro\\\/wp-content\\\/uploads\\\/cropped-favicon.webp\",\"width\":512,\"height\":512,\"caption\":\"PPC\"},\"image\":{\"@id\":\"https:\\\/\\\/www.ppcenergy.ro\\\/#\\\/schema\\\/logo\\\/image\\\/\"},\"sameAs\":[\"https:\\\/\\\/www.facebook.com\\\/ppcenergy\",\"https:\\\/\\\/x.com\\\/PPCEnergyRo\",\"https:\\\/\\\/www.instagram.com\\\/ppcenergyro\\\/\",\"https:\\\/\\\/www.youtube.com\\\/@PPCEnergy\",\"https:\\\/\\\/www.linkedin.com\\\/company\\\/ppc-energy\\\/\"]}]}<\/script>\n<!-- \/ Yoast SEO Premium plugin. -->","yoast_head_json":{"title":"Fotovoltaikus parkok - PPC","description":"Fedezze fel a PPC Renewables Rom\u00e1nia fotovoltaikus er\u0151m\u0171veit!","robots":{"index":"index","follow":"follow","max-snippet":"max-snippet:-1","max-image-preview":"max-image-preview:large","max-video-preview":"max-video-preview:-1"},"canonical":"https:\/\/www.ppcenergy.ro\/hu\/ppcrenewables\/megujulo-energiaforrasok\/fotovoltaikus-parkok\/","og_locale":"hu_HU","og_type":"article","og_title":"Fotovoltaikus parkok","og_description":"Fedezze fel a PPC Renewables Rom\u00e1nia fotovoltaikus er\u0151m\u0171veit!","og_url":"https:\/\/www.ppcenergy.ro\/hu\/ppcrenewables\/megujulo-energiaforrasok\/fotovoltaikus-parkok\/","og_site_name":"PPC","article_publisher":"https:\/\/www.facebook.com\/ppcenergy","article_modified_time":"2025-06-13T08:37:26+00:00","og_image":[{"width":4000,"height":3000,"url":"https:\/\/www.ppcenergy.ro\/wp-content\/uploads\/parcuri-fotovoltaice-1.webp","type":"image\/webp"}],"twitter_card":"summary_large_image","twitter_title":"Fotovoltaikus parkok","twitter_site":"@PPCEnergyRo","twitter_misc":{"Est. reading time":"2 perc"},"schema":{"@context":"https:\/\/schema.org","@graph":[{"@type":"WebPage","@id":"https:\/\/www.ppcenergy.ro\/hu\/ppcrenewables\/megujulo-energiaforrasok\/fotovoltaikus-parkok\/","url":"https:\/\/www.ppcenergy.ro\/hu\/ppcrenewables\/megujulo-energiaforrasok\/fotovoltaikus-parkok\/","name":"Fotovoltaikus parkok - PPC","isPartOf":{"@id":"https:\/\/www.ppcenergy.ro\/#website"},"primaryImageOfPage":{"@id":"https:\/\/www.ppcenergy.ro\/hu\/ppcrenewables\/megujulo-energiaforrasok\/fotovoltaikus-parkok\/#primaryimage"},"image":{"@id":"https:\/\/www.ppcenergy.ro\/hu\/ppcrenewables\/megujulo-energiaforrasok\/fotovoltaikus-parkok\/#primaryimage"},"thumbnailUrl":"https:\/\/www.ppcenergy.ro\/wp-content\/uploads\/parcuri-fotovoltaice-1.webp","datePublished":"2024-03-19T07:30:30+00:00","dateModified":"2025-06-13T08:37:26+00:00","description":"Fedezze fel a PPC Renewables Rom\u00e1nia fotovoltaikus er\u0151m\u0171veit!","breadcrumb":{"@id":"https:\/\/www.ppcenergy.ro\/hu\/ppcrenewables\/megujulo-energiaforrasok\/fotovoltaikus-parkok\/#breadcrumb"},"inLanguage":"hu","potentialAction":[{"@type":"ReadAction","target":["https:\/\/www.ppcenergy.ro\/hu\/ppcrenewables\/megujulo-energiaforrasok\/fotovoltaikus-parkok\/"]}]},{"@type":"ImageObject","inLanguage":"hu","@id":"https:\/\/www.ppcenergy.ro\/hu\/ppcrenewables\/megujulo-energiaforrasok\/fotovoltaikus-parkok\/#primaryimage","url":"https:\/\/www.ppcenergy.ro\/wp-content\/uploads\/parcuri-fotovoltaice-1.webp","contentUrl":"https:\/\/www.ppcenergy.ro\/wp-content\/uploads\/parcuri-fotovoltaice-1.webp","width":4000,"height":3000},{"@type":"BreadcrumbList","@id":"https:\/\/www.ppcenergy.ro\/hu\/ppcrenewables\/megujulo-energiaforrasok\/fotovoltaikus-parkok\/#breadcrumb","itemListElement":[{"@type":"ListItem","position":1,"name":"Home","item":"https:\/\/www.ppcenergy.ro\/hu\/"},{"@type":"ListItem","position":2,"name":"PPC Renewables","item":"https:\/\/www.ppcenergy.ro\/hu\/ppcrenewables\/"},{"@type":"ListItem","position":3,"name":"Meg\u00fajul\u00f3 energiaforr\u00e1sok","item":"https:\/\/www.ppcenergy.ro\/hu\/ppcrenewables\/megujulo-energiaforrasok\/"},{"@type":"ListItem","position":4,"name":"Fotovoltaikus parkok"}]},{"@type":"WebSite","@id":"https:\/\/www.ppcenergy.ro\/#website","url":"https:\/\/www.ppcenergy.ro\/","name":"PPC","description":"Energy","publisher":{"@id":"https:\/\/www.ppcenergy.ro\/#organization"},"potentialAction":[{"@type":"SearchAction","target":{"@type":"EntryPoint","urlTemplate":"https:\/\/www.ppcenergy.ro\/?s={search_term_string}"},"query-input":{"@type":"PropertyValueSpecification","valueRequired":true,"valueName":"search_term_string"}}],"inLanguage":"hu"},{"@type":"Organization","@id":"https:\/\/www.ppcenergy.ro\/#organization","name":"PPC","url":"https:\/\/www.ppcenergy.ro\/","logo":{"@type":"ImageObject","inLanguage":"hu","@id":"https:\/\/www.ppcenergy.ro\/#\/schema\/logo\/image\/","url":"https:\/\/www.ppcenergy.ro\/wp-content\/uploads\/cropped-favicon.webp","contentUrl":"https:\/\/www.ppcenergy.ro\/wp-content\/uploads\/cropped-favicon.webp","width":512,"height":512,"caption":"PPC"},"image":{"@id":"https:\/\/www.ppcenergy.ro\/#\/schema\/logo\/image\/"},"sameAs":["https:\/\/www.facebook.com\/ppcenergy","https:\/\/x.com\/PPCEnergyRo","https:\/\/www.instagram.com\/ppcenergyro\/","https:\/\/www.youtube.com\/@PPCEnergy","https:\/\/www.linkedin.com\/company\/ppc-energy\/"]}]}},"parsely":{"version":"1.1.0","canonical_url":"https:\/\/ppcenergy.ro\/hu\/ppcrenewables\/ppcrenewables-romania\/fotovoltaikus-parkok\/","smart_links":{"inbound":0,"outbound":0},"traffic_boost_suggestions_count":0,"meta":{"@context":"https:\/\/schema.org","@type":"WebPage","headline":"Fotovoltaikus parkok","url":"https:\/\/www.ppcenergy.ro\/hu\/ppcrenewables\/ppcrenewables-romania\/fotovoltaikus-parkok\/","mainEntityOfPage":{"@type":"WebPage","@id":"https:\/\/www.ppcenergy.ro\/hu\/ppcrenewables\/ppcrenewables-romania\/fotovoltaikus-parkok\/"},"thumbnailUrl":"https:\/\/www.ppcenergy.ro\/wp-content\/uploads\/parcuri-fotovoltaice-1.webp?w=150&h=150&crop=1","image":{"@type":"ImageObject","url":"https:\/\/www.ppcenergy.ro\/wp-content\/uploads\/parcuri-fotovoltaice-1.webp"},"articleSection":"Uncategorized @hu","author":[{"@type":"Person","name":"Madalina-Elena Dragan"}],"creator":["Madalina-Elena Dragan"],"publisher":{"@type":"Organization","name":"PPC","logo":""},"keywords":[],"dateCreated":"2024-03-19T07:30:30Z","datePublished":"2024-03-19T07:30:30Z","dateModified":"2025-06-13T08:37:26Z"},"rendered":"<meta name=\"parsely-title\" content=\"Fotovoltaikus parkok\" \/>\n<meta name=\"parsely-link\" content=\"https:\/\/www.ppcenergy.ro\/hu\/ppcrenewables\/ppcrenewables-romania\/fotovoltaikus-parkok\/\" \/>\n<meta name=\"parsely-type\" content=\"index\" \/>\n<meta name=\"parsely-image-url\" content=\"https:\/\/www.ppcenergy.ro\/wp-content\/uploads\/parcuri-fotovoltaice-1.webp?w=150&amp;h=150&amp;crop=1\" \/>\n<meta name=\"parsely-pub-date\" content=\"2024-03-19T07:30:30Z\" \/>\n<meta name=\"parsely-section\" content=\"Uncategorized @hu\" \/>\n<meta name=\"parsely-author\" content=\"Madalina-Elena Dragan\" \/>","tracker_url":"https:\/\/cdn.parsely.com\/keys\/ppcenergy.ro\/p.js"},"_links":{"self":[{"href":"https:\/\/www.ppcenergy.ro\/hu\/wp-json\/wp\/v2\/pages\/18051","targetHints":{"allow":["GET"]}}],"collection":[{"href":"https:\/\/www.ppcenergy.ro\/hu\/wp-json\/wp\/v2\/pages"}],"about":[{"href":"https:\/\/www.ppcenergy.ro\/hu\/wp-json\/wp\/v2\/types\/page"}],"author":[{"embeddable":true,"href":"https:\/\/www.ppcenergy.ro\/hu\/wp-json\/wp\/v2\/users\/48"}],"replies":[{"embeddable":true,"href":"https:\/\/www.ppcenergy.ro\/hu\/wp-json\/wp\/v2\/comments?post=18051"}],"version-history":[{"count":3,"href":"https:\/\/www.ppcenergy.ro\/hu\/wp-json\/wp\/v2\/pages\/18051\/revisions"}],"predecessor-version":[{"id":19281,"href":"https:\/\/www.ppcenergy.ro\/hu\/wp-json\/wp\/v2\/pages\/18051\/revisions\/19281"}],"up":[{"embeddable":true,"href":"https:\/\/www.ppcenergy.ro\/hu\/wp-json\/wp\/v2\/pages\/17926"}],"wp:featuredmedia":[{"embeddable":true,"href":"https:\/\/www.ppcenergy.ro\/hu\/wp-json\/wp\/v2\/media\/18052"}],"wp:attachment":[{"href":"https:\/\/www.ppcenergy.ro\/hu\/wp-json\/wp\/v2\/media?parent=18051"}],"curies":[{"name":"wp","href":"https:\/\/api.w.org\/{rel}","templated":true}]}}