{"id":17926,"date":"2024-03-18T16:10:02","date_gmt":"2024-03-18T14:10:02","guid":{"rendered":"https:\/\/www.ppcenergy.ro\/ppc-renewables\/ppc-renewables-romania\/"},"modified":"2025-06-13T11:36:30","modified_gmt":"2025-06-13T08:36:30","slug":"ppcrenewables-romania","status":"publish","type":"page","link":"https:\/\/www.ppcenergy.ro\/hu\/ppcrenewables\/ppcrenewables-romania\/","title":{"rendered":"PPC Renewables Rom\u00e1nia"},"content":{"rendered":"<section id=\"\" class=\"block-top-product \">\n    <div class='top-product'>\n                <div class=\"full-slide  gradientproduct  articles left slider-type-gradinetimage\">\n                                        <div\n                    class='gradient desktop bottomleft green  seven_per_row'>\n                    <div class='line line1'><\/div>\n                    <div class='line line2'><\/div>\n                    <div class='line line3'><\/div>\n                    <div class='line line4'><\/div>\n                                            <div class='line line5'><\/div>\n                        <div class='line line6'><\/div>\n                        <div class='line line7'><\/div>\n                                                        <\/div>\n                                                            <div class=\"product-image bottomleft green\">\n                        <img loading=\"lazy\" decoding=\"async\" width=\"1024\" height=\"683\" src=\"https:\/\/www.ppcenergy.ro\/wp-content\/uploads\/menu-ppc-renewables.webp?w=1024\" class=\"attachment-gradientproduct size-gradientproduct\" alt=\"\" srcset=\"https:\/\/www.ppcenergy.ro\/wp-content\/uploads\/menu-ppc-renewables.webp 5546w, https:\/\/www.ppcenergy.ro\/wp-content\/uploads\/menu-ppc-renewables.webp?resize=300,200 300w, https:\/\/www.ppcenergy.ro\/wp-content\/uploads\/menu-ppc-renewables.webp?resize=768,512 768w, https:\/\/www.ppcenergy.ro\/wp-content\/uploads\/menu-ppc-renewables.webp?resize=1024,683 1024w, https:\/\/www.ppcenergy.ro\/wp-content\/uploads\/menu-ppc-renewables.webp?resize=1536,1024 1536w, https:\/\/www.ppcenergy.ro\/wp-content\/uploads\/menu-ppc-renewables.webp?resize=2048,1365 2048w, https:\/\/www.ppcenergy.ro\/wp-content\/uploads\/menu-ppc-renewables.webp?resize=75,50 75w\" sizes=\"auto, (max-width: 1024px) 100vw, 1024px\" \/>                    <\/div>\n                \n                                        <div class=\"product-textbox  text-color-white\">\n                                            <div\n                            class='gradient mobile bottomleft green  seven_per_row'>\n                            <div class='line line1'><\/div>\n                            <div class='line line2'><\/div>\n                            <div class='line line3'><\/div>\n                            <div class='line line4'><\/div>\n                                                            <div class='line line5'><\/div>\n                                <div class='line line6'><\/div>\n                                <div class='line line7'><\/div>\n                                                                                <\/div>\n                    \n                                                                                    <h2 class=\"title\">\n                        A z\u00f6ld energia a mi \u00edg\u00e9ret\u00fcnk                        <\/h2>\n                                                                                    <div class=\"text\">\n                            <p><p>Rom\u00e1ni\u00e1ban \u00e9len j\u00e1runk a fenntarthat\u00f3 energi\u00e1val kapcsolatos versenyben.<\/p>\n<\/p>\n                        <\/div>\n                                                                                \n                                            <a class=\"global-button global-button-border-black\" href=\"https:\/\/www.ppcenergy.ro\/ppc-renewables\/surse-de-energie-regenerabila\/\"\n                           title=\"Afl\u0103 mai multe\" target=\"_self\">\n                               Afl\u0103 mai multe                        <\/a>\n                                                        <\/div>\n                    <\/div>\n    <\/div>\n<\/section>\n\n<section id=\"\" class=\"block-breadcrumbs\">\n    <ul id=\"breadcrumbs\" itemprop=\"breadcrumb\" class=\"breadcrumbs\"><li><a rel=\"home\" href=\"https:\/\/www.ppcenergy.ro\/hu\/\"><span class=\"logo-breadcrumbs\"><\/span><\/a><\/li><\/ul><\/section>\n\n\n<div style=\"height:32px\" aria-hidden=\"true\" class=\"wp-block-spacer\"><\/div>\n\n\n\n<div class=\"wp-block-columns is-layout-flex wp-container-core-columns-is-layout-28f84493 wp-block-columns-is-layout-flex\">\n<div class=\"wp-block-column is-layout-flow wp-block-column-is-layout-flow\" style=\"flex-basis:66.66%\">\n<h1 class=\"wp-block-heading\" id=\"h-ppc-renewables-romania\" style=\"margin-top:var(--wp--preset--spacing--30);margin-bottom:var(--wp--preset--spacing--30)\">PPC Renewables Rom\u00e1nia<\/h1>\n\n\n\n<div style=\"height:16px\" aria-hidden=\"true\" class=\"wp-block-spacer\"><\/div>\n\n\n\n<p style=\"margin-top:var(--wp--preset--spacing--30);margin-bottom:var(--wp--preset--spacing--30)\">A PPC Renewables Rom\u00e1nia a legnagyobb meg\u00fajul\u00f3energia-termel\u0151 az orsz\u00e1gban. Sz\u00e9l-, nap- \u00e9s v\u00edzenergi\u00e1t termel\u00fcnk, amelyet lakoss\u00e1gi, kereskedelmi \u00e9s int\u00e9zm\u00e9nyi fogyaszt\u00f3k haszn\u00e1lnak orsz\u00e1gszerte. Hissz\u00fck, hogy a z\u00f6ld energia a j\u00f6v\u0151 energi\u00e1ja.<\/p>\n\n\n\n<p>Jelenleg v\u00e1llalatunk t\u00f6bb mint 1330 MW \u00f6sszkapacit\u00e1s\u00fa sz\u00e9l-, fotovoltaikus \u00e9s v\u00edzer\u0151m\u0171vekkel m\u0171k\u00f6dik, ebb\u0151l 1183 MW sz\u00e9ler\u0151m\u0171, 125,99 MW fotovoltaikus \u00e9s 22,351 MW v\u00edzenergia.<\/p>\n\n\n\n<p>A PPC Renewables Romania az Enel Green Power Romania (egy 2007-ben alap\u00edtott v\u00e1llalat) eszk\u00f6zeinek a Public Power Corporation (PPC) \u00e1ltal 2023 okt\u00f3ber\u00e9ben t\u00f6rt\u00e9nt \u00e1tv\u00e9tel\u00e9b\u0151l j\u00f6tt l\u00e9tre. A helyi fenntarthat\u00f3 energiapiacon 15 \u00e9ve akt\u00edvan tev\u00e9kenyked\u0151 v\u00e1llalat 12 sz\u00e9ler\u0151m\u0171v\u00f6n, 7 fotovoltaikus er\u0151m\u0171v\u00f6n \u00e9s 5 v\u00edzer\u0151m\u0171v\u00f6n kereszt\u00fcl hasznos\u00edtja a sz\u00e9l-, nap- \u00e9s v\u00edzenergi\u00e1t.<\/p>\n\n\n\n<p style=\"margin-top:var(--wp--preset--spacing--30);margin-bottom:var(--wp--preset--spacing--30)\">A portf\u00f3li\u00f3nk (portofoli\u00e1nk)legnagyobb napelemparkj\u00e1t, a Lumina-t 2023 j\u00falius\u00e1ban adtuk \u00e1t a Giurgiu megyei C\u0103lug\u0103reni telep\u00fcl\u00e9sen, \u00e9s 63 MW be\u00e9p\u00edtett kapacit\u00e1ssal rendelkezik, amely \u00e9vente mintegy 99 GWh villamos energi\u00e1t termel.<\/p>\n<\/div>\n<\/div>\n\n\n\n<div style=\"height:16px\" aria-hidden=\"true\" class=\"wp-block-spacer\"><\/div>\n\n\n\n<figure class=\"wp-block-image size-large\"><img loading=\"lazy\" decoding=\"async\" height=\"250\" width=\"1024\" src=\"https:\/\/www.ppcenergy.ro\/wp-content\/uploads\/ppc-renewables-info-hu.webp?w=1024\" alt=\"\" class=\"wp-image-19163\" srcset=\"https:\/\/www.ppcenergy.ro\/wp-content\/uploads\/ppc-renewables-info-hu.webp 1920w, https:\/\/www.ppcenergy.ro\/wp-content\/uploads\/ppc-renewables-info-hu.webp?resize=300,73 300w, https:\/\/www.ppcenergy.ro\/wp-content\/uploads\/ppc-renewables-info-hu.webp?resize=768,187 768w, https:\/\/www.ppcenergy.ro\/wp-content\/uploads\/ppc-renewables-info-hu.webp?resize=1024,250 1024w, https:\/\/www.ppcenergy.ro\/wp-content\/uploads\/ppc-renewables-info-hu.webp?resize=1536,374 1536w, https:\/\/www.ppcenergy.ro\/wp-content\/uploads\/ppc-renewables-info-hu.webp?resize=205,50 205w\" sizes=\"auto, (max-width: 1024px) 100vw, 1024px\" \/><\/figure>\n\n\n\n<div style=\"height:96px\" aria-hidden=\"true\" class=\"wp-block-spacer\"><\/div>\n","protected":false},"excerpt":{"rendered":"<p>PPC Renewables Rom\u00e1nia A PPC Renewables Rom\u00e1nia a legnagyobb meg\u00fajul\u00f3energia-termel\u0151 az orsz\u00e1gban. Sz\u00e9l-, nap- \u00e9s v\u00edzenergi\u00e1t termel\u00fcnk, amelyet lakoss\u00e1gi, kereskedelmi \u00e9s int\u00e9zm\u00e9nyi fogyaszt\u00f3k haszn\u00e1lnak orsz\u00e1gszerte. Hissz\u00fck, hogy a z\u00f6ld energia a j\u00f6v\u0151 energi\u00e1ja. Jelenleg v\u00e1llalatunk t\u00f6bb mint 1330 MW \u00f6sszkapacit\u00e1s\u00fa sz\u00e9l-, fotovoltaikus \u00e9s v\u00edzer\u0151m\u0171vekkel m\u0171k\u00f6dik, ebb\u0151l 1183 MW sz\u00e9ler\u0151m\u0171, 125,99 MW fotovoltaikus \u00e9s 22,351 MW [&hellip;]<\/p>\n","protected":false},"author":48,"featured_media":17927,"parent":17917,"menu_order":0,"comment_status":"closed","ping_status":"closed","template":"","meta":{"_acf_changed":false,"footnotes":""},"class_list":["post-17926","page","type-page","status-publish","has-post-thumbnail","hentry"],"acf":[],"yoast_head":"<!-- This site is optimized with the Yoast SEO Premium plugin v21.8 (Yoast SEO v27.3) - https:\/\/yoast.com\/product\/yoast-seo-premium-wordpress\/ -->\n<title>PPC Renewables Rom\u00e1nia - PPC<\/title>\n<meta name=\"description\" content=\"Fedezze fel a PPC Renewables Rom\u00e1ni\u00e1t!\" \/>\n<meta name=\"robots\" content=\"index, follow, max-snippet:-1, max-image-preview:large, max-video-preview:-1\" \/>\n<link rel=\"canonical\" href=\"https:\/\/www.ppcenergy.ro\/hu\/ppcrenewables\/ppcrenewables-romania\/\" \/>\n<meta property=\"og:locale\" content=\"hu_HU\" \/>\n<meta property=\"og:type\" content=\"article\" \/>\n<meta property=\"og:title\" content=\"PPC Renewables Rom\u00e1nia\" \/>\n<meta property=\"og:description\" content=\"Fedezze fel a PPC Renewables Rom\u00e1ni\u00e1t!\" \/>\n<meta property=\"og:url\" content=\"https:\/\/www.ppcenergy.ro\/hu\/ppcrenewables\/ppcrenewables-romania\/\" \/>\n<meta property=\"og:site_name\" content=\"PPC\" \/>\n<meta property=\"article:publisher\" content=\"https:\/\/www.facebook.com\/ppcenergy\" \/>\n<meta property=\"article:modified_time\" content=\"2025-06-13T08:36:30+00:00\" \/>\n<meta property=\"og:image\" content=\"https:\/\/www.ppcenergy.ro\/wp-content\/uploads\/menu-ppc-renewables.webp\" \/>\n\t<meta property=\"og:image:width\" content=\"5546\" \/>\n\t<meta property=\"og:image:height\" content=\"3697\" \/>\n\t<meta property=\"og:image:type\" content=\"image\/webp\" \/>\n<meta name=\"twitter:card\" content=\"summary_large_image\" \/>\n<meta name=\"twitter:title\" content=\"PPC Renewables Rom\u00e1nia\" \/>\n<meta name=\"twitter:site\" content=\"@PPCEnergyRo\" \/>\n<meta name=\"twitter:label1\" content=\"Est. reading time\" \/>\n\t<meta name=\"twitter:data1\" content=\"1 perc\" \/>\n<script type=\"application\/ld+json\" class=\"yoast-schema-graph\">{\"@context\":\"https:\\\/\\\/schema.org\",\"@graph\":[{\"@type\":\"WebPage\",\"@id\":\"https:\\\/\\\/www.ppcenergy.ro\\\/hu\\\/ppcrenewables\\\/ppcrenewables-romania\\\/\",\"url\":\"https:\\\/\\\/www.ppcenergy.ro\\\/hu\\\/ppcrenewables\\\/ppcrenewables-romania\\\/\",\"name\":\"PPC Renewables Rom\u00e1nia - PPC\",\"isPartOf\":{\"@id\":\"https:\\\/\\\/www.ppcenergy.ro\\\/#website\"},\"primaryImageOfPage\":{\"@id\":\"https:\\\/\\\/www.ppcenergy.ro\\\/hu\\\/ppcrenewables\\\/ppcrenewables-romania\\\/#primaryimage\"},\"image\":{\"@id\":\"https:\\\/\\\/www.ppcenergy.ro\\\/hu\\\/ppcrenewables\\\/ppcrenewables-romania\\\/#primaryimage\"},\"thumbnailUrl\":\"https:\\\/\\\/www.ppcenergy.ro\\\/wp-content\\\/uploads\\\/menu-ppc-renewables.webp\",\"datePublished\":\"2024-03-18T14:10:02+00:00\",\"dateModified\":\"2025-06-13T08:36:30+00:00\",\"description\":\"Fedezze fel a PPC Renewables Rom\u00e1ni\u00e1t!\",\"breadcrumb\":{\"@id\":\"https:\\\/\\\/www.ppcenergy.ro\\\/hu\\\/ppcrenewables\\\/ppcrenewables-romania\\\/#breadcrumb\"},\"inLanguage\":\"hu\",\"potentialAction\":[{\"@type\":\"ReadAction\",\"target\":[\"https:\\\/\\\/www.ppcenergy.ro\\\/hu\\\/ppcrenewables\\\/ppcrenewables-romania\\\/\"]}]},{\"@type\":\"ImageObject\",\"inLanguage\":\"hu\",\"@id\":\"https:\\\/\\\/www.ppcenergy.ro\\\/hu\\\/ppcrenewables\\\/ppcrenewables-romania\\\/#primaryimage\",\"url\":\"https:\\\/\\\/www.ppcenergy.ro\\\/wp-content\\\/uploads\\\/menu-ppc-renewables.webp\",\"contentUrl\":\"https:\\\/\\\/www.ppcenergy.ro\\\/wp-content\\\/uploads\\\/menu-ppc-renewables.webp\",\"width\":5546,\"height\":3697},{\"@type\":\"BreadcrumbList\",\"@id\":\"https:\\\/\\\/www.ppcenergy.ro\\\/hu\\\/ppcrenewables\\\/ppcrenewables-romania\\\/#breadcrumb\",\"itemListElement\":[{\"@type\":\"ListItem\",\"position\":1,\"name\":\"Home\",\"item\":\"https:\\\/\\\/www.ppcenergy.ro\\\/hu\\\/\"},{\"@type\":\"ListItem\",\"position\":2,\"name\":\"PPC Renewables\",\"item\":\"https:\\\/\\\/www.ppcenergy.ro\\\/hu\\\/ppcrenewables\\\/\"},{\"@type\":\"ListItem\",\"position\":3,\"name\":\"PPC Renewables Rom\u00e1nia\"}]},{\"@type\":\"WebSite\",\"@id\":\"https:\\\/\\\/www.ppcenergy.ro\\\/#website\",\"url\":\"https:\\\/\\\/www.ppcenergy.ro\\\/\",\"name\":\"PPC\",\"description\":\"Energy\",\"publisher\":{\"@id\":\"https:\\\/\\\/www.ppcenergy.ro\\\/#organization\"},\"potentialAction\":[{\"@type\":\"SearchAction\",\"target\":{\"@type\":\"EntryPoint\",\"urlTemplate\":\"https:\\\/\\\/www.ppcenergy.ro\\\/?s={search_term_string}\"},\"query-input\":{\"@type\":\"PropertyValueSpecification\",\"valueRequired\":true,\"valueName\":\"search_term_string\"}}],\"inLanguage\":\"hu\"},{\"@type\":\"Organization\",\"@id\":\"https:\\\/\\\/www.ppcenergy.ro\\\/#organization\",\"name\":\"PPC\",\"url\":\"https:\\\/\\\/www.ppcenergy.ro\\\/\",\"logo\":{\"@type\":\"ImageObject\",\"inLanguage\":\"hu\",\"@id\":\"https:\\\/\\\/www.ppcenergy.ro\\\/#\\\/schema\\\/logo\\\/image\\\/\",\"url\":\"https:\\\/\\\/www.ppcenergy.ro\\\/wp-content\\\/uploads\\\/cropped-favicon.webp\",\"contentUrl\":\"https:\\\/\\\/www.ppcenergy.ro\\\/wp-content\\\/uploads\\\/cropped-favicon.webp\",\"width\":512,\"height\":512,\"caption\":\"PPC\"},\"image\":{\"@id\":\"https:\\\/\\\/www.ppcenergy.ro\\\/#\\\/schema\\\/logo\\\/image\\\/\"},\"sameAs\":[\"https:\\\/\\\/www.facebook.com\\\/ppcenergy\",\"https:\\\/\\\/x.com\\\/PPCEnergyRo\",\"https:\\\/\\\/www.instagram.com\\\/ppcenergyro\\\/\",\"https:\\\/\\\/www.youtube.com\\\/@PPCEnergy\",\"https:\\\/\\\/www.linkedin.com\\\/company\\\/ppc-energy\\\/\"]}]}<\/script>\n<!-- \/ Yoast SEO Premium plugin. -->","yoast_head_json":{"title":"PPC Renewables Rom\u00e1nia - PPC","description":"Fedezze fel a PPC Renewables Rom\u00e1ni\u00e1t!","robots":{"index":"index","follow":"follow","max-snippet":"max-snippet:-1","max-image-preview":"max-image-preview:large","max-video-preview":"max-video-preview:-1"},"canonical":"https:\/\/www.ppcenergy.ro\/hu\/ppcrenewables\/ppcrenewables-romania\/","og_locale":"hu_HU","og_type":"article","og_title":"PPC Renewables Rom\u00e1nia","og_description":"Fedezze fel a PPC Renewables Rom\u00e1ni\u00e1t!","og_url":"https:\/\/www.ppcenergy.ro\/hu\/ppcrenewables\/ppcrenewables-romania\/","og_site_name":"PPC","article_publisher":"https:\/\/www.facebook.com\/ppcenergy","article_modified_time":"2025-06-13T08:36:30+00:00","og_image":[{"width":5546,"height":3697,"url":"https:\/\/www.ppcenergy.ro\/wp-content\/uploads\/menu-ppc-renewables.webp","type":"image\/webp"}],"twitter_card":"summary_large_image","twitter_title":"PPC Renewables Rom\u00e1nia","twitter_site":"@PPCEnergyRo","twitter_misc":{"Est. reading time":"1 perc"},"schema":{"@context":"https:\/\/schema.org","@graph":[{"@type":"WebPage","@id":"https:\/\/www.ppcenergy.ro\/hu\/ppcrenewables\/ppcrenewables-romania\/","url":"https:\/\/www.ppcenergy.ro\/hu\/ppcrenewables\/ppcrenewables-romania\/","name":"PPC Renewables Rom\u00e1nia - PPC","isPartOf":{"@id":"https:\/\/www.ppcenergy.ro\/#website"},"primaryImageOfPage":{"@id":"https:\/\/www.ppcenergy.ro\/hu\/ppcrenewables\/ppcrenewables-romania\/#primaryimage"},"image":{"@id":"https:\/\/www.ppcenergy.ro\/hu\/ppcrenewables\/ppcrenewables-romania\/#primaryimage"},"thumbnailUrl":"https:\/\/www.ppcenergy.ro\/wp-content\/uploads\/menu-ppc-renewables.webp","datePublished":"2024-03-18T14:10:02+00:00","dateModified":"2025-06-13T08:36:30+00:00","description":"Fedezze fel a PPC Renewables Rom\u00e1ni\u00e1t!","breadcrumb":{"@id":"https:\/\/www.ppcenergy.ro\/hu\/ppcrenewables\/ppcrenewables-romania\/#breadcrumb"},"inLanguage":"hu","potentialAction":[{"@type":"ReadAction","target":["https:\/\/www.ppcenergy.ro\/hu\/ppcrenewables\/ppcrenewables-romania\/"]}]},{"@type":"ImageObject","inLanguage":"hu","@id":"https:\/\/www.ppcenergy.ro\/hu\/ppcrenewables\/ppcrenewables-romania\/#primaryimage","url":"https:\/\/www.ppcenergy.ro\/wp-content\/uploads\/menu-ppc-renewables.webp","contentUrl":"https:\/\/www.ppcenergy.ro\/wp-content\/uploads\/menu-ppc-renewables.webp","width":5546,"height":3697},{"@type":"BreadcrumbList","@id":"https:\/\/www.ppcenergy.ro\/hu\/ppcrenewables\/ppcrenewables-romania\/#breadcrumb","itemListElement":[{"@type":"ListItem","position":1,"name":"Home","item":"https:\/\/www.ppcenergy.ro\/hu\/"},{"@type":"ListItem","position":2,"name":"PPC Renewables","item":"https:\/\/www.ppcenergy.ro\/hu\/ppcrenewables\/"},{"@type":"ListItem","position":3,"name":"PPC Renewables Rom\u00e1nia"}]},{"@type":"WebSite","@id":"https:\/\/www.ppcenergy.ro\/#website","url":"https:\/\/www.ppcenergy.ro\/","name":"PPC","description":"Energy","publisher":{"@id":"https:\/\/www.ppcenergy.ro\/#organization"},"potentialAction":[{"@type":"SearchAction","target":{"@type":"EntryPoint","urlTemplate":"https:\/\/www.ppcenergy.ro\/?s={search_term_string}"},"query-input":{"@type":"PropertyValueSpecification","valueRequired":true,"valueName":"search_term_string"}}],"inLanguage":"hu"},{"@type":"Organization","@id":"https:\/\/www.ppcenergy.ro\/#organization","name":"PPC","url":"https:\/\/www.ppcenergy.ro\/","logo":{"@type":"ImageObject","inLanguage":"hu","@id":"https:\/\/www.ppcenergy.ro\/#\/schema\/logo\/image\/","url":"https:\/\/www.ppcenergy.ro\/wp-content\/uploads\/cropped-favicon.webp","contentUrl":"https:\/\/www.ppcenergy.ro\/wp-content\/uploads\/cropped-favicon.webp","width":512,"height":512,"caption":"PPC"},"image":{"@id":"https:\/\/www.ppcenergy.ro\/#\/schema\/logo\/image\/"},"sameAs":["https:\/\/www.facebook.com\/ppcenergy","https:\/\/x.com\/PPCEnergyRo","https:\/\/www.instagram.com\/ppcenergyro\/","https:\/\/www.youtube.com\/@PPCEnergy","https:\/\/www.linkedin.com\/company\/ppc-energy\/"]}]}},"parsely":{"version":"1.1.0","canonical_url":"https:\/\/ppcenergy.ro\/hu\/ppcrenewables\/ppcrenewables-romania\/","smart_links":{"inbound":0,"outbound":0},"traffic_boost_suggestions_count":0,"meta":{"@context":"https:\/\/schema.org","@type":"WebPage","headline":"PPC Renewables Rom\u00e1nia","url":"https:\/\/www.ppcenergy.ro\/hu\/ppcrenewables\/ppcrenewables-romania\/","mainEntityOfPage":{"@type":"WebPage","@id":"https:\/\/www.ppcenergy.ro\/hu\/ppcrenewables\/ppcrenewables-romania\/"},"thumbnailUrl":"https:\/\/www.ppcenergy.ro\/wp-content\/uploads\/menu-ppc-renewables.webp?w=150&h=150&crop=1","image":{"@type":"ImageObject","url":"https:\/\/www.ppcenergy.ro\/wp-content\/uploads\/menu-ppc-renewables.webp"},"articleSection":"Uncategorized @hu","author":[{"@type":"Person","name":"Madalina-Elena Dragan"}],"creator":["Madalina-Elena Dragan"],"publisher":{"@type":"Organization","name":"PPC","logo":""},"keywords":[],"dateCreated":"2024-03-18T14:10:02Z","datePublished":"2024-03-18T14:10:02Z","dateModified":"2025-06-13T08:36:30Z"},"rendered":"<meta name=\"parsely-title\" content=\"PPC Renewables Rom\u00e1nia\" \/>\n<meta name=\"parsely-link\" content=\"https:\/\/www.ppcenergy.ro\/hu\/ppcrenewables\/ppcrenewables-romania\/\" \/>\n<meta name=\"parsely-type\" content=\"index\" \/>\n<meta name=\"parsely-image-url\" content=\"https:\/\/www.ppcenergy.ro\/wp-content\/uploads\/menu-ppc-renewables.webp?w=150&amp;h=150&amp;crop=1\" \/>\n<meta name=\"parsely-pub-date\" content=\"2024-03-18T14:10:02Z\" \/>\n<meta name=\"parsely-section\" content=\"Uncategorized @hu\" \/>\n<meta name=\"parsely-author\" content=\"Madalina-Elena Dragan\" \/>","tracker_url":"https:\/\/cdn.parsely.com\/keys\/ppcenergy.ro\/p.js"},"_links":{"self":[{"href":"https:\/\/www.ppcenergy.ro\/hu\/wp-json\/wp\/v2\/pages\/17926","targetHints":{"allow":["GET"]}}],"collection":[{"href":"https:\/\/www.ppcenergy.ro\/hu\/wp-json\/wp\/v2\/pages"}],"about":[{"href":"https:\/\/www.ppcenergy.ro\/hu\/wp-json\/wp\/v2\/types\/page"}],"author":[{"embeddable":true,"href":"https:\/\/www.ppcenergy.ro\/hu\/wp-json\/wp\/v2\/users\/48"}],"replies":[{"embeddable":true,"href":"https:\/\/www.ppcenergy.ro\/hu\/wp-json\/wp\/v2\/comments?post=17926"}],"version-history":[{"count":4,"href":"https:\/\/www.ppcenergy.ro\/hu\/wp-json\/wp\/v2\/pages\/17926\/revisions"}],"predecessor-version":[{"id":19280,"href":"https:\/\/www.ppcenergy.ro\/hu\/wp-json\/wp\/v2\/pages\/17926\/revisions\/19280"}],"up":[{"embeddable":true,"href":"https:\/\/www.ppcenergy.ro\/hu\/wp-json\/wp\/v2\/pages\/17917"}],"wp:featuredmedia":[{"embeddable":true,"href":"https:\/\/www.ppcenergy.ro\/hu\/wp-json\/wp\/v2\/media\/17927"}],"wp:attachment":[{"href":"https:\/\/www.ppcenergy.ro\/hu\/wp-json\/wp\/v2\/media?parent=17926"}],"curies":[{"name":"wp","href":"https:\/\/api.w.org\/{rel}","templated":true}]}}