{"id":17790,"date":"2025-05-06T15:01:36","date_gmt":"2025-05-06T12:01:36","guid":{"rendered":"https:\/\/www.ppcenergy.ro\/kik-vagyunk\/vallalatiranyitas\/cod-de-conduita\/"},"modified":"2025-05-31T23:16:39","modified_gmt":"2025-05-31T20:16:39","slug":"magatartasi-kodex","status":"publish","type":"page","link":"https:\/\/www.ppcenergy.ro\/hu\/kik-vagyunk\/vallalatiranyitas\/magatartasi-kodex\/","title":{"rendered":"Magatart\u00e1si k\u00f3dex"},"content":{"rendered":"\n<p><\/p>\n\n\n<section id=\"\" class=\"block-top-product \">\n    <div class='top-product'>\n                <div class=\"full-slide  fullproduct  articles left slider-type-gradient\">\n                                        <div\n                    class='gradient desktop bottomleft darkblue full four_per_row'>\n                    <div class='line line1'><\/div>\n                    <div class='line line2'><\/div>\n                    <div class='line line3'><\/div>\n                    <div class='line line4'><\/div>\n                                                        <\/div>\n                                                    <div class=\"product-textbox  text-color-white\">\n                                            <div\n                            class='gradient mobile bottomleft darkblue full four_per_row'>\n                            <div class='line line1'><\/div>\n                            <div class='line line2'><\/div>\n                            <div class='line line3'><\/div>\n                            <div class='line line4'><\/div>\n                                                                                <\/div>\n                    \n                                                                                    <h2 class=\"title\">\n                        Magatart\u00e1si k\u00f3dex                        <\/h2>\n                                                                                    <div class=\"text\">\n                            <p><p>Descoper\u0103 principiile etice \u0219i de integritate ale companiilor PPC \u00een Rom\u00e2nia. <\/p>\n<\/p>\n                        <\/div>\n                                                                                \n                                                        <\/div>\n                    <\/div>\n    <\/div>\n<\/section>\n\n<section id=\"\" class=\"block-breadcrumbs\">\n    <ul id=\"breadcrumbs\" itemprop=\"breadcrumb\" class=\"breadcrumbs\"><li><a rel=\"home\" href=\"https:\/\/www.ppcenergy.ro\/hu\/\"><span class=\"logo-breadcrumbs\"><\/span><\/a><\/li><\/ul><\/section>\n\n\n<div style=\"height:32px\" aria-hidden=\"true\" class=\"wp-block-spacer\"><\/div>\n\n\n\n<h1 class=\"wp-block-heading\" id=\"h-magatartasi-kodex\">Magatart\u00e1si k\u00f3dex<\/h1>\n\n\n\n<div class=\"wp-block-columns is-layout-flex wp-container-core-columns-is-layout-28f84493 wp-block-columns-is-layout-flex\">\n<div class=\"wp-block-column is-layout-flow wp-block-column-is-layout-flow\" style=\"flex-basis:66.66%\">\n<p>A rom\u00e1niai PPC v\u00e1llalatok magatart\u00e1si k\u00f3dexe kifejezi a v\u00e1llalat \u00fczleti \u00e9s tev\u00e9kenys\u00e9gi magatart\u00e1s\u00e1val kapcsolatos etikai k\u00f6telezetts\u00e9geket \u00e9s felel\u0151ss\u00e9get, amelyet a v\u00e1llalat alkalmazottai v\u00e1llalnak, ak\u00e1r igazgat\u00f3k\u00e9nt, ak\u00e1r a v\u00e1llalat b\u00e1rmely alkalmazottjak\u00e9nt. Tekintse meg az al\u00e1bbi dokumentumokat, \u00e9s tudja meg, hogy milyen etikai \u00e9s integrit\u00e1si elveket val\u00f3s\u00edtottunk meg!<\/p>\n\n\n    <section id=\"\" class=\"block-documents aside-title-block\">\n                                            <div class=\"list-aside documents-list\">\n                    \n                                <div class=\"document\">\n                                    <div class=\"left-document\">\n                                                                                    <div class=\"date-document date-document-mobile\">2 j\u00fanius 2025<\/div>\n                                                                                                                            <div class=\"title-document\">Magatart\u00e1si k\u00f3dex &#8211; PPC Energie<\/div>\n                                                                                <div class=\"category-date\">\n                                                                                            <div class=\"category-document\">etika \u00e9s integrit\u00e1s<\/div>\n                                                                                                                                        <div class=\"date-document\">2 j\u00fanius 2025<\/div>\n                                                                                    <\/div>\n                                    <\/div>\n                                                                            <a href=\"https:\/\/www.ppcenergy.ro\/wp-content\/uploads\/ppc-energie-codul-de-conduita-.pdf\" target=\"_blank\" class=\"right-document\">\n                                                                                            <div class=\"size-document\">pdf (205,01 KB)<\/div>\n                                                                                    <\/a>\n                                                                    <\/div>\n                                                                        \n                                <div class=\"document\">\n                                    <div class=\"left-document\">\n                                                                                    <div class=\"date-document date-document-mobile\">2 j\u00fanius 2025<\/div>\n                                                                                                                            <div class=\"title-document\">Magatart\u00e1si k\u00f3dex &#8211; PPC Advanced Energy Services<\/div>\n                                                                                <div class=\"category-date\">\n                                                                                            <div class=\"category-document\">etika \u00e9s integrit\u00e1s<\/div>\n                                                                                                                                        <div class=\"date-document\">2 j\u00fanius 2025<\/div>\n                                                                                    <\/div>\n                                    <\/div>\n                                                                            <a href=\"https:\/\/www.ppcenergy.ro\/wp-content\/uploads\/ppc-advanced-energy-services-codul-de-conduita-.pdf\" target=\"_blank\" class=\"right-document\">\n                                                                                            <div class=\"size-document\">pdf (244,20 KB)<\/div>\n                                                                                    <\/a>\n                                                                    <\/div>\n                                                                        \n                                <div class=\"document\">\n                                    <div class=\"left-document\">\n                                                                                    <div class=\"date-document date-document-mobile\">2 j\u00fanius 2025<\/div>\n                                                                                                                            <div class=\"title-document\">Magatart\u00e1si k\u00f3dex &#8211; PPC Renewables<\/div>\n                                                                                <div class=\"category-date\">\n                                                                                            <div class=\"category-document\">etika \u00e9s integrit\u00e1s<\/div>\n                                                                                                                                        <div class=\"date-document\">2 j\u00fanius 2025<\/div>\n                                                                                    <\/div>\n                                    <\/div>\n                                                                            <a href=\"https:\/\/www.ppcenergy.ro\/wp-content\/uploads\/ppc-renewables-codul-de-conduita-.pdf\" target=\"_blank\" class=\"right-document\">\n                                                                                            <div class=\"size-document\">pdf (233,14 KB)<\/div>\n                                                                                    <\/a>\n                                                                    <\/div>\n                                                                        \n                                <div class=\"document\">\n                                    <div class=\"left-document\">\n                                                                                    <div class=\"date-document date-document-mobile\">2 j\u00fanius 2025<\/div>\n                                                                                                                            <div class=\"title-document\">Magatart\u00e1si k\u00f3dex &#8211; PPC Servicii Comune<\/div>\n                                                                                <div class=\"category-date\">\n                                                                                            <div class=\"category-document\">etika \u00e9s integrit\u00e1s<\/div>\n                                                                                                                                        <div class=\"date-document\">2 j\u00fanius 2025<\/div>\n                                                                                    <\/div>\n                                    <\/div>\n                                                                            <a href=\"https:\/\/www.ppcenergy.ro\/wp-content\/uploads\/ppc-servicii-comune-codul-de-conduita-.pdf\" target=\"_blank\" class=\"right-document\">\n                                                                                            <div class=\"size-document\">pdf (241,81 KB)<\/div>\n                                                                                    <\/a>\n                                                                    <\/div>\n                                                                        \n                                <div class=\"document\">\n                                    <div class=\"left-document\">\n                                                                                    <div class=\"date-document date-document-mobile\">2 j\u00fanius 2025<\/div>\n                                                                                                                            <div class=\"title-document\">Magatart\u00e1si k\u00f3dex &#8211; PPC Trading<\/div>\n                                                                                <div class=\"category-date\">\n                                                                                            <div class=\"category-document\">etika \u00e9s integrit\u00e1s<\/div>\n                                                                                                                                        <div class=\"date-document\">2 j\u00fanius 2025<\/div>\n                                                                                    <\/div>\n                                    <\/div>\n                                                                            <a href=\"https:\/\/www.ppcenergy.ro\/wp-content\/uploads\/ppc-trading-codul-de-conduita-.pdf\" target=\"_blank\" class=\"right-document\">\n                                                                                            <div class=\"size-document\">pdf (177,56 KB)<\/div>\n                                                                                    <\/a>\n                                                                    <\/div>\n                                                                        \n                                <div class=\"document\">\n                                    <div class=\"left-document\">\n                                                                                    <div class=\"date-document date-document-mobile\">2 j\u00fanius 2025<\/div>\n                                                                                                                            <div class=\"title-document\">Magatart\u00e1si k\u00f3dex &#8211; PPC Public Power Corporation Romania<\/div>\n                                                                                <div class=\"category-date\">\n                                                                                            <div class=\"category-document\">etika \u00e9s integrit\u00e1s<\/div>\n                                                                                                                                        <div class=\"date-document\">2 j\u00fanius 2025<\/div>\n                                                                                    <\/div>\n                                    <\/div>\n                                                                            <a href=\"https:\/\/www.ppcenergy.ro\/wp-content\/uploads\/ppc-public-power-corporation-romania-codul-de-conduita-.pdf\" target=\"_blank\" class=\"right-document\">\n                                                                                            <div class=\"size-document\">pdf (241,11 KB)<\/div>\n                                                                                    <\/a>\n                                                                    <\/div>\n                                                                                        <\/div>\n                                <\/section>\n<\/div>\n<\/div>\n\n\n\n<div style=\"height:32px\" aria-hidden=\"true\" class=\"wp-block-spacer\"><\/div>\n","protected":false},"excerpt":{"rendered":"<p>Magatart\u00e1si k\u00f3dex A rom\u00e1niai PPC v\u00e1llalatok magatart\u00e1si k\u00f3dexe kifejezi a v\u00e1llalat \u00fczleti \u00e9s tev\u00e9kenys\u00e9gi magatart\u00e1s\u00e1val kapcsolatos etikai k\u00f6telezetts\u00e9geket \u00e9s felel\u0151ss\u00e9get, amelyet a v\u00e1llalat alkalmazottai v\u00e1llalnak, ak\u00e1r igazgat\u00f3k\u00e9nt, ak\u00e1r a v\u00e1llalat b\u00e1rmely alkalmazottjak\u00e9nt. Tekintse meg az al\u00e1bbi dokumentumokat, \u00e9s tudja meg, hogy milyen etikai \u00e9s integrit\u00e1si elveket val\u00f3s\u00edtottunk meg!<\/p>\n","protected":false},"author":14,"featured_media":0,"parent":17109,"menu_order":0,"comment_status":"closed","ping_status":"closed","template":"","meta":{"_acf_changed":false,"footnotes":""},"class_list":["post-17790","page","type-page","status-publish","hentry"],"acf":[],"yoast_head":"<!-- This site is optimized with the Yoast SEO Premium plugin v21.8 (Yoast SEO v27.3) - https:\/\/yoast.com\/product\/yoast-seo-premium-wordpress\/ -->\n<title>Magatart\u00e1si k\u00f3dex - PPC<\/title>\n<meta name=\"description\" content=\"Ismerje meg a PPC Csoport rom\u00e1niai v\u00e1llalatainak etikai \u00e9s integrit\u00e1si elveit.\" \/>\n<meta name=\"robots\" content=\"index, follow, max-snippet:-1, max-image-preview:large, max-video-preview:-1\" \/>\n<link rel=\"canonical\" href=\"https:\/\/www.ppcenergy.ro\/hu\/kik-vagyunk\/vallalatiranyitas\/magatartasi-kodex\/\" \/>\n<meta property=\"og:locale\" content=\"hu_HU\" \/>\n<meta property=\"og:type\" content=\"article\" \/>\n<meta property=\"og:title\" content=\"Magatart\u00e1si k\u00f3dex\" \/>\n<meta property=\"og:description\" content=\"Ismerje meg a PPC Csoport rom\u00e1niai v\u00e1llalatainak etikai \u00e9s integrit\u00e1si elveit.\" \/>\n<meta property=\"og:url\" content=\"https:\/\/www.ppcenergy.ro\/hu\/kik-vagyunk\/vallalatiranyitas\/magatartasi-kodex\/\" \/>\n<meta property=\"og:site_name\" content=\"PPC\" \/>\n<meta property=\"article:publisher\" content=\"https:\/\/www.facebook.com\/ppcenergy\" \/>\n<meta property=\"article:modified_time\" content=\"2025-05-31T20:16:39+00:00\" \/>\n<meta name=\"twitter:card\" content=\"summary_large_image\" \/>\n<meta name=\"twitter:title\" content=\"Magatart\u00e1si k\u00f3dex\" \/>\n<meta name=\"twitter:site\" content=\"@PPCEnergyRo\" \/>\n<meta name=\"twitter:label1\" content=\"Est. reading time\" \/>\n\t<meta name=\"twitter:data1\" content=\"1 perc\" \/>\n<script type=\"application\/ld+json\" class=\"yoast-schema-graph\">{\"@context\":\"https:\\\/\\\/schema.org\",\"@graph\":[{\"@type\":\"WebPage\",\"@id\":\"https:\\\/\\\/www.ppcenergy.ro\\\/hu\\\/kik-vagyunk\\\/vallalatiranyitas\\\/magatartasi-kodex\\\/\",\"url\":\"https:\\\/\\\/www.ppcenergy.ro\\\/hu\\\/kik-vagyunk\\\/vallalatiranyitas\\\/magatartasi-kodex\\\/\",\"name\":\"Magatart\u00e1si k\u00f3dex - PPC\",\"isPartOf\":{\"@id\":\"https:\\\/\\\/www.ppcenergy.ro\\\/#website\"},\"datePublished\":\"2025-05-06T12:01:36+00:00\",\"dateModified\":\"2025-05-31T20:16:39+00:00\",\"description\":\"Ismerje meg a PPC Csoport rom\u00e1niai v\u00e1llalatainak etikai \u00e9s integrit\u00e1si elveit.\",\"breadcrumb\":{\"@id\":\"https:\\\/\\\/www.ppcenergy.ro\\\/hu\\\/kik-vagyunk\\\/vallalatiranyitas\\\/magatartasi-kodex\\\/#breadcrumb\"},\"inLanguage\":\"hu\",\"potentialAction\":[{\"@type\":\"ReadAction\",\"target\":[\"https:\\\/\\\/www.ppcenergy.ro\\\/hu\\\/kik-vagyunk\\\/vallalatiranyitas\\\/magatartasi-kodex\\\/\"]}]},{\"@type\":\"BreadcrumbList\",\"@id\":\"https:\\\/\\\/www.ppcenergy.ro\\\/hu\\\/kik-vagyunk\\\/vallalatiranyitas\\\/magatartasi-kodex\\\/#breadcrumb\",\"itemListElement\":[{\"@type\":\"ListItem\",\"position\":1,\"name\":\"Home\",\"item\":\"https:\\\/\\\/www.ppcenergy.ro\\\/hu\\\/\"},{\"@type\":\"ListItem\",\"position\":2,\"name\":\"R\u00f3lunk\",\"item\":\"https:\\\/\\\/www.ppcenergy.ro\\\/hu\\\/kik-vagyunk\\\/\"},{\"@type\":\"ListItem\",\"position\":3,\"name\":\"V\u00e1llalatir\u00e1ny\u00edt\u00e1s\",\"item\":\"https:\\\/\\\/www.ppcenergy.ro\\\/hu\\\/kik-vagyunk\\\/vallalatiranyitas\\\/\"},{\"@type\":\"ListItem\",\"position\":4,\"name\":\"Magatart\u00e1si k\u00f3dex\"}]},{\"@type\":\"WebSite\",\"@id\":\"https:\\\/\\\/www.ppcenergy.ro\\\/#website\",\"url\":\"https:\\\/\\\/www.ppcenergy.ro\\\/\",\"name\":\"PPC\",\"description\":\"Energy\",\"publisher\":{\"@id\":\"https:\\\/\\\/www.ppcenergy.ro\\\/#organization\"},\"potentialAction\":[{\"@type\":\"SearchAction\",\"target\":{\"@type\":\"EntryPoint\",\"urlTemplate\":\"https:\\\/\\\/www.ppcenergy.ro\\\/?s={search_term_string}\"},\"query-input\":{\"@type\":\"PropertyValueSpecification\",\"valueRequired\":true,\"valueName\":\"search_term_string\"}}],\"inLanguage\":\"hu\"},{\"@type\":\"Organization\",\"@id\":\"https:\\\/\\\/www.ppcenergy.ro\\\/#organization\",\"name\":\"PPC\",\"url\":\"https:\\\/\\\/www.ppcenergy.ro\\\/\",\"logo\":{\"@type\":\"ImageObject\",\"inLanguage\":\"hu\",\"@id\":\"https:\\\/\\\/www.ppcenergy.ro\\\/#\\\/schema\\\/logo\\\/image\\\/\",\"url\":\"https:\\\/\\\/www.ppcenergy.ro\\\/wp-content\\\/uploads\\\/cropped-favicon.webp\",\"contentUrl\":\"https:\\\/\\\/www.ppcenergy.ro\\\/wp-content\\\/uploads\\\/cropped-favicon.webp\",\"width\":512,\"height\":512,\"caption\":\"PPC\"},\"image\":{\"@id\":\"https:\\\/\\\/www.ppcenergy.ro\\\/#\\\/schema\\\/logo\\\/image\\\/\"},\"sameAs\":[\"https:\\\/\\\/www.facebook.com\\\/ppcenergy\",\"https:\\\/\\\/x.com\\\/PPCEnergyRo\",\"https:\\\/\\\/www.instagram.com\\\/ppcenergyro\\\/\",\"https:\\\/\\\/www.youtube.com\\\/@PPCEnergy\",\"https:\\\/\\\/www.linkedin.com\\\/company\\\/ppc-energy\\\/\"]}]}<\/script>\n<!-- \/ Yoast SEO Premium plugin. -->","yoast_head_json":{"title":"Magatart\u00e1si k\u00f3dex - PPC","description":"Ismerje meg a PPC Csoport rom\u00e1niai v\u00e1llalatainak etikai \u00e9s integrit\u00e1si elveit.","robots":{"index":"index","follow":"follow","max-snippet":"max-snippet:-1","max-image-preview":"max-image-preview:large","max-video-preview":"max-video-preview:-1"},"canonical":"https:\/\/www.ppcenergy.ro\/hu\/kik-vagyunk\/vallalatiranyitas\/magatartasi-kodex\/","og_locale":"hu_HU","og_type":"article","og_title":"Magatart\u00e1si k\u00f3dex","og_description":"Ismerje meg a PPC Csoport rom\u00e1niai v\u00e1llalatainak etikai \u00e9s integrit\u00e1si elveit.","og_url":"https:\/\/www.ppcenergy.ro\/hu\/kik-vagyunk\/vallalatiranyitas\/magatartasi-kodex\/","og_site_name":"PPC","article_publisher":"https:\/\/www.facebook.com\/ppcenergy","article_modified_time":"2025-05-31T20:16:39+00:00","twitter_card":"summary_large_image","twitter_title":"Magatart\u00e1si k\u00f3dex","twitter_site":"@PPCEnergyRo","twitter_misc":{"Est. reading time":"1 perc"},"schema":{"@context":"https:\/\/schema.org","@graph":[{"@type":"WebPage","@id":"https:\/\/www.ppcenergy.ro\/hu\/kik-vagyunk\/vallalatiranyitas\/magatartasi-kodex\/","url":"https:\/\/www.ppcenergy.ro\/hu\/kik-vagyunk\/vallalatiranyitas\/magatartasi-kodex\/","name":"Magatart\u00e1si k\u00f3dex - PPC","isPartOf":{"@id":"https:\/\/www.ppcenergy.ro\/#website"},"datePublished":"2025-05-06T12:01:36+00:00","dateModified":"2025-05-31T20:16:39+00:00","description":"Ismerje meg a PPC Csoport rom\u00e1niai v\u00e1llalatainak etikai \u00e9s integrit\u00e1si elveit.","breadcrumb":{"@id":"https:\/\/www.ppcenergy.ro\/hu\/kik-vagyunk\/vallalatiranyitas\/magatartasi-kodex\/#breadcrumb"},"inLanguage":"hu","potentialAction":[{"@type":"ReadAction","target":["https:\/\/www.ppcenergy.ro\/hu\/kik-vagyunk\/vallalatiranyitas\/magatartasi-kodex\/"]}]},{"@type":"BreadcrumbList","@id":"https:\/\/www.ppcenergy.ro\/hu\/kik-vagyunk\/vallalatiranyitas\/magatartasi-kodex\/#breadcrumb","itemListElement":[{"@type":"ListItem","position":1,"name":"Home","item":"https:\/\/www.ppcenergy.ro\/hu\/"},{"@type":"ListItem","position":2,"name":"R\u00f3lunk","item":"https:\/\/www.ppcenergy.ro\/hu\/kik-vagyunk\/"},{"@type":"ListItem","position":3,"name":"V\u00e1llalatir\u00e1ny\u00edt\u00e1s","item":"https:\/\/www.ppcenergy.ro\/hu\/kik-vagyunk\/vallalatiranyitas\/"},{"@type":"ListItem","position":4,"name":"Magatart\u00e1si k\u00f3dex"}]},{"@type":"WebSite","@id":"https:\/\/www.ppcenergy.ro\/#website","url":"https:\/\/www.ppcenergy.ro\/","name":"PPC","description":"Energy","publisher":{"@id":"https:\/\/www.ppcenergy.ro\/#organization"},"potentialAction":[{"@type":"SearchAction","target":{"@type":"EntryPoint","urlTemplate":"https:\/\/www.ppcenergy.ro\/?s={search_term_string}"},"query-input":{"@type":"PropertyValueSpecification","valueRequired":true,"valueName":"search_term_string"}}],"inLanguage":"hu"},{"@type":"Organization","@id":"https:\/\/www.ppcenergy.ro\/#organization","name":"PPC","url":"https:\/\/www.ppcenergy.ro\/","logo":{"@type":"ImageObject","inLanguage":"hu","@id":"https:\/\/www.ppcenergy.ro\/#\/schema\/logo\/image\/","url":"https:\/\/www.ppcenergy.ro\/wp-content\/uploads\/cropped-favicon.webp","contentUrl":"https:\/\/www.ppcenergy.ro\/wp-content\/uploads\/cropped-favicon.webp","width":512,"height":512,"caption":"PPC"},"image":{"@id":"https:\/\/www.ppcenergy.ro\/#\/schema\/logo\/image\/"},"sameAs":["https:\/\/www.facebook.com\/ppcenergy","https:\/\/x.com\/PPCEnergyRo","https:\/\/www.instagram.com\/ppcenergyro\/","https:\/\/www.youtube.com\/@PPCEnergy","https:\/\/www.linkedin.com\/company\/ppc-energy\/"]}]}},"parsely":{"version":"1.1.0","canonical_url":"https:\/\/ppcenergy.ro\/hu\/kik-vagyunk\/vallalatiranyitas\/magatartasi-kodex\/","smart_links":{"inbound":0,"outbound":0},"traffic_boost_suggestions_count":0,"meta":{"@context":"https:\/\/schema.org","@type":"WebPage","headline":"Magatart\u00e1si k\u00f3dex","url":"https:\/\/www.ppcenergy.ro\/hu\/kik-vagyunk\/vallalatiranyitas\/magatartasi-kodex\/","mainEntityOfPage":{"@type":"WebPage","@id":"https:\/\/www.ppcenergy.ro\/hu\/kik-vagyunk\/vallalatiranyitas\/magatartasi-kodex\/"},"thumbnailUrl":"","image":{"@type":"ImageObject","url":""},"articleSection":"Uncategorized @hu","author":[{"@type":"Person","name":"Zvetlana Zaharia"}],"creator":["Zvetlana Zaharia"],"publisher":{"@type":"Organization","name":"PPC","logo":""},"keywords":[],"dateCreated":"2025-05-06T12:01:36Z","datePublished":"2025-05-06T12:01:36Z","dateModified":"2025-05-31T20:16:39Z"},"rendered":"<meta name=\"parsely-title\" content=\"Magatart\u00e1si k\u00f3dex\" \/>\n<meta name=\"parsely-link\" content=\"https:\/\/www.ppcenergy.ro\/hu\/kik-vagyunk\/vallalatiranyitas\/magatartasi-kodex\/\" \/>\n<meta name=\"parsely-type\" content=\"index\" \/>\n<meta name=\"parsely-pub-date\" content=\"2025-05-06T12:01:36Z\" \/>\n<meta name=\"parsely-section\" content=\"Uncategorized @hu\" \/>\n<meta name=\"parsely-author\" content=\"Zvetlana Zaharia\" \/>","tracker_url":"https:\/\/cdn.parsely.com\/keys\/ppcenergy.ro\/p.js"},"_links":{"self":[{"href":"https:\/\/www.ppcenergy.ro\/hu\/wp-json\/wp\/v2\/pages\/17790","targetHints":{"allow":["GET"]}}],"collection":[{"href":"https:\/\/www.ppcenergy.ro\/hu\/wp-json\/wp\/v2\/pages"}],"about":[{"href":"https:\/\/www.ppcenergy.ro\/hu\/wp-json\/wp\/v2\/types\/page"}],"author":[{"embeddable":true,"href":"https:\/\/www.ppcenergy.ro\/hu\/wp-json\/wp\/v2\/users\/14"}],"replies":[{"embeddable":true,"href":"https:\/\/www.ppcenergy.ro\/hu\/wp-json\/wp\/v2\/comments?post=17790"}],"version-history":[{"count":1,"href":"https:\/\/www.ppcenergy.ro\/hu\/wp-json\/wp\/v2\/pages\/17790\/revisions"}],"predecessor-version":[{"id":17792,"href":"https:\/\/www.ppcenergy.ro\/hu\/wp-json\/wp\/v2\/pages\/17790\/revisions\/17792"}],"up":[{"embeddable":true,"href":"https:\/\/www.ppcenergy.ro\/hu\/wp-json\/wp\/v2\/pages\/17109"}],"wp:attachment":[{"href":"https:\/\/www.ppcenergy.ro\/hu\/wp-json\/wp\/v2\/media?parent=17790"}],"curies":[{"name":"wp","href":"https:\/\/api.w.org\/{rel}","templated":true}]}}